{"id":1024,"date":"2019-05-03T15:00:29","date_gmt":"2019-05-03T14:00:29","guid":{"rendered":"http:\/\/www.serengetijoytours.cz\/?page_id=1024"},"modified":"2021-01-23T19:18:46","modified_gmt":"2021-01-23T18:18:46","slug":"seronera-nyani-campsite","status":"publish","type":"page","link":"https:\/\/www.kilimandzaro-safari.cz\/index.php\/ubytovani-v-tanzanii\/seronera-nyani-campsite\/","title":{"rendered":"Seronera Nyani Campsite"},"content":{"rendered":"\n<p>Adresa: Seronera, Tanzania<\/p>\n\n\n\n<p>Vzd\u00e1lenosti: 15 minut j\u00edzdy od Seronera Airstrip, 3 hodiny j\u00edzdy od kr\u00e1teru Ngorongoro a 5-6 hodin j\u00edzdy z Arushi. <\/p>\n\n\n\n<p>C\u00edlem Seronera Nyani Campsite je nab\u00eddnout jednoduch\u00e9 a cenov\u011b p\u0159ijateln\u00e9 ubytov\u00e1n\u00ed b\u011bhem va\u0161eho safari v n\u00e1rodn\u00edm parku Serengeti. Nyani je jedn\u00edm z n\u011bkolika men\u0161\u00edch neoplocen\u00fdch t\u00e1bo\u0159i\u0161\u0165, je\u017e jsou sou\u010d\u00e1st\u00ed skupiny Seronera campsites v Seronera River Valley v centr\u00e1ln\u00ed \u010d\u00e1sti parku Serengeti. Nach\u00e1z\u00ed se nedaleko turistick\u00e9ho informa\u010dn\u00edho centra v parku Serengeti. <\/p>\n\n\n\n<div class=\"wp-block-image\"><figure class=\"aligncenter is-resized\"><img loading=\"lazy\" decoding=\"async\" src=\"http:\/\/www.kilimandzaro-safari.cz\/wp-content\/uploads\/2019\/05\/Nyani-campsite-2-1024x604.jpg\" alt=\"Seronera Nyani Campsite\" class=\"wp-image-1030\" width=\"768\" height=\"453\" srcset=\"https:\/\/www.kilimandzaro-safari.cz\/wp-content\/uploads\/2019\/05\/Nyani-campsite-2-1024x604.jpg 1024w, https:\/\/www.kilimandzaro-safari.cz\/wp-content\/uploads\/2019\/05\/Nyani-campsite-2-300x177.jpg 300w, https:\/\/www.kilimandzaro-safari.cz\/wp-content\/uploads\/2019\/05\/Nyani-campsite-2-768x453.jpg 768w, https:\/\/www.kilimandzaro-safari.cz\/wp-content\/uploads\/2019\/05\/Nyani-campsite-2.jpg 1194w\" sizes=\"auto, (max-width: 768px) 100vw, 768px\" \/><figcaption>Seronera Nyani Campsite<\/figcaption><\/figure><\/div>\n\n\n\n<p>V Seronera Nyani Campsite si za p\u0159\u00edslu\u0161n\u00fd poplatek m\u016f\u017eete postavit vlastn\u00ed stan. V m\u00edst\u011b je k dispozici ve\u0159ejn\u00e9 WC a um\u00fdv\u00e1rna s tekouc\u00ed studenou vodou. <\/p>\n\n\n\n<div class=\"wp-block-image\"><figure class=\"aligncenter is-resized\"><img loading=\"lazy\" decoding=\"async\" src=\"http:\/\/www.kilimandzaro-safari.cz\/wp-content\/uploads\/2019\/05\/Nyani-facilities-1024x560.jpg\" alt=\"Seronera Nyani Campsite um\u00fdv\u00e1rny a z\u00e1chody.\" class=\"wp-image-1031\" width=\"512\" height=\"280\" srcset=\"https:\/\/www.kilimandzaro-safari.cz\/wp-content\/uploads\/2019\/05\/Nyani-facilities-1024x560.jpg 1024w, https:\/\/www.kilimandzaro-safari.cz\/wp-content\/uploads\/2019\/05\/Nyani-facilities-300x164.jpg 300w, https:\/\/www.kilimandzaro-safari.cz\/wp-content\/uploads\/2019\/05\/Nyani-facilities-768x420.jpg 768w, https:\/\/www.kilimandzaro-safari.cz\/wp-content\/uploads\/2019\/05\/Nyani-facilities.jpg 1149w\" sizes=\"auto, (max-width: 512px) 100vw, 512px\" \/><figcaption>Seronera Nyani Campsite um\u00fdv\u00e1rny a z\u00e1chody.<\/figcaption><\/figure><\/div>\n\n\n\n<p>Sou\u010d\u00e1st\u00ed are\u00e1lu je zd\u011bn\u00e1 budova na p\u0159\u00edpravu j\u00eddla a spole\u010dn\u00e1 j\u00eddelna.<\/p>\n\n\n\n<figure class=\"wp-block-gallery columns-3 is-cropped wp-block-gallery-1 is-layout-flex wp-block-gallery-is-layout-flex\"><ul class=\"blocks-gallery-grid\"><li class=\"blocks-gallery-item\"><figure><img loading=\"lazy\" decoding=\"async\" width=\"1024\" height=\"588\" src=\"http:\/\/www.kilimandzaro-safari.cz\/wp-content\/uploads\/2019\/05\/Nyani-eatery-1024x588.jpg\" alt=\"\" data-id=\"1032\" data-link=\"http:\/\/www.kilimandzaro-safari.cz\/?attachment_id=1032\" class=\"wp-image-1032\" srcset=\"https:\/\/www.kilimandzaro-safari.cz\/wp-content\/uploads\/2019\/05\/Nyani-eatery-1024x588.jpg 1024w, https:\/\/www.kilimandzaro-safari.cz\/wp-content\/uploads\/2019\/05\/Nyani-eatery-300x172.jpg 300w, https:\/\/www.kilimandzaro-safari.cz\/wp-content\/uploads\/2019\/05\/Nyani-eatery-768x441.jpg 768w, https:\/\/www.kilimandzaro-safari.cz\/wp-content\/uploads\/2019\/05\/Nyani-eatery.jpg 1145w\" sizes=\"auto, (max-width: 1024px) 100vw, 1024px\" \/><\/figure><\/li><li class=\"blocks-gallery-item\"><figure><img loading=\"lazy\" decoding=\"async\" width=\"1024\" height=\"602\" src=\"http:\/\/www.kilimandzaro-safari.cz\/wp-content\/uploads\/2019\/05\/Nyani-kitchen-2-1024x602.jpg\" alt=\"\" data-id=\"1033\" data-link=\"http:\/\/www.kilimandzaro-safari.cz\/?attachment_id=1033\" class=\"wp-image-1033\" srcset=\"https:\/\/www.kilimandzaro-safari.cz\/wp-content\/uploads\/2019\/05\/Nyani-kitchen-2-1024x602.jpg 1024w, https:\/\/www.kilimandzaro-safari.cz\/wp-content\/uploads\/2019\/05\/Nyani-kitchen-2-300x176.jpg 300w, https:\/\/www.kilimandzaro-safari.cz\/wp-content\/uploads\/2019\/05\/Nyani-kitchen-2-768x451.jpg 768w, https:\/\/www.kilimandzaro-safari.cz\/wp-content\/uploads\/2019\/05\/Nyani-kitchen-2.jpg 1111w\" sizes=\"auto, (max-width: 1024px) 100vw, 1024px\" \/><\/figure><\/li><li class=\"blocks-gallery-item\"><figure><img loading=\"lazy\" decoding=\"async\" width=\"956\" height=\"603\" src=\"http:\/\/www.kilimandzaro-safari.cz\/wp-content\/uploads\/2019\/05\/Nyani-kitchen.jpg\" alt=\"\" data-id=\"1034\" data-link=\"http:\/\/www.kilimandzaro-safari.cz\/?attachment_id=1034\" class=\"wp-image-1034\" srcset=\"https:\/\/www.kilimandzaro-safari.cz\/wp-content\/uploads\/2019\/05\/Nyani-kitchen.jpg 956w, https:\/\/www.kilimandzaro-safari.cz\/wp-content\/uploads\/2019\/05\/Nyani-kitchen-300x189.jpg 300w, https:\/\/www.kilimandzaro-safari.cz\/wp-content\/uploads\/2019\/05\/Nyani-kitchen-768x484.jpg 768w\" sizes=\"auto, (max-width: 956px) 100vw, 956px\" \/><\/figure><\/li><\/ul><\/figure>\n\n\n\n<p>K dispozici je elekt\u0159ina ze sol\u00e1rn\u00edch panel\u016f, kter\u00e1 nap\u00e1jen\u00ed osv\u011btlen\u00ed spole\u010dn\u00fdch prostor.<\/p>\n\n\n\n<p>V Seronera Nyani campsite neo\u010dek\u00e1vejte komfort, ale sp\u00ed\u0161e dobrodru\u017estv\u00ed a sep\u011bt\u00ed s p\u0159\u00edrodou. V noci za\u017eijete n\u00e1dhern\u00e9 zvuky Afriky v\u010detn\u011b pobl\u00ed\u017e chechtaj\u00edc\u00edch hyen a z\u00e1\u0159\u00edc\u00ed hv\u011bzdy nad v\u00e1mi. Vzhledem k tomu, \u017ee kemp nen\u00ed oplocen\u00fd, je t\u0159eba v noci dodr\u017eovat z\u00e1kladn\u00ed bezpe\u010dnostn\u00ed opat\u0159en\u00ed a pokyny va\u0161eho pr\u016fvodce.<\/p>\n\n\n\n<div class=\"wp-block-image\"><figure class=\"aligncenter is-resized\"><img loading=\"lazy\" decoding=\"async\" src=\"http:\/\/www.kilimandzaro-safari.cz\/wp-content\/uploads\/2019\/05\/Nyani-campsite.jpg\" alt=\"Seronera Nyani Campsite\" class=\"wp-image-1035\" width=\"497\" height=\"599\" srcset=\"https:\/\/www.kilimandzaro-safari.cz\/wp-content\/uploads\/2019\/05\/Nyani-campsite.jpg 662w, https:\/\/www.kilimandzaro-safari.cz\/wp-content\/uploads\/2019\/05\/Nyani-campsite-249x300.jpg 249w\" sizes=\"auto, (max-width: 497px) 100vw, 497px\" \/><figcaption>Seronera Nyani Campsite<\/figcaption><\/figure><\/div>\n\n\n\n<h2 class=\"wp-block-heading\" id=\"block-045f308a-62b2-475c-9fbf-7ef69937b0fb\">Nab\u00eddka safari<\/h2>\n\n\n\n<p id=\"block-179bd79a-44f1-40d8-964e-1c313a0c8864\">Pokud se zaj\u00edm\u00e1te o dovolenou v Tanzanii se safari v\u00fdlety, m\u016f\u017eete se pod\u00edvat na kompletn\u00ed <a href=\"https:\/\/www.kilimandzaro-safari.cz\/index.php\/vyberte-dovolenou\/safari-nejen-v-serengeti\/\"> nab\u00eddku standardn\u00edch safari program\u016f<\/span><\/a> od Meru Slopes.<\/p>\n\n\n\n<p id=\"block-0e016d40-695e-40e5-b706-6600730cba12\">Pokud by v\u00e1m nevyhovovaly na\u0161e standardn\u00ed safari programy, r\u00e1di v\u00e1m p\u0159iprav\u00edme program na m\u00edru, p\u0159esn\u011b podle va\u0161ich po\u017eadavk\u016f.<\/p>\n\n\n<div class=\"su-button-center\"><a href=\"https:\/\/www.kilimandzaro-safari.cz\/index.php\/kontaktujte-nas\/\" class=\"su-button su-button-style-default\" style=\"color:#FFFFFF;background-color:#D20A0A;border-color:#a80808;border-radius:3px\" target=\"_self\" title=\"M\u00e1m z\u00e1jem o nab\u00eddku na safari.\"><span style=\"color:#FFFFFF;padding:0px 22px;font-size:17px;line-height:34px;border-color:#e05454;border-radius:3px;text-shadow:none\"> M\u00c1M Z\u00c1JEM O NAB\u00cdDKU NA SAFARI <\/span><\/a><\/div>\n","protected":false},"excerpt":{"rendered":"<p>Adresa: Seronera, Tanzania Vzd\u00e1lenosti: 15 minut j\u00edzdy od Seronera Airstrip, 3 hodiny j\u00edzdy od kr\u00e1teru Ngorongoro a 5-6 hodin j\u00edzdy z Arushi. C\u00edlem Seronera Nyani Campsite je nab\u00eddnout jednoduch\u00e9 a cenov\u011b p\u0159ijateln\u00e9 ubytov\u00e1n\u00ed b\u011bhem va\u0161eho safari v n\u00e1rodn\u00edm parku Serengeti. Nyani je jedn\u00edm z n\u011bkolika men\u0161\u00edch neoplocen\u00fdch t\u00e1bo\u0159i\u0161\u0165, je\u017e jsou sou\u010d\u00e1st\u00ed skupiny Seronera campsites v&#8230;<\/p>\n","protected":false},"author":1,"featured_media":0,"parent":2300,"menu_order":10,"comment_status":"closed","ping_status":"closed","template":"","meta":{"_monsterinsights_skip_tracking":false,"_monsterinsights_sitenote_active":false,"_monsterinsights_sitenote_note":"","_monsterinsights_sitenote_category":0,"_kad_post_transparent":"","_kad_post_title":"","_kad_post_layout":"","_kad_post_sidebar_id":"","_kad_post_content_style":"","_kad_post_vertical_padding":"","_kad_post_feature":"","_kad_post_feature_position":"","_kad_post_header":false,"_kad_post_footer":false,"_kad_post_classname":"","jetpack_post_was_ever_published":false,"footnotes":""},"class_list":["post-1024","page","type-page","status-publish","hentry"],"yoast_head":"<!-- This site is optimized with the Yoast SEO plugin v27.5 - https:\/\/yoast.com\/product\/yoast-seo-wordpress\/ -->\n<title>Seronera Nyani Campsite - DOVOLEN\u00c1 V TANZANII<\/title>\n<meta name=\"robots\" content=\"index, follow, max-snippet:-1, max-image-preview:large, max-video-preview:-1\" \/>\n<link rel=\"canonical\" href=\"https:\/\/www.kilimandzaro-safari.cz\/index.php\/ubytovani-v-tanzanii\/seronera-nyani-campsite\/\" \/>\n<meta property=\"og:locale\" content=\"cs_CZ\" \/>\n<meta property=\"og:type\" content=\"article\" \/>\n<meta property=\"og:title\" content=\"Seronera Nyani Campsite - DOVOLEN\u00c1 V TANZANII\" \/>\n<meta property=\"og:description\" content=\"Adresa: Seronera, Tanzania Vzd\u00e1lenosti: 15 minut j\u00edzdy od Seronera Airstrip, 3 hodiny j\u00edzdy od kr\u00e1teru Ngorongoro a 5-6 hodin j\u00edzdy z Arushi. C\u00edlem Seronera Nyani Campsite je nab\u00eddnout jednoduch\u00e9 a cenov\u011b p\u0159ijateln\u00e9 ubytov\u00e1n\u00ed b\u011bhem va\u0161eho safari v n\u00e1rodn\u00edm parku Serengeti. Nyani je jedn\u00edm z n\u011bkolika men\u0161\u00edch neoplocen\u00fdch t\u00e1bo\u0159i\u0161\u0165, je\u017e jsou sou\u010d\u00e1st\u00ed skupiny Seronera campsites v...\" \/>\n<meta property=\"og:url\" content=\"https:\/\/www.kilimandzaro-safari.cz\/index.php\/ubytovani-v-tanzanii\/seronera-nyani-campsite\/\" \/>\n<meta property=\"og:site_name\" content=\"DOVOLEN\u00c1 V TANZANII\" \/>\n<meta property=\"article:modified_time\" content=\"2021-01-23T18:18:46+00:00\" \/>\n<meta property=\"og:image\" content=\"https:\/\/www.kilimandzaro-safari.cz\/wp-content\/uploads\/2019\/05\/Nyani-campsite-2.jpg\" \/>\n\t<meta property=\"og:image:width\" content=\"1194\" \/>\n\t<meta property=\"og:image:height\" content=\"704\" \/>\n\t<meta property=\"og:image:type\" content=\"image\/jpeg\" \/>\n<meta name=\"twitter:card\" content=\"summary_large_image\" \/>\n<meta name=\"twitter:label1\" content=\"Odhadovan\u00e1 doba \u010dten\u00ed\" \/>\n\t<meta name=\"twitter:data1\" content=\"3 minuty\" \/>\n<script type=\"application\/ld+json\" class=\"yoast-schema-graph\">{\"@context\":\"https:\\\/\\\/schema.org\",\"@graph\":[{\"@type\":\"WebPage\",\"@id\":\"https:\\\/\\\/www.kilimandzaro-safari.cz\\\/index.php\\\/ubytovani-v-tanzanii\\\/seronera-nyani-campsite\\\/\",\"url\":\"https:\\\/\\\/www.kilimandzaro-safari.cz\\\/index.php\\\/ubytovani-v-tanzanii\\\/seronera-nyani-campsite\\\/\",\"name\":\"Seronera Nyani Campsite - DOVOLEN\u00c1 V TANZANII\",\"isPartOf\":{\"@id\":\"https:\\\/\\\/www.kilimandzaro-safari.cz\\\/#website\"},\"primaryImageOfPage\":{\"@id\":\"https:\\\/\\\/www.kilimandzaro-safari.cz\\\/index.php\\\/ubytovani-v-tanzanii\\\/seronera-nyani-campsite\\\/#primaryimage\"},\"image\":{\"@id\":\"https:\\\/\\\/www.kilimandzaro-safari.cz\\\/index.php\\\/ubytovani-v-tanzanii\\\/seronera-nyani-campsite\\\/#primaryimage\"},\"thumbnailUrl\":\"http:\\\/\\\/www.kilimandzaro-safari.cz\\\/wp-content\\\/uploads\\\/2019\\\/05\\\/Nyani-campsite-2-1024x604.jpg\",\"datePublished\":\"2019-05-03T14:00:29+00:00\",\"dateModified\":\"2021-01-23T18:18:46+00:00\",\"breadcrumb\":{\"@id\":\"https:\\\/\\\/www.kilimandzaro-safari.cz\\\/index.php\\\/ubytovani-v-tanzanii\\\/seronera-nyani-campsite\\\/#breadcrumb\"},\"inLanguage\":\"cs\",\"potentialAction\":[{\"@type\":\"ReadAction\",\"target\":[\"https:\\\/\\\/www.kilimandzaro-safari.cz\\\/index.php\\\/ubytovani-v-tanzanii\\\/seronera-nyani-campsite\\\/\"]}]},{\"@type\":\"ImageObject\",\"inLanguage\":\"cs\",\"@id\":\"https:\\\/\\\/www.kilimandzaro-safari.cz\\\/index.php\\\/ubytovani-v-tanzanii\\\/seronera-nyani-campsite\\\/#primaryimage\",\"url\":\"https:\\\/\\\/www.kilimandzaro-safari.cz\\\/wp-content\\\/uploads\\\/2019\\\/05\\\/Nyani-campsite-2.jpg\",\"contentUrl\":\"https:\\\/\\\/www.kilimandzaro-safari.cz\\\/wp-content\\\/uploads\\\/2019\\\/05\\\/Nyani-campsite-2.jpg\",\"width\":1194,\"height\":704,\"caption\":\"Seronera Nyani campsite\"},{\"@type\":\"BreadcrumbList\",\"@id\":\"https:\\\/\\\/www.kilimandzaro-safari.cz\\\/index.php\\\/ubytovani-v-tanzanii\\\/seronera-nyani-campsite\\\/#breadcrumb\",\"itemListElement\":[{\"@type\":\"ListItem\",\"position\":1,\"name\":\"Dom\u016f\",\"item\":\"https:\\\/\\\/www.kilimandzaro-safari.cz\\\/\"},{\"@type\":\"ListItem\",\"position\":2,\"name\":\"Ubytov\u00e1n\u00ed v Tanzanii\",\"item\":\"https:\\\/\\\/www.kilimandzaro-safari.cz\\\/index.php\\\/ubytovani-v-tanzanii\\\/\"},{\"@type\":\"ListItem\",\"position\":3,\"name\":\"Seronera Nyani Campsite\"}]},{\"@type\":\"WebSite\",\"@id\":\"https:\\\/\\\/www.kilimandzaro-safari.cz\\\/#website\",\"url\":\"https:\\\/\\\/www.kilimandzaro-safari.cz\\\/\",\"name\":\"DOVOLEN\u00c1 V TANZANII\",\"description\":\"Exotick\u00e1 dovolen\u00e1 v Tanzanii za atraktivn\u00ed ceny od m\u00edstn\u00ed CK. V\u00fdstup na Kilimand\u017e\u00e1ro a Mt. Meru, safari v Serengeti, Ngorongoro a dal\u0161\u00edch parc\u00edch, trek za \u0161impanzi, n\u00e1v\u0161t\u011bva Masaj\u016f i pobyt na kr\u00e1sn\u00fdch pl\u00e1\u017e\u00edch ostrova Zanzibar. Program na m\u00edru.\",\"publisher\":{\"@id\":\"https:\\\/\\\/www.kilimandzaro-safari.cz\\\/#organization\"},\"potentialAction\":[{\"@type\":\"SearchAction\",\"target\":{\"@type\":\"EntryPoint\",\"urlTemplate\":\"https:\\\/\\\/www.kilimandzaro-safari.cz\\\/?s={search_term_string}\"},\"query-input\":{\"@type\":\"PropertyValueSpecification\",\"valueRequired\":true,\"valueName\":\"search_term_string\"}}],\"inLanguage\":\"cs\"},{\"@type\":\"Organization\",\"@id\":\"https:\\\/\\\/www.kilimandzaro-safari.cz\\\/#organization\",\"name\":\"DOVOLEN\u00c1 V TANZANII\",\"url\":\"https:\\\/\\\/www.kilimandzaro-safari.cz\\\/\",\"logo\":{\"@type\":\"ImageObject\",\"inLanguage\":\"cs\",\"@id\":\"https:\\\/\\\/www.kilimandzaro-safari.cz\\\/#\\\/schema\\\/logo\\\/image\\\/\",\"url\":\"https:\\\/\\\/www.kilimandzaro-safari.cz\\\/wp-content\\\/uploads\\\/2025\\\/02\\\/rsz_merulogo.jpg\",\"contentUrl\":\"https:\\\/\\\/www.kilimandzaro-safari.cz\\\/wp-content\\\/uploads\\\/2025\\\/02\\\/rsz_merulogo.jpg\",\"width\":782,\"height\":381,\"caption\":\"DOVOLEN\u00c1 V TANZANII\"},\"image\":{\"@id\":\"https:\\\/\\\/www.kilimandzaro-safari.cz\\\/#\\\/schema\\\/logo\\\/image\\\/\"}}]}<\/script>\n<!-- \/ Yoast SEO plugin. -->","yoast_head_json":{"title":"Seronera Nyani Campsite - DOVOLEN\u00c1 V TANZANII","robots":{"index":"index","follow":"follow","max-snippet":"max-snippet:-1","max-image-preview":"max-image-preview:large","max-video-preview":"max-video-preview:-1"},"canonical":"https:\/\/www.kilimandzaro-safari.cz\/index.php\/ubytovani-v-tanzanii\/seronera-nyani-campsite\/","og_locale":"cs_CZ","og_type":"article","og_title":"Seronera Nyani Campsite - DOVOLEN\u00c1 V TANZANII","og_description":"Adresa: Seronera, Tanzania Vzd\u00e1lenosti: 15 minut j\u00edzdy od Seronera Airstrip, 3 hodiny j\u00edzdy od kr\u00e1teru Ngorongoro a 5-6 hodin j\u00edzdy z Arushi. C\u00edlem Seronera Nyani Campsite je nab\u00eddnout jednoduch\u00e9 a cenov\u011b p\u0159ijateln\u00e9 ubytov\u00e1n\u00ed b\u011bhem va\u0161eho safari v n\u00e1rodn\u00edm parku Serengeti. Nyani je jedn\u00edm z n\u011bkolika men\u0161\u00edch neoplocen\u00fdch t\u00e1bo\u0159i\u0161\u0165, je\u017e jsou sou\u010d\u00e1st\u00ed skupiny Seronera campsites v...","og_url":"https:\/\/www.kilimandzaro-safari.cz\/index.php\/ubytovani-v-tanzanii\/seronera-nyani-campsite\/","og_site_name":"DOVOLEN\u00c1 V TANZANII","article_modified_time":"2021-01-23T18:18:46+00:00","og_image":[{"width":1194,"height":704,"url":"https:\/\/www.kilimandzaro-safari.cz\/wp-content\/uploads\/2019\/05\/Nyani-campsite-2.jpg","type":"image\/jpeg"}],"twitter_card":"summary_large_image","twitter_misc":{"Odhadovan\u00e1 doba \u010dten\u00ed":"3 minuty"},"schema":{"@context":"https:\/\/schema.org","@graph":[{"@type":"WebPage","@id":"https:\/\/www.kilimandzaro-safari.cz\/index.php\/ubytovani-v-tanzanii\/seronera-nyani-campsite\/","url":"https:\/\/www.kilimandzaro-safari.cz\/index.php\/ubytovani-v-tanzanii\/seronera-nyani-campsite\/","name":"Seronera Nyani Campsite - DOVOLEN\u00c1 V TANZANII","isPartOf":{"@id":"https:\/\/www.kilimandzaro-safari.cz\/#website"},"primaryImageOfPage":{"@id":"https:\/\/www.kilimandzaro-safari.cz\/index.php\/ubytovani-v-tanzanii\/seronera-nyani-campsite\/#primaryimage"},"image":{"@id":"https:\/\/www.kilimandzaro-safari.cz\/index.php\/ubytovani-v-tanzanii\/seronera-nyani-campsite\/#primaryimage"},"thumbnailUrl":"http:\/\/www.kilimandzaro-safari.cz\/wp-content\/uploads\/2019\/05\/Nyani-campsite-2-1024x604.jpg","datePublished":"2019-05-03T14:00:29+00:00","dateModified":"2021-01-23T18:18:46+00:00","breadcrumb":{"@id":"https:\/\/www.kilimandzaro-safari.cz\/index.php\/ubytovani-v-tanzanii\/seronera-nyani-campsite\/#breadcrumb"},"inLanguage":"cs","potentialAction":[{"@type":"ReadAction","target":["https:\/\/www.kilimandzaro-safari.cz\/index.php\/ubytovani-v-tanzanii\/seronera-nyani-campsite\/"]}]},{"@type":"ImageObject","inLanguage":"cs","@id":"https:\/\/www.kilimandzaro-safari.cz\/index.php\/ubytovani-v-tanzanii\/seronera-nyani-campsite\/#primaryimage","url":"https:\/\/www.kilimandzaro-safari.cz\/wp-content\/uploads\/2019\/05\/Nyani-campsite-2.jpg","contentUrl":"https:\/\/www.kilimandzaro-safari.cz\/wp-content\/uploads\/2019\/05\/Nyani-campsite-2.jpg","width":1194,"height":704,"caption":"Seronera Nyani campsite"},{"@type":"BreadcrumbList","@id":"https:\/\/www.kilimandzaro-safari.cz\/index.php\/ubytovani-v-tanzanii\/seronera-nyani-campsite\/#breadcrumb","itemListElement":[{"@type":"ListItem","position":1,"name":"Dom\u016f","item":"https:\/\/www.kilimandzaro-safari.cz\/"},{"@type":"ListItem","position":2,"name":"Ubytov\u00e1n\u00ed v Tanzanii","item":"https:\/\/www.kilimandzaro-safari.cz\/index.php\/ubytovani-v-tanzanii\/"},{"@type":"ListItem","position":3,"name":"Seronera Nyani Campsite"}]},{"@type":"WebSite","@id":"https:\/\/www.kilimandzaro-safari.cz\/#website","url":"https:\/\/www.kilimandzaro-safari.cz\/","name":"DOVOLEN\u00c1 V TANZANII","description":"Exotick\u00e1 dovolen\u00e1 v Tanzanii za atraktivn\u00ed ceny od m\u00edstn\u00ed CK. V\u00fdstup na Kilimand\u017e\u00e1ro a Mt. Meru, safari v Serengeti, Ngorongoro a dal\u0161\u00edch parc\u00edch, trek za \u0161impanzi, n\u00e1v\u0161t\u011bva Masaj\u016f i pobyt na kr\u00e1sn\u00fdch pl\u00e1\u017e\u00edch ostrova Zanzibar. Program na m\u00edru.","publisher":{"@id":"https:\/\/www.kilimandzaro-safari.cz\/#organization"},"potentialAction":[{"@type":"SearchAction","target":{"@type":"EntryPoint","urlTemplate":"https:\/\/www.kilimandzaro-safari.cz\/?s={search_term_string}"},"query-input":{"@type":"PropertyValueSpecification","valueRequired":true,"valueName":"search_term_string"}}],"inLanguage":"cs"},{"@type":"Organization","@id":"https:\/\/www.kilimandzaro-safari.cz\/#organization","name":"DOVOLEN\u00c1 V TANZANII","url":"https:\/\/www.kilimandzaro-safari.cz\/","logo":{"@type":"ImageObject","inLanguage":"cs","@id":"https:\/\/www.kilimandzaro-safari.cz\/#\/schema\/logo\/image\/","url":"https:\/\/www.kilimandzaro-safari.cz\/wp-content\/uploads\/2025\/02\/rsz_merulogo.jpg","contentUrl":"https:\/\/www.kilimandzaro-safari.cz\/wp-content\/uploads\/2025\/02\/rsz_merulogo.jpg","width":782,"height":381,"caption":"DOVOLEN\u00c1 V TANZANII"},"image":{"@id":"https:\/\/www.kilimandzaro-safari.cz\/#\/schema\/logo\/image\/"}}]}},"jetpack_sharing_enabled":true,"jetpack_shortlink":"https:\/\/wp.me\/PapSWj-gw","_links":{"self":[{"href":"https:\/\/www.kilimandzaro-safari.cz\/index.php\/wp-json\/wp\/v2\/pages\/1024","targetHints":{"allow":["GET"]}}],"collection":[{"href":"https:\/\/www.kilimandzaro-safari.cz\/index.php\/wp-json\/wp\/v2\/pages"}],"about":[{"href":"https:\/\/www.kilimandzaro-safari.cz\/index.php\/wp-json\/wp\/v2\/types\/page"}],"author":[{"embeddable":true,"href":"https:\/\/www.kilimandzaro-safari.cz\/index.php\/wp-json\/wp\/v2\/users\/1"}],"replies":[{"embeddable":true,"href":"https:\/\/www.kilimandzaro-safari.cz\/index.php\/wp-json\/wp\/v2\/comments?post=1024"}],"version-history":[{"count":12,"href":"https:\/\/www.kilimandzaro-safari.cz\/index.php\/wp-json\/wp\/v2\/pages\/1024\/revisions"}],"predecessor-version":[{"id":3890,"href":"https:\/\/www.kilimandzaro-safari.cz\/index.php\/wp-json\/wp\/v2\/pages\/1024\/revisions\/3890"}],"up":[{"embeddable":true,"href":"https:\/\/www.kilimandzaro-safari.cz\/index.php\/wp-json\/wp\/v2\/pages\/2300"}],"wp:attachment":[{"href":"https:\/\/www.kilimandzaro-safari.cz\/index.php\/wp-json\/wp\/v2\/media?parent=1024"}],"curies":[{"name":"wp","href":"https:\/\/api.w.org\/{rel}","templated":true}]}}