{"id":1206,"date":"2019-05-12T09:48:28","date_gmt":"2019-05-12T08:48:28","guid":{"rendered":"http:\/\/www.serengetijoytours.cz\/?page_id=1206"},"modified":"2023-06-08T23:53:50","modified_gmt":"2023-06-08T22:53:50","slug":"kubu-kubu-tented-lodge","status":"publish","type":"page","link":"https:\/\/www.kilimandzaro-safari.cz\/index.php\/ubytovani-v-tanzanii\/kubu-kubu-tented-lodge\/","title":{"rendered":"Kubu Kubu Tented Lodge"},"content":{"rendered":"\n<p>Adresa: Serengeti National Park, Seronera &#8211; Serengeti National Park 82701, Tanzania <\/p>\n\n\n\n<p>Vzd\u00e1lenosti: 15 minut j\u00edzdy od Seronera Airstrip, 2-3 hodiny j\u00edzdy od kr\u00e1teru Ngorongoro a 5-6 hodin j\u00edzdy z Arushi.<\/p>\n\n\n\n<p>Kubu Kubu Tented Lodge nab\u00edz\u00ed autentick\u00e9 a sou\u010dasn\u011b komfortn\u00ed ubytov\u00e1n\u00ed ve stanov\u00fdch chatk\u00e1ch v centr\u00e1ln\u00ed \u010d\u00e1sti n\u00e1rodn\u00edho parku Serenegeti. Nach\u00e1z\u00ed se nedaleko turistick\u00e9ho informa\u010dn\u00edho centra v parku Serengeti.<\/p>\n\n\n\n<figure class=\"wp-block-image\"><img loading=\"lazy\" decoding=\"async\" width=\"1024\" height=\"530\" src=\"http:\/\/www.kilimandzaro-safari.cz\/wp-content\/uploads\/2019\/05\/Kemp-3-1024x530.jpg\" alt=\"Kubu Kubu Tented Lodge\" class=\"wp-image-1215\" srcset=\"https:\/\/www.kilimandzaro-safari.cz\/wp-content\/uploads\/2019\/05\/Kemp-3-1024x530.jpg 1024w, https:\/\/www.kilimandzaro-safari.cz\/wp-content\/uploads\/2019\/05\/Kemp-3-300x155.jpg 300w, https:\/\/www.kilimandzaro-safari.cz\/wp-content\/uploads\/2019\/05\/Kemp-3-768x397.jpg 768w, https:\/\/www.kilimandzaro-safari.cz\/wp-content\/uploads\/2019\/05\/Kemp-3.jpg 1170w\" sizes=\"auto, (max-width: 1024px) 100vw, 1024px\" \/><\/figure>\n\n\n\n<p>V Kubu Kubu Tented Lodge m\u016f\u017eete po\u010d\u00edtat s prostorn\u00fdmi a komfortn\u011b za\u0159\u00edzen\u00fdmi stanov\u00fdmi chatkami, dobr\u00fdm j\u00eddlem, ochotn\u00fdm person\u00e1lem, spolehliv\u00fdm zdrojem elektrick\u00e9 energie a WIFI p\u0159ipojen\u00edm.<\/p>\n\n\n\n<figure class=\"wp-block-gallery has-nested-images columns-default is-cropped wp-block-gallery-1 is-layout-flex wp-block-gallery-is-layout-flex\">\n<figure class=\"wp-block-image size-large\"><img loading=\"lazy\" decoding=\"async\" width=\"550\" height=\"364\" data-id=\"1211\" src=\"https:\/\/www.kilimandzaro-safari.cz\/wp-content\/uploads\/2019\/05\/Kemp.jpg\" alt=\"Kubu Kubu Tented Lodge\" class=\"wp-image-1211\" srcset=\"https:\/\/www.kilimandzaro-safari.cz\/wp-content\/uploads\/2019\/05\/Kemp.jpg 550w, https:\/\/www.kilimandzaro-safari.cz\/wp-content\/uploads\/2019\/05\/Kemp-300x199.jpg 300w\" sizes=\"auto, (max-width: 550px) 100vw, 550px\" \/><\/figure>\n\n\n\n<figure class=\"wp-block-image size-large\"><img loading=\"lazy\" decoding=\"async\" width=\"550\" height=\"366\" data-id=\"1210\" src=\"https:\/\/www.kilimandzaro-safari.cz\/wp-content\/uploads\/2019\/05\/Kemp-2.jpg\" alt=\"Kubu Kubu Tented Lodge\" class=\"wp-image-1210\" srcset=\"https:\/\/www.kilimandzaro-safari.cz\/wp-content\/uploads\/2019\/05\/Kemp-2.jpg 550w, https:\/\/www.kilimandzaro-safari.cz\/wp-content\/uploads\/2019\/05\/Kemp-2-300x200.jpg 300w, https:\/\/www.kilimandzaro-safari.cz\/wp-content\/uploads\/2019\/05\/Kemp-2-330x220.jpg 330w\" sizes=\"auto, (max-width: 550px) 100vw, 550px\" \/><\/figure>\n<\/figure>\n\n\n\n<p>Stanov\u00e9 chatky nab\u00edz\u00ed dostatek m\u00edsta, pohodln\u00e9 postele (jedna velk\u00e1 nebo dv\u011b men\u0161\u00ed) a priv\u00e1tn\u00ed koupelnu se z\u00e1chodem. Samoz\u0159ejmost\u00ed jsou moskyti\u00e9ry na postelemi.<\/p>\n\n\n\n<figure class=\"wp-block-gallery has-nested-images columns-default is-cropped wp-block-gallery-2 is-layout-flex wp-block-gallery-is-layout-flex\">\n<figure class=\"wp-block-image size-large\"><img loading=\"lazy\" decoding=\"async\" width=\"660\" height=\"439\" data-id=\"1216\" src=\"https:\/\/www.kilimandzaro-safari.cz\/wp-content\/uploads\/2019\/05\/Pokoj-1.jpg\" alt=\"Kubu Kubu Tented Lodge\" class=\"wp-image-1216\" srcset=\"https:\/\/www.kilimandzaro-safari.cz\/wp-content\/uploads\/2019\/05\/Pokoj-1.jpg 660w, https:\/\/www.kilimandzaro-safari.cz\/wp-content\/uploads\/2019\/05\/Pokoj-1-300x200.jpg 300w, https:\/\/www.kilimandzaro-safari.cz\/wp-content\/uploads\/2019\/05\/Pokoj-1-330x220.jpg 330w\" sizes=\"auto, (max-width: 660px) 100vw, 660px\" \/><\/figure>\n\n\n\n<figure class=\"wp-block-image size-large\"><img loading=\"lazy\" decoding=\"async\" width=\"900\" height=\"599\" data-id=\"1220\" src=\"https:\/\/www.kilimandzaro-safari.cz\/wp-content\/uploads\/2019\/05\/Pokoj-2-1.jpg\" alt=\"Kubu Kubu Tented Lodge\" class=\"wp-image-1220\" srcset=\"https:\/\/www.kilimandzaro-safari.cz\/wp-content\/uploads\/2019\/05\/Pokoj-2-1.jpg 900w, https:\/\/www.kilimandzaro-safari.cz\/wp-content\/uploads\/2019\/05\/Pokoj-2-1-300x200.jpg 300w, https:\/\/www.kilimandzaro-safari.cz\/wp-content\/uploads\/2019\/05\/Pokoj-2-1-768x511.jpg 768w, https:\/\/www.kilimandzaro-safari.cz\/wp-content\/uploads\/2019\/05\/Pokoj-2-1-330x220.jpg 330w\" sizes=\"auto, (max-width: 900px) 100vw, 900px\" \/><\/figure>\n<\/figure>\n\n\n\n<p>Pokoje jsou napojeny na venkovn\u00ed terasu, d\u00edky kter\u00e9 m\u016f\u017eete p\u0159\u00edmo z pohodl\u00ed va\u0161eho pokoje pozorovat nedaleko se pohybuj\u00edc\u00ed divok\u00e1 zv\u00ed\u0159ata.  <\/p>\n\n\n\n<figure class=\"wp-block-gallery has-nested-images columns-default is-cropped wp-block-gallery-3 is-layout-flex wp-block-gallery-is-layout-flex\">\n<figure class=\"wp-block-image size-large\"><img loading=\"lazy\" decoding=\"async\" width=\"900\" height=\"599\" data-id=\"1223\" src=\"https:\/\/www.kilimandzaro-safari.cz\/wp-content\/uploads\/2019\/05\/Terasa-3.jpg\" alt=\"Kubu Kubu Tented Lodge\" class=\"wp-image-1223\" srcset=\"https:\/\/www.kilimandzaro-safari.cz\/wp-content\/uploads\/2019\/05\/Terasa-3.jpg 900w, https:\/\/www.kilimandzaro-safari.cz\/wp-content\/uploads\/2019\/05\/Terasa-3-300x200.jpg 300w, https:\/\/www.kilimandzaro-safari.cz\/wp-content\/uploads\/2019\/05\/Terasa-3-768x511.jpg 768w, https:\/\/www.kilimandzaro-safari.cz\/wp-content\/uploads\/2019\/05\/Terasa-3-330x220.jpg 330w\" sizes=\"auto, (max-width: 900px) 100vw, 900px\" \/><\/figure>\n\n\n\n<figure class=\"wp-block-image size-large\"><img loading=\"lazy\" decoding=\"async\" width=\"550\" height=\"366\" data-id=\"1222\" src=\"https:\/\/www.kilimandzaro-safari.cz\/wp-content\/uploads\/2019\/05\/Terasa-2.jpg\" alt=\"Kubu Kubu Tented Lodge\" class=\"wp-image-1222\" srcset=\"https:\/\/www.kilimandzaro-safari.cz\/wp-content\/uploads\/2019\/05\/Terasa-2.jpg 550w, https:\/\/www.kilimandzaro-safari.cz\/wp-content\/uploads\/2019\/05\/Terasa-2-300x200.jpg 300w, https:\/\/www.kilimandzaro-safari.cz\/wp-content\/uploads\/2019\/05\/Terasa-2-330x220.jpg 330w\" sizes=\"auto, (max-width: 550px) 100vw, 550px\" \/><\/figure>\n<\/figure>\n\n\n\n<p>Krom\u011b klasick\u00e9 koupelny jsou chatky vybaveny tak\u00e9 zaj\u00edmavou venkovn\u00ed sprchou, kter\u00e1 umoc\u0148uje pocit spojen\u00ed s africkou p\u0159\u00edrodou <\/p>\n\n\n\n<figure class=\"wp-block-gallery has-nested-images columns-default is-cropped wp-block-gallery-4 is-layout-flex wp-block-gallery-is-layout-flex\">\n<figure class=\"wp-block-image size-large\"><img loading=\"lazy\" decoding=\"async\" width=\"900\" height=\"599\" data-id=\"1229\" src=\"https:\/\/www.kilimandzaro-safari.cz\/wp-content\/uploads\/2019\/05\/Koupelna-3.jpg\" alt=\"Kubu Kubu Tented Lodge\" class=\"wp-image-1229\" srcset=\"https:\/\/www.kilimandzaro-safari.cz\/wp-content\/uploads\/2019\/05\/Koupelna-3.jpg 900w, https:\/\/www.kilimandzaro-safari.cz\/wp-content\/uploads\/2019\/05\/Koupelna-3-300x200.jpg 300w, https:\/\/www.kilimandzaro-safari.cz\/wp-content\/uploads\/2019\/05\/Koupelna-3-768x511.jpg 768w, https:\/\/www.kilimandzaro-safari.cz\/wp-content\/uploads\/2019\/05\/Koupelna-3-330x220.jpg 330w\" sizes=\"auto, (max-width: 900px) 100vw, 900px\" \/><figcaption class=\"wp-element-caption\">Koupelna<\/figcaption><\/figure>\n\n\n\n<figure class=\"wp-block-image size-large\"><img loading=\"lazy\" decoding=\"async\" width=\"832\" height=\"468\" data-id=\"1217\" src=\"https:\/\/www.kilimandzaro-safari.cz\/wp-content\/uploads\/2019\/05\/Venkovni-sprcha-2.jpg\" alt=\"Kubu Kubu Tented Lodge\" class=\"wp-image-1217\" srcset=\"https:\/\/www.kilimandzaro-safari.cz\/wp-content\/uploads\/2019\/05\/Venkovni-sprcha-2.jpg 832w, https:\/\/www.kilimandzaro-safari.cz\/wp-content\/uploads\/2019\/05\/Venkovni-sprcha-2-300x169.jpg 300w, https:\/\/www.kilimandzaro-safari.cz\/wp-content\/uploads\/2019\/05\/Venkovni-sprcha-2-768x432.jpg 768w\" sizes=\"auto, (max-width: 832px) 100vw, 832px\" \/><figcaption class=\"wp-element-caption\">Venkovn\u00ed sprcha<\/figcaption><\/figure>\n<\/figure>\n\n\n\n<p>Ve\u010der po skon\u010den\u00ed safari a nebo i kdykoliv v pr\u016fb\u011bhu cel\u00e9ho dne se m\u016f\u017eete pono\u0159it do venkovn\u00ed baz\u00e9nu a relaxovat za sou\u010dasn\u00e9 pozorov\u00e1n\u00ed africk\u00e9 p\u0159\u00edrody.<\/p>\n\n\n\n<figure class=\"wp-block-gallery has-nested-images columns-default is-cropped wp-block-gallery-5 is-layout-flex wp-block-gallery-is-layout-flex\">\n<figure class=\"wp-block-image size-large\"><img loading=\"lazy\" decoding=\"async\" width=\"660\" height=\"439\" data-id=\"1213\" src=\"https:\/\/www.kilimandzaro-safari.cz\/wp-content\/uploads\/2019\/05\/Bazen.jpg\" alt=\"Kubu Kubu Tented Lodge\" class=\"wp-image-1213\" srcset=\"https:\/\/www.kilimandzaro-safari.cz\/wp-content\/uploads\/2019\/05\/Bazen.jpg 660w, https:\/\/www.kilimandzaro-safari.cz\/wp-content\/uploads\/2019\/05\/Bazen-300x200.jpg 300w, https:\/\/www.kilimandzaro-safari.cz\/wp-content\/uploads\/2019\/05\/Bazen-330x220.jpg 330w\" sizes=\"auto, (max-width: 660px) 100vw, 660px\" \/><\/figure>\n\n\n\n<figure class=\"wp-block-image size-large\"><img loading=\"lazy\" decoding=\"async\" width=\"660\" height=\"439\" data-id=\"1228\" src=\"https:\/\/www.kilimandzaro-safari.cz\/wp-content\/uploads\/2019\/05\/Bazen-2.jpg\" alt=\"Kubu Kubu Tented Lodge\" class=\"wp-image-1228\" srcset=\"https:\/\/www.kilimandzaro-safari.cz\/wp-content\/uploads\/2019\/05\/Bazen-2.jpg 660w, https:\/\/www.kilimandzaro-safari.cz\/wp-content\/uploads\/2019\/05\/Bazen-2-300x200.jpg 300w, https:\/\/www.kilimandzaro-safari.cz\/wp-content\/uploads\/2019\/05\/Bazen-2-330x220.jpg 330w\" sizes=\"auto, (max-width: 660px) 100vw, 660px\" \/><\/figure>\n<\/figure>\n\n\n\n<p>V are\u00e1lu se nach\u00e1z\u00ed r\u016fzn\u00e9 spole\u010dn\u00e9 prostory, jako t\u0159eba spole\u010densk\u00e1 m\u00edstnost, restaurace, j\u00eddelna a venkovn\u00ed posezen\u00ed s ohni\u0161t\u011bm, vyb\u00edzej\u00edc\u00ed k sezn\u00e1men\u00ed se s ostatn\u00edmi turisty a k v\u00fdm\u011bn\u011b z\u00e1\u017eitk\u016f z pr\u00e1v\u011b uplynul\u00e9ho dne.  K dispozici je v pr\u016fb\u011bhu cel\u00e9ho dne velk\u00fd v\u00fdb\u011br j\u00eddel a n\u00e1poj\u016f.  <\/p>\n\n\n\n<figure class=\"wp-block-gallery has-nested-images columns-default is-cropped wp-block-gallery-6 is-layout-flex wp-block-gallery-is-layout-flex\">\n<figure class=\"wp-block-image size-large\"><img loading=\"lazy\" decoding=\"async\" width=\"900\" height=\"599\" data-id=\"1230\" src=\"https:\/\/www.kilimandzaro-safari.cz\/wp-content\/uploads\/2019\/05\/Spolecne.jpg\" alt=\"Kubu Kubu Tented Lodge\" class=\"wp-image-1230\" srcset=\"https:\/\/www.kilimandzaro-safari.cz\/wp-content\/uploads\/2019\/05\/Spolecne.jpg 900w, https:\/\/www.kilimandzaro-safari.cz\/wp-content\/uploads\/2019\/05\/Spolecne-300x200.jpg 300w, https:\/\/www.kilimandzaro-safari.cz\/wp-content\/uploads\/2019\/05\/Spolecne-768x511.jpg 768w, https:\/\/www.kilimandzaro-safari.cz\/wp-content\/uploads\/2019\/05\/Spolecne-330x220.jpg 330w\" sizes=\"auto, (max-width: 900px) 100vw, 900px\" \/><\/figure>\n\n\n\n<figure class=\"wp-block-image size-large\"><img loading=\"lazy\" decoding=\"async\" width=\"660\" height=\"439\" data-id=\"1214\" src=\"https:\/\/www.kilimandzaro-safari.cz\/wp-content\/uploads\/2019\/05\/Jidelna-1.jpg\" alt=\"Kubu Kubu Tented Lodge\" class=\"wp-image-1214\" srcset=\"https:\/\/www.kilimandzaro-safari.cz\/wp-content\/uploads\/2019\/05\/Jidelna-1.jpg 660w, https:\/\/www.kilimandzaro-safari.cz\/wp-content\/uploads\/2019\/05\/Jidelna-1-300x200.jpg 300w, https:\/\/www.kilimandzaro-safari.cz\/wp-content\/uploads\/2019\/05\/Jidelna-1-330x220.jpg 330w\" sizes=\"auto, (max-width: 660px) 100vw, 660px\" \/><\/figure>\n<\/figure>\n\n\n\n<p>M\u016f\u017eete se pod\u00edvat i na kr\u00e1tk\u00e9  <a href=\"https:\/\/www.youtube.com\/watch?v=3IGkNJ4E49I\">video na Youtube se z\u00e1b\u011bry z Kubu Kubu Tented Lodge<\/a>.  <\/p>\n\n\n\n<h2 class=\"wp-block-heading\" id=\"block-045f308a-62b2-475c-9fbf-7ef69937b0fb\">Nab\u00eddka safari<\/h2>\n\n\n\n<p id=\"block-179bd79a-44f1-40d8-964e-1c313a0c8864\">Pokud se zaj\u00edm\u00e1te o dovolenou v Tanzanii se safari v\u00fdlety, m\u016f\u017eete se pod\u00edvat na kompletn\u00ed <a href=\"https:\/\/www.kilimandzaro-safari.cz\/index.php\/vyberte-dovolenou\/safari-nejen-v-serengeti\/\"> nab\u00eddku standardn\u00edch safari program\u016f<\/span><\/a> od Meru Slopes.<\/p>\n\n\n\n<p id=\"block-0e016d40-695e-40e5-b706-6600730cba12\">Pokud by v\u00e1m nevyhovovaly na\u0161e standardn\u00ed safari programy, r\u00e1di v\u00e1m p\u0159iprav\u00edme program na m\u00edru, p\u0159esn\u011b podle va\u0161ich po\u017eadavk\u016f.<\/p>\n\n\n<div class=\"su-button-center\"><a href=\"https:\/\/www.kilimandzaro-safari.cz\/index.php\/kontaktujte-nas\/\" class=\"su-button su-button-style-default\" style=\"color:#FFFFFF;background-color:#D20A0A;border-color:#a80808;border-radius:3px\" target=\"_self\" title=\"M\u00e1m z\u00e1jem o nab\u00eddku na safari.\"><span style=\"color:#FFFFFF;padding:0px 22px;font-size:17px;line-height:34px;border-color:#e05454;border-radius:3px;text-shadow:none\"> M\u00c1M Z\u00c1JEM O NAB\u00cdDKU NA SAFARI <\/span><\/a><\/div>\n","protected":false},"excerpt":{"rendered":"<p>Adresa: Serengeti National Park, Seronera &#8211; Serengeti National Park 82701, Tanzania Vzd\u00e1lenosti: 15 minut j\u00edzdy od Seronera Airstrip, 2-3 hodiny j\u00edzdy od kr\u00e1teru Ngorongoro a 5-6 hodin j\u00edzdy z Arushi. Kubu Kubu Tented Lodge nab\u00edz\u00ed autentick\u00e9 a sou\u010dasn\u011b komfortn\u00ed ubytov\u00e1n\u00ed ve stanov\u00fdch chatk\u00e1ch v centr\u00e1ln\u00ed \u010d\u00e1sti n\u00e1rodn\u00edho parku Serenegeti. Nach\u00e1z\u00ed se nedaleko turistick\u00e9ho informa\u010dn\u00edho centra&#8230;<\/p>\n","protected":false},"author":1,"featured_media":0,"parent":2300,"menu_order":22,"comment_status":"closed","ping_status":"closed","template":"","meta":{"_monsterinsights_skip_tracking":false,"_monsterinsights_sitenote_active":false,"_monsterinsights_sitenote_note":"","_monsterinsights_sitenote_category":0,"_kad_post_transparent":"","_kad_post_title":"","_kad_post_layout":"","_kad_post_sidebar_id":"","_kad_post_content_style":"","_kad_post_vertical_padding":"","_kad_post_feature":"","_kad_post_feature_position":"","_kad_post_header":false,"_kad_post_footer":false,"_kad_post_classname":"","jetpack_post_was_ever_published":false,"footnotes":""},"class_list":["post-1206","page","type-page","status-publish","hentry"],"yoast_head":"<!-- This site is optimized with the Yoast SEO plugin v27.5 - https:\/\/yoast.com\/product\/yoast-seo-wordpress\/ -->\n<title>Kubu Kubu Tented Lodge - DOVOLEN\u00c1 V TANZANII<\/title>\n<meta name=\"robots\" content=\"index, follow, max-snippet:-1, max-image-preview:large, max-video-preview:-1\" \/>\n<link rel=\"canonical\" href=\"https:\/\/www.kilimandzaro-safari.cz\/index.php\/ubytovani-v-tanzanii\/kubu-kubu-tented-lodge\/\" \/>\n<meta property=\"og:locale\" content=\"cs_CZ\" \/>\n<meta property=\"og:type\" content=\"article\" \/>\n<meta property=\"og:title\" content=\"Kubu Kubu Tented Lodge - DOVOLEN\u00c1 V TANZANII\" \/>\n<meta property=\"og:description\" content=\"Adresa: Serengeti National Park, Seronera &#8211; Serengeti National Park 82701, Tanzania Vzd\u00e1lenosti: 15 minut j\u00edzdy od Seronera Airstrip, 2-3 hodiny j\u00edzdy od kr\u00e1teru Ngorongoro a 5-6 hodin j\u00edzdy z Arushi. Kubu Kubu Tented Lodge nab\u00edz\u00ed autentick\u00e9 a sou\u010dasn\u011b komfortn\u00ed ubytov\u00e1n\u00ed ve stanov\u00fdch chatk\u00e1ch v centr\u00e1ln\u00ed \u010d\u00e1sti n\u00e1rodn\u00edho parku Serenegeti. Nach\u00e1z\u00ed se nedaleko turistick\u00e9ho informa\u010dn\u00edho centra...\" \/>\n<meta property=\"og:url\" content=\"https:\/\/www.kilimandzaro-safari.cz\/index.php\/ubytovani-v-tanzanii\/kubu-kubu-tented-lodge\/\" \/>\n<meta property=\"og:site_name\" content=\"DOVOLEN\u00c1 V TANZANII\" \/>\n<meta property=\"article:modified_time\" content=\"2023-06-08T22:53:50+00:00\" \/>\n<meta property=\"og:image\" content=\"https:\/\/www.kilimandzaro-safari.cz\/wp-content\/uploads\/2019\/05\/Kemp-3.jpg\" \/>\n\t<meta property=\"og:image:width\" content=\"1170\" \/>\n\t<meta property=\"og:image:height\" content=\"605\" \/>\n\t<meta property=\"og:image:type\" content=\"image\/jpeg\" \/>\n<meta name=\"twitter:card\" content=\"summary_large_image\" \/>\n<meta name=\"twitter:label1\" content=\"Odhadovan\u00e1 doba \u010dten\u00ed\" \/>\n\t<meta name=\"twitter:data1\" content=\"5 minut\" \/>\n<script type=\"application\/ld+json\" class=\"yoast-schema-graph\">{\"@context\":\"https:\\\/\\\/schema.org\",\"@graph\":[{\"@type\":\"WebPage\",\"@id\":\"https:\\\/\\\/www.kilimandzaro-safari.cz\\\/index.php\\\/ubytovani-v-tanzanii\\\/kubu-kubu-tented-lodge\\\/\",\"url\":\"https:\\\/\\\/www.kilimandzaro-safari.cz\\\/index.php\\\/ubytovani-v-tanzanii\\\/kubu-kubu-tented-lodge\\\/\",\"name\":\"Kubu Kubu Tented Lodge - DOVOLEN\u00c1 V TANZANII\",\"isPartOf\":{\"@id\":\"https:\\\/\\\/www.kilimandzaro-safari.cz\\\/#website\"},\"primaryImageOfPage\":{\"@id\":\"https:\\\/\\\/www.kilimandzaro-safari.cz\\\/index.php\\\/ubytovani-v-tanzanii\\\/kubu-kubu-tented-lodge\\\/#primaryimage\"},\"image\":{\"@id\":\"https:\\\/\\\/www.kilimandzaro-safari.cz\\\/index.php\\\/ubytovani-v-tanzanii\\\/kubu-kubu-tented-lodge\\\/#primaryimage\"},\"thumbnailUrl\":\"http:\\\/\\\/www.kilimandzaro-safari.cz\\\/wp-content\\\/uploads\\\/2019\\\/05\\\/Kemp-3-1024x530.jpg\",\"datePublished\":\"2019-05-12T08:48:28+00:00\",\"dateModified\":\"2023-06-08T22:53:50+00:00\",\"breadcrumb\":{\"@id\":\"https:\\\/\\\/www.kilimandzaro-safari.cz\\\/index.php\\\/ubytovani-v-tanzanii\\\/kubu-kubu-tented-lodge\\\/#breadcrumb\"},\"inLanguage\":\"cs\",\"potentialAction\":[{\"@type\":\"ReadAction\",\"target\":[\"https:\\\/\\\/www.kilimandzaro-safari.cz\\\/index.php\\\/ubytovani-v-tanzanii\\\/kubu-kubu-tented-lodge\\\/\"]}]},{\"@type\":\"ImageObject\",\"inLanguage\":\"cs\",\"@id\":\"https:\\\/\\\/www.kilimandzaro-safari.cz\\\/index.php\\\/ubytovani-v-tanzanii\\\/kubu-kubu-tented-lodge\\\/#primaryimage\",\"url\":\"https:\\\/\\\/www.kilimandzaro-safari.cz\\\/wp-content\\\/uploads\\\/2019\\\/05\\\/Kemp-3.jpg\",\"contentUrl\":\"https:\\\/\\\/www.kilimandzaro-safari.cz\\\/wp-content\\\/uploads\\\/2019\\\/05\\\/Kemp-3.jpg\",\"width\":1170,\"height\":605,\"caption\":\"Kubu Kubu Tented Lodge\"},{\"@type\":\"BreadcrumbList\",\"@id\":\"https:\\\/\\\/www.kilimandzaro-safari.cz\\\/index.php\\\/ubytovani-v-tanzanii\\\/kubu-kubu-tented-lodge\\\/#breadcrumb\",\"itemListElement\":[{\"@type\":\"ListItem\",\"position\":1,\"name\":\"Dom\u016f\",\"item\":\"https:\\\/\\\/www.kilimandzaro-safari.cz\\\/\"},{\"@type\":\"ListItem\",\"position\":2,\"name\":\"Ubytov\u00e1n\u00ed v Tanzanii\",\"item\":\"https:\\\/\\\/www.kilimandzaro-safari.cz\\\/index.php\\\/ubytovani-v-tanzanii\\\/\"},{\"@type\":\"ListItem\",\"position\":3,\"name\":\"Kubu Kubu Tented Lodge\"}]},{\"@type\":\"WebSite\",\"@id\":\"https:\\\/\\\/www.kilimandzaro-safari.cz\\\/#website\",\"url\":\"https:\\\/\\\/www.kilimandzaro-safari.cz\\\/\",\"name\":\"DOVOLEN\u00c1 V TANZANII\",\"description\":\"Exotick\u00e1 dovolen\u00e1 v Tanzanii za atraktivn\u00ed ceny od m\u00edstn\u00ed CK. V\u00fdstup na Kilimand\u017e\u00e1ro a Mt. Meru, safari v Serengeti, Ngorongoro a dal\u0161\u00edch parc\u00edch, trek za \u0161impanzi, n\u00e1v\u0161t\u011bva Masaj\u016f i pobyt na kr\u00e1sn\u00fdch pl\u00e1\u017e\u00edch ostrova Zanzibar. Program na m\u00edru.\",\"publisher\":{\"@id\":\"https:\\\/\\\/www.kilimandzaro-safari.cz\\\/#organization\"},\"potentialAction\":[{\"@type\":\"SearchAction\",\"target\":{\"@type\":\"EntryPoint\",\"urlTemplate\":\"https:\\\/\\\/www.kilimandzaro-safari.cz\\\/?s={search_term_string}\"},\"query-input\":{\"@type\":\"PropertyValueSpecification\",\"valueRequired\":true,\"valueName\":\"search_term_string\"}}],\"inLanguage\":\"cs\"},{\"@type\":\"Organization\",\"@id\":\"https:\\\/\\\/www.kilimandzaro-safari.cz\\\/#organization\",\"name\":\"DOVOLEN\u00c1 V TANZANII\",\"url\":\"https:\\\/\\\/www.kilimandzaro-safari.cz\\\/\",\"logo\":{\"@type\":\"ImageObject\",\"inLanguage\":\"cs\",\"@id\":\"https:\\\/\\\/www.kilimandzaro-safari.cz\\\/#\\\/schema\\\/logo\\\/image\\\/\",\"url\":\"https:\\\/\\\/www.kilimandzaro-safari.cz\\\/wp-content\\\/uploads\\\/2025\\\/02\\\/rsz_merulogo.jpg\",\"contentUrl\":\"https:\\\/\\\/www.kilimandzaro-safari.cz\\\/wp-content\\\/uploads\\\/2025\\\/02\\\/rsz_merulogo.jpg\",\"width\":782,\"height\":381,\"caption\":\"DOVOLEN\u00c1 V TANZANII\"},\"image\":{\"@id\":\"https:\\\/\\\/www.kilimandzaro-safari.cz\\\/#\\\/schema\\\/logo\\\/image\\\/\"}}]}<\/script>\n<!-- \/ Yoast SEO plugin. -->","yoast_head_json":{"title":"Kubu Kubu Tented Lodge - DOVOLEN\u00c1 V TANZANII","robots":{"index":"index","follow":"follow","max-snippet":"max-snippet:-1","max-image-preview":"max-image-preview:large","max-video-preview":"max-video-preview:-1"},"canonical":"https:\/\/www.kilimandzaro-safari.cz\/index.php\/ubytovani-v-tanzanii\/kubu-kubu-tented-lodge\/","og_locale":"cs_CZ","og_type":"article","og_title":"Kubu Kubu Tented Lodge - DOVOLEN\u00c1 V TANZANII","og_description":"Adresa: Serengeti National Park, Seronera &#8211; Serengeti National Park 82701, Tanzania Vzd\u00e1lenosti: 15 minut j\u00edzdy od Seronera Airstrip, 2-3 hodiny j\u00edzdy od kr\u00e1teru Ngorongoro a 5-6 hodin j\u00edzdy z Arushi. Kubu Kubu Tented Lodge nab\u00edz\u00ed autentick\u00e9 a sou\u010dasn\u011b komfortn\u00ed ubytov\u00e1n\u00ed ve stanov\u00fdch chatk\u00e1ch v centr\u00e1ln\u00ed \u010d\u00e1sti n\u00e1rodn\u00edho parku Serenegeti. Nach\u00e1z\u00ed se nedaleko turistick\u00e9ho informa\u010dn\u00edho centra...","og_url":"https:\/\/www.kilimandzaro-safari.cz\/index.php\/ubytovani-v-tanzanii\/kubu-kubu-tented-lodge\/","og_site_name":"DOVOLEN\u00c1 V TANZANII","article_modified_time":"2023-06-08T22:53:50+00:00","og_image":[{"width":1170,"height":605,"url":"https:\/\/www.kilimandzaro-safari.cz\/wp-content\/uploads\/2019\/05\/Kemp-3.jpg","type":"image\/jpeg"}],"twitter_card":"summary_large_image","twitter_misc":{"Odhadovan\u00e1 doba \u010dten\u00ed":"5 minut"},"schema":{"@context":"https:\/\/schema.org","@graph":[{"@type":"WebPage","@id":"https:\/\/www.kilimandzaro-safari.cz\/index.php\/ubytovani-v-tanzanii\/kubu-kubu-tented-lodge\/","url":"https:\/\/www.kilimandzaro-safari.cz\/index.php\/ubytovani-v-tanzanii\/kubu-kubu-tented-lodge\/","name":"Kubu Kubu Tented Lodge - DOVOLEN\u00c1 V TANZANII","isPartOf":{"@id":"https:\/\/www.kilimandzaro-safari.cz\/#website"},"primaryImageOfPage":{"@id":"https:\/\/www.kilimandzaro-safari.cz\/index.php\/ubytovani-v-tanzanii\/kubu-kubu-tented-lodge\/#primaryimage"},"image":{"@id":"https:\/\/www.kilimandzaro-safari.cz\/index.php\/ubytovani-v-tanzanii\/kubu-kubu-tented-lodge\/#primaryimage"},"thumbnailUrl":"http:\/\/www.kilimandzaro-safari.cz\/wp-content\/uploads\/2019\/05\/Kemp-3-1024x530.jpg","datePublished":"2019-05-12T08:48:28+00:00","dateModified":"2023-06-08T22:53:50+00:00","breadcrumb":{"@id":"https:\/\/www.kilimandzaro-safari.cz\/index.php\/ubytovani-v-tanzanii\/kubu-kubu-tented-lodge\/#breadcrumb"},"inLanguage":"cs","potentialAction":[{"@type":"ReadAction","target":["https:\/\/www.kilimandzaro-safari.cz\/index.php\/ubytovani-v-tanzanii\/kubu-kubu-tented-lodge\/"]}]},{"@type":"ImageObject","inLanguage":"cs","@id":"https:\/\/www.kilimandzaro-safari.cz\/index.php\/ubytovani-v-tanzanii\/kubu-kubu-tented-lodge\/#primaryimage","url":"https:\/\/www.kilimandzaro-safari.cz\/wp-content\/uploads\/2019\/05\/Kemp-3.jpg","contentUrl":"https:\/\/www.kilimandzaro-safari.cz\/wp-content\/uploads\/2019\/05\/Kemp-3.jpg","width":1170,"height":605,"caption":"Kubu Kubu Tented Lodge"},{"@type":"BreadcrumbList","@id":"https:\/\/www.kilimandzaro-safari.cz\/index.php\/ubytovani-v-tanzanii\/kubu-kubu-tented-lodge\/#breadcrumb","itemListElement":[{"@type":"ListItem","position":1,"name":"Dom\u016f","item":"https:\/\/www.kilimandzaro-safari.cz\/"},{"@type":"ListItem","position":2,"name":"Ubytov\u00e1n\u00ed v Tanzanii","item":"https:\/\/www.kilimandzaro-safari.cz\/index.php\/ubytovani-v-tanzanii\/"},{"@type":"ListItem","position":3,"name":"Kubu Kubu Tented Lodge"}]},{"@type":"WebSite","@id":"https:\/\/www.kilimandzaro-safari.cz\/#website","url":"https:\/\/www.kilimandzaro-safari.cz\/","name":"DOVOLEN\u00c1 V TANZANII","description":"Exotick\u00e1 dovolen\u00e1 v Tanzanii za atraktivn\u00ed ceny od m\u00edstn\u00ed CK. V\u00fdstup na Kilimand\u017e\u00e1ro a Mt. Meru, safari v Serengeti, Ngorongoro a dal\u0161\u00edch parc\u00edch, trek za \u0161impanzi, n\u00e1v\u0161t\u011bva Masaj\u016f i pobyt na kr\u00e1sn\u00fdch pl\u00e1\u017e\u00edch ostrova Zanzibar. Program na m\u00edru.","publisher":{"@id":"https:\/\/www.kilimandzaro-safari.cz\/#organization"},"potentialAction":[{"@type":"SearchAction","target":{"@type":"EntryPoint","urlTemplate":"https:\/\/www.kilimandzaro-safari.cz\/?s={search_term_string}"},"query-input":{"@type":"PropertyValueSpecification","valueRequired":true,"valueName":"search_term_string"}}],"inLanguage":"cs"},{"@type":"Organization","@id":"https:\/\/www.kilimandzaro-safari.cz\/#organization","name":"DOVOLEN\u00c1 V TANZANII","url":"https:\/\/www.kilimandzaro-safari.cz\/","logo":{"@type":"ImageObject","inLanguage":"cs","@id":"https:\/\/www.kilimandzaro-safari.cz\/#\/schema\/logo\/image\/","url":"https:\/\/www.kilimandzaro-safari.cz\/wp-content\/uploads\/2025\/02\/rsz_merulogo.jpg","contentUrl":"https:\/\/www.kilimandzaro-safari.cz\/wp-content\/uploads\/2025\/02\/rsz_merulogo.jpg","width":782,"height":381,"caption":"DOVOLEN\u00c1 V TANZANII"},"image":{"@id":"https:\/\/www.kilimandzaro-safari.cz\/#\/schema\/logo\/image\/"}}]}},"jetpack_sharing_enabled":true,"jetpack_shortlink":"https:\/\/wp.me\/PapSWj-js","_links":{"self":[{"href":"https:\/\/www.kilimandzaro-safari.cz\/index.php\/wp-json\/wp\/v2\/pages\/1206","targetHints":{"allow":["GET"]}}],"collection":[{"href":"https:\/\/www.kilimandzaro-safari.cz\/index.php\/wp-json\/wp\/v2\/pages"}],"about":[{"href":"https:\/\/www.kilimandzaro-safari.cz\/index.php\/wp-json\/wp\/v2\/types\/page"}],"author":[{"embeddable":true,"href":"https:\/\/www.kilimandzaro-safari.cz\/index.php\/wp-json\/wp\/v2\/users\/1"}],"replies":[{"embeddable":true,"href":"https:\/\/www.kilimandzaro-safari.cz\/index.php\/wp-json\/wp\/v2\/comments?post=1206"}],"version-history":[{"count":23,"href":"https:\/\/www.kilimandzaro-safari.cz\/index.php\/wp-json\/wp\/v2\/pages\/1206\/revisions"}],"predecessor-version":[{"id":7506,"href":"https:\/\/www.kilimandzaro-safari.cz\/index.php\/wp-json\/wp\/v2\/pages\/1206\/revisions\/7506"}],"up":[{"embeddable":true,"href":"https:\/\/www.kilimandzaro-safari.cz\/index.php\/wp-json\/wp\/v2\/pages\/2300"}],"wp:attachment":[{"href":"https:\/\/www.kilimandzaro-safari.cz\/index.php\/wp-json\/wp\/v2\/media?parent=1206"}],"curies":[{"name":"wp","href":"https:\/\/api.w.org\/{rel}","templated":true}]}}