{"id":226,"date":"2018-11-07T22:15:16","date_gmt":"2018-11-07T21:15:16","guid":{"rendered":"http:\/\/www.serengetijoytours.cz\/?page_id=226"},"modified":"2025-10-23T18:35:26","modified_gmt":"2025-10-23T17:35:26","slug":"ostrov-pemba","status":"publish","type":"page","link":"https:\/\/www.kilimandzaro-safari.cz\/index.php\/vyberte-dovolenou\/ostrov-pemba\/","title":{"rendered":"Ostrov Pemba"},"content":{"rendered":"<p>Pemba je druh\u00fd nejv\u011bt\u0161\u00ed ostrov v souostrov\u00ed Zanzibar.\u00a0Le\u017e\u00ed p\u0159ibli\u017en\u011b 50 kilometr\u016f na sever od ostrova Unguja (nejv\u011bt\u0161\u00ed ostrov souostrov\u00ed Zanzibar, kter\u00fd je tak\u00e9 \u010dasto, ale ne zcela spr\u00e1vn\u011b, naz\u00fdvan\u00fd ostrov Zanzibar) a p\u0159ibli\u017en\u011b stejn\u011b daleko od pob\u0159e\u017e\u00ed Tanz\u00e1nie. Let z leti\u0161t\u011b Zanzibar trv\u00e1 p\u0159ibli\u017en\u011b 30 minut, d\u00e1 se na n\u011bj dostat tak\u00e9 trajektem.<\/p>\n<p>Turistick\u00fd pr\u016fmysl je na ostrov\u011b Pemba rozvinut m\u00e9n\u011b ne\u017e na ostrov\u011b Unguja (Zanzibar). Hlavn\u00ed atrakc\u00ed pro n\u00e1v\u0161t\u011bvn\u00edky je klid, zachovan\u00e1 p\u0159\u00edroda a radost z objevov\u00e1n\u00ed.\u00a0Na ostrov\u011b Pemba najdete hory, zelen\u00e9 tropick\u00e9 lesy, pob\u0159e\u017e\u00ed porostl\u00e9 mangrovy a nedot\u010den\u00e9 tropick\u00e9 pl\u00e1\u017ee.\u00a0Na ostrov\u011b se nach\u00e1zej\u00ed tak\u00e9 z\u0159\u00edceniny m\u011bst Ndagoni a Mkama Ndume, poch\u00e1zej\u00edc\u00edch ze 14.\u201315. stolet\u00ed.\u00a0Pemba je obl\u00edben\u00fdm m\u00edstem pot\u00e1p\u011b\u010d\u016f, kte\u0159\u00ed zde najdou velk\u00e9 mno\u017estv\u00ed kor\u00e1lov\u00fdch \u00fates\u016f a mo\u0159sk\u00fdch \u017eivo\u010dich\u016f. A Pembu ur\u010dit\u011b ocen\u00ed i sportovn\u00ed ryb\u00e1\u0159i.<br \/>\nNa ostrov\u011b Pemba naopak nenajdete p\u011btihv\u011bzdi\u010dkov\u00e9 hotely ani bary a pl\u00e1\u017ee pln\u00e9 turist\u016f. Za t\u011bmito atrakcemi je t\u0159eba se vydat na ostrov Unguja (Zanzibar).<br \/>\nP\u016fda je na ostrov\u011b Pemba \u00farodn\u00e1, p\u011bstuje se na n\u00ed hlavn\u011b maniok, ban\u00e1ny a h\u0159eb\u00ed\u010dek. V\u00fdznamn\u00fd je tak\u00e9 rybolov.<\/p>\n<p>Skv\u011bl\u00fd \u010dl\u00e1nek o ostrov\u011b Pemba ve sloven\u0161tin\u011b od cestovatelky Mirky Badinsk\u00e9 najdete na  <a href=\"https:\/\/travelistan.sk\/ostrov-pemba-je-krajsou-sestrou-zanzibaru\/\" target=\"_blank\" rel=\"noopener noreferrer\">serveru Travelistan<\/a> .<\/p>\n<p style=\"text-align: center;\"><img loading=\"lazy\" decoding=\"async\" class=\"size-full wp-image-231 aligncenter\" src=\"https:\/\/www.kilimandzaro-safari.cz\/wp-content\/uploads\/2018\/11\/PEMBA-MAP.jpg\" alt=\"Ostrov Pemba\" width=\"927\" height=\"656\" srcset=\"https:\/\/www.kilimandzaro-safari.cz\/wp-content\/uploads\/2018\/11\/PEMBA-MAP.jpg 927w, https:\/\/www.kilimandzaro-safari.cz\/wp-content\/uploads\/2018\/11\/PEMBA-MAP-300x212.jpg 300w, https:\/\/www.kilimandzaro-safari.cz\/wp-content\/uploads\/2018\/11\/PEMBA-MAP-768x543.jpg 768w\" sizes=\"auto, (max-width: 927px) 100vw, 927px\" \/> Ostrov Pemba<\/p>\n<p>Uv\u00edt\u00e1me jak\u00e9koliv va\u0161e dotazy a p\u0159ipom\u00ednky.\u00a0Porad\u00edme v\u00e1m s v\u00fdb\u011brem a organizac\u00ed dovolen\u00e9.\u00a0R\u00e1di v\u00e1m p\u0159iprav\u00edme nab\u00eddku na m\u00edru podle va\u0161ich konkr\u00e9tn\u00edch po\u017eadavk\u016f.<\/p>\n<p>Jsme tu pro v\u00e1s!<\/p>\n\n<div class=\"wpcf7 no-js\" id=\"wpcf7-f81-o1\" lang=\"cs-CZ\" dir=\"ltr\" data-wpcf7-id=\"81\">\n<div class=\"screen-reader-response\"><p role=\"status\" aria-live=\"polite\" aria-atomic=\"true\"><\/p> <ul><\/ul><\/div>\n<form action=\"\/index.php\/wp-json\/wp\/v2\/pages\/226#wpcf7-f81-o1\" method=\"post\" class=\"wpcf7-form init\" aria-label=\"Kontaktn\u00ed formul\u00e1\u0159\" novalidate=\"novalidate\" data-status=\"init\">\n<fieldset class=\"hidden-fields-container\"><input type=\"hidden\" name=\"_wpcf7\" value=\"81\" \/><input type=\"hidden\" name=\"_wpcf7_version\" value=\"6.1.5\" \/><input type=\"hidden\" name=\"_wpcf7_locale\" value=\"cs_CZ\" \/><input type=\"hidden\" name=\"_wpcf7_unit_tag\" value=\"wpcf7-f81-o1\" \/><input type=\"hidden\" name=\"_wpcf7_container_post\" value=\"0\" \/><input type=\"hidden\" name=\"_wpcf7_posted_data_hash\" value=\"\" \/><input type=\"hidden\" name=\"_wpcf7_recaptcha_response\" value=\"\" \/>\n<\/fieldset>\n<p><label> Va\u0161e jm\u00e9no (vy\u017eadov\u00e1no)<br \/>\n<span class=\"wpcf7-form-control-wrap\" data-name=\"your-name\"><input size=\"40\" maxlength=\"400\" class=\"wpcf7-form-control wpcf7-text wpcf7-validates-as-required\" aria-required=\"true\" aria-invalid=\"false\" value=\"\" type=\"text\" name=\"your-name\" \/><\/span> <\/label>\n<\/p>\n<p><label> V\u00e1\u0161 e-mail (vy\u017eadov\u00e1no)<br \/>\n<span class=\"wpcf7-form-control-wrap\" data-name=\"your-email\"><input size=\"40\" maxlength=\"400\" class=\"wpcf7-form-control wpcf7-email wpcf7-validates-as-required wpcf7-text wpcf7-validates-as-email\" aria-required=\"true\" aria-invalid=\"false\" value=\"\" type=\"email\" name=\"your-email\" \/><\/span> <\/label>\n<\/p>\n<p><label> Telefon<br \/>\n<span class=\"wpcf7-form-control-wrap\" data-name=\"your-phone\"><input size=\"40\" maxlength=\"400\" class=\"wpcf7-form-control wpcf7-text\" aria-invalid=\"false\" value=\"\" type=\"text\" name=\"your-phone\" \/><\/span> <\/label>\n<\/p>\n<p><label> P\u0159edm\u011bt<br \/>\n<span class=\"wpcf7-form-control-wrap\" data-name=\"your-subject\"><input size=\"40\" maxlength=\"400\" class=\"wpcf7-form-control wpcf7-text\" aria-invalid=\"false\" value=\"\" type=\"text\" name=\"your-subject\" \/><\/span> <\/label>\n<\/p>\n<p><label> Va\u0161e zpr\u00e1va<br \/>\n<span class=\"wpcf7-form-control-wrap\" data-name=\"your-message\"><textarea cols=\"40\" rows=\"10\" maxlength=\"2000\" class=\"wpcf7-form-control wpcf7-textarea\" aria-invalid=\"false\" name=\"your-message\"><\/textarea><\/span> <\/label>\n<\/p>\n<span class=\"wpcf7-form-control-wrap recaptcha\" data-name=\"recaptcha\"><span data-sitekey=\"6Ld95u4qAAAAADTqknS3LF3JYj0aU-LjIT-wom30\" class=\"wpcf7-form-control wpcf7-recaptcha g-recaptcha\"><\/span>\r\n<noscript>\r\n\t<div class=\"grecaptcha-noscript\">\r\n\t\t<iframe loading=\"lazy\" src=\"https:\/\/www.google.com\/recaptcha\/api\/fallback?k=6Ld95u4qAAAAADTqknS3LF3JYj0aU-LjIT-wom30\" frameborder=\"0\" scrolling=\"no\" width=\"310\" height=\"430\">\r\n\t\t<\/iframe>\r\n\t\t<textarea name=\"g-recaptcha-response\" rows=\"3\" cols=\"40\" placeholder=\"reCaptcha Response Here\">\r\n\t\t<\/textarea>\r\n\t<\/div>\r\n<\/noscript>\r\n<\/span>\n<p><label><br \/>\n<input class=\"wpcf7-form-control wpcf7-submit has-spinner\" type=\"submit\" value=\"Odeslat\" \/><\/label>\n<\/p><div class=\"wpcf7-response-output\" aria-hidden=\"true\"><\/div>\n<\/form>\n<\/div>\n\n<p>Nem\u00e1te r\u00e1di kontaktn\u00ed formul\u00e1\u0159e? Tak n\u00e1m prost\u011b po\u0161lete email na adresu  <a href=\"mailto:info@kilimandzaro-safari.cz\" target=\"_blank\" rel=\"noopener noreferrer\">info@kilimandzaro-safari.cz<\/a> .<br \/>\nA nebo n\u00e1m zavolejte na +420732812251.<\/p>\n","protected":false},"excerpt":{"rendered":"<p>Pemba je druh\u00fd nejv\u011bt\u0161\u00ed ostrov v souostrov\u00ed Zanzibar.\u00a0Le\u017e\u00ed p\u0159ibli\u017en\u011b 50 kilometr\u016f na sever od ostrova Unguja (nejv\u011bt\u0161\u00ed ostrov souostrov\u00ed Zanzibar, kter\u00fd je tak\u00e9 \u010dasto, ale ne zcela spr\u00e1vn\u011b, naz\u00fdvan\u00fd ostrov Zanzibar) a p\u0159ibli\u017en\u011b stejn\u011b daleko od pob\u0159e\u017e\u00ed Tanz\u00e1nie. Let z leti\u0161t\u011b Zanzibar trv\u00e1 p\u0159ibli\u017en\u011b 30 minut, d\u00e1 se na n\u011bj dostat tak\u00e9 trajektem. Turistick\u00fd pr\u016fmysl&#8230;<\/p>\n","protected":false},"author":1,"featured_media":0,"parent":55,"menu_order":11,"comment_status":"closed","ping_status":"closed","template":"","meta":{"_monsterinsights_skip_tracking":false,"_monsterinsights_sitenote_active":false,"_monsterinsights_sitenote_note":"","_monsterinsights_sitenote_category":0,"_kad_post_transparent":"","_kad_post_title":"","_kad_post_layout":"","_kad_post_sidebar_id":"","_kad_post_content_style":"","_kad_post_vertical_padding":"","_kad_post_feature":"","_kad_post_feature_position":"","_kad_post_header":false,"_kad_post_footer":false,"_kad_post_classname":"","jetpack_post_was_ever_published":false,"footnotes":""},"class_list":["post-226","page","type-page","status-publish","hentry"],"yoast_head":"<!-- This site is optimized with the Yoast SEO plugin v27.5 - https:\/\/yoast.com\/product\/yoast-seo-wordpress\/ -->\n<title>Ostrov Pemba - DOVOLEN\u00c1 V TANZANII<\/title>\n<meta name=\"robots\" content=\"index, follow, max-snippet:-1, max-image-preview:large, max-video-preview:-1\" \/>\n<link rel=\"canonical\" href=\"https:\/\/www.kilimandzaro-safari.cz\/index.php\/vyberte-dovolenou\/ostrov-pemba\/\" \/>\n<meta property=\"og:locale\" content=\"cs_CZ\" \/>\n<meta property=\"og:type\" content=\"article\" \/>\n<meta property=\"og:title\" content=\"Ostrov Pemba - DOVOLEN\u00c1 V TANZANII\" \/>\n<meta property=\"og:description\" content=\"Pemba je druh\u00fd nejv\u011bt\u0161\u00ed ostrov v souostrov\u00ed Zanzibar.\u00a0Le\u017e\u00ed p\u0159ibli\u017en\u011b 50 kilometr\u016f na sever od ostrova Unguja (nejv\u011bt\u0161\u00ed ostrov souostrov\u00ed Zanzibar, kter\u00fd je tak\u00e9 \u010dasto, ale ne zcela spr\u00e1vn\u011b, naz\u00fdvan\u00fd ostrov Zanzibar) a p\u0159ibli\u017en\u011b stejn\u011b daleko od pob\u0159e\u017e\u00ed Tanz\u00e1nie. Let z leti\u0161t\u011b Zanzibar trv\u00e1 p\u0159ibli\u017en\u011b 30 minut, d\u00e1 se na n\u011bj dostat tak\u00e9 trajektem. Turistick\u00fd pr\u016fmysl...\" \/>\n<meta property=\"og:url\" content=\"https:\/\/www.kilimandzaro-safari.cz\/index.php\/vyberte-dovolenou\/ostrov-pemba\/\" \/>\n<meta property=\"og:site_name\" content=\"DOVOLEN\u00c1 V TANZANII\" \/>\n<meta property=\"article:modified_time\" content=\"2025-10-23T17:35:26+00:00\" \/>\n<meta property=\"og:image\" content=\"https:\/\/www.kilimandzaro-safari.cz\/wp-content\/uploads\/2018\/11\/PEMBA-MAP.jpg\" \/>\n\t<meta property=\"og:image:width\" content=\"927\" \/>\n\t<meta property=\"og:image:height\" content=\"656\" \/>\n\t<meta property=\"og:image:type\" content=\"image\/jpeg\" \/>\n<meta name=\"twitter:card\" content=\"summary_large_image\" \/>\n<meta name=\"twitter:label1\" content=\"Odhadovan\u00e1 doba \u010dten\u00ed\" \/>\n\t<meta name=\"twitter:data1\" content=\"2 minuty\" \/>\n<script type=\"application\/ld+json\" class=\"yoast-schema-graph\">{\"@context\":\"https:\\\/\\\/schema.org\",\"@graph\":[{\"@type\":\"WebPage\",\"@id\":\"https:\\\/\\\/www.kilimandzaro-safari.cz\\\/index.php\\\/vyberte-dovolenou\\\/ostrov-pemba\\\/\",\"url\":\"https:\\\/\\\/www.kilimandzaro-safari.cz\\\/index.php\\\/vyberte-dovolenou\\\/ostrov-pemba\\\/\",\"name\":\"Ostrov Pemba - DOVOLEN\u00c1 V TANZANII\",\"isPartOf\":{\"@id\":\"https:\\\/\\\/www.kilimandzaro-safari.cz\\\/#website\"},\"primaryImageOfPage\":{\"@id\":\"https:\\\/\\\/www.kilimandzaro-safari.cz\\\/index.php\\\/vyberte-dovolenou\\\/ostrov-pemba\\\/#primaryimage\"},\"image\":{\"@id\":\"https:\\\/\\\/www.kilimandzaro-safari.cz\\\/index.php\\\/vyberte-dovolenou\\\/ostrov-pemba\\\/#primaryimage\"},\"thumbnailUrl\":\"https:\\\/\\\/www.kilimandzaro-safari.cz\\\/wp-content\\\/uploads\\\/2018\\\/11\\\/PEMBA-MAP.jpg\",\"datePublished\":\"2018-11-07T21:15:16+00:00\",\"dateModified\":\"2025-10-23T17:35:26+00:00\",\"breadcrumb\":{\"@id\":\"https:\\\/\\\/www.kilimandzaro-safari.cz\\\/index.php\\\/vyberte-dovolenou\\\/ostrov-pemba\\\/#breadcrumb\"},\"inLanguage\":\"cs\",\"potentialAction\":[{\"@type\":\"ReadAction\",\"target\":[\"https:\\\/\\\/www.kilimandzaro-safari.cz\\\/index.php\\\/vyberte-dovolenou\\\/ostrov-pemba\\\/\"]}]},{\"@type\":\"ImageObject\",\"inLanguage\":\"cs\",\"@id\":\"https:\\\/\\\/www.kilimandzaro-safari.cz\\\/index.php\\\/vyberte-dovolenou\\\/ostrov-pemba\\\/#primaryimage\",\"url\":\"https:\\\/\\\/www.kilimandzaro-safari.cz\\\/wp-content\\\/uploads\\\/2018\\\/11\\\/PEMBA-MAP.jpg\",\"contentUrl\":\"https:\\\/\\\/www.kilimandzaro-safari.cz\\\/wp-content\\\/uploads\\\/2018\\\/11\\\/PEMBA-MAP.jpg\",\"width\":927,\"height\":656,\"caption\":\"Ostrov Pemba\"},{\"@type\":\"BreadcrumbList\",\"@id\":\"https:\\\/\\\/www.kilimandzaro-safari.cz\\\/index.php\\\/vyberte-dovolenou\\\/ostrov-pemba\\\/#breadcrumb\",\"itemListElement\":[{\"@type\":\"ListItem\",\"position\":1,\"name\":\"Dom\u016f\",\"item\":\"https:\\\/\\\/www.kilimandzaro-safari.cz\\\/\"},{\"@type\":\"ListItem\",\"position\":2,\"name\":\"Vyberte dovolenou v Tanzanii\",\"item\":\"https:\\\/\\\/www.kilimandzaro-safari.cz\\\/index.php\\\/vyberte-dovolenou\\\/\"},{\"@type\":\"ListItem\",\"position\":3,\"name\":\"Ostrov Pemba\"}]},{\"@type\":\"WebSite\",\"@id\":\"https:\\\/\\\/www.kilimandzaro-safari.cz\\\/#website\",\"url\":\"https:\\\/\\\/www.kilimandzaro-safari.cz\\\/\",\"name\":\"DOVOLEN\u00c1 V TANZANII\",\"description\":\"Exotick\u00e1 dovolen\u00e1 v Tanzanii za atraktivn\u00ed ceny od m\u00edstn\u00ed CK. V\u00fdstup na Kilimand\u017e\u00e1ro a Mt. Meru, safari v Serengeti, Ngorongoro a dal\u0161\u00edch parc\u00edch, trek za \u0161impanzi, n\u00e1v\u0161t\u011bva Masaj\u016f i pobyt na kr\u00e1sn\u00fdch pl\u00e1\u017e\u00edch ostrova Zanzibar. Program na m\u00edru.\",\"publisher\":{\"@id\":\"https:\\\/\\\/www.kilimandzaro-safari.cz\\\/#organization\"},\"potentialAction\":[{\"@type\":\"SearchAction\",\"target\":{\"@type\":\"EntryPoint\",\"urlTemplate\":\"https:\\\/\\\/www.kilimandzaro-safari.cz\\\/?s={search_term_string}\"},\"query-input\":{\"@type\":\"PropertyValueSpecification\",\"valueRequired\":true,\"valueName\":\"search_term_string\"}}],\"inLanguage\":\"cs\"},{\"@type\":\"Organization\",\"@id\":\"https:\\\/\\\/www.kilimandzaro-safari.cz\\\/#organization\",\"name\":\"DOVOLEN\u00c1 V TANZANII\",\"url\":\"https:\\\/\\\/www.kilimandzaro-safari.cz\\\/\",\"logo\":{\"@type\":\"ImageObject\",\"inLanguage\":\"cs\",\"@id\":\"https:\\\/\\\/www.kilimandzaro-safari.cz\\\/#\\\/schema\\\/logo\\\/image\\\/\",\"url\":\"https:\\\/\\\/www.kilimandzaro-safari.cz\\\/wp-content\\\/uploads\\\/2025\\\/02\\\/rsz_merulogo.jpg\",\"contentUrl\":\"https:\\\/\\\/www.kilimandzaro-safari.cz\\\/wp-content\\\/uploads\\\/2025\\\/02\\\/rsz_merulogo.jpg\",\"width\":782,\"height\":381,\"caption\":\"DOVOLEN\u00c1 V TANZANII\"},\"image\":{\"@id\":\"https:\\\/\\\/www.kilimandzaro-safari.cz\\\/#\\\/schema\\\/logo\\\/image\\\/\"}}]}<\/script>\n<!-- \/ Yoast SEO plugin. -->","yoast_head_json":{"title":"Ostrov Pemba - DOVOLEN\u00c1 V TANZANII","robots":{"index":"index","follow":"follow","max-snippet":"max-snippet:-1","max-image-preview":"max-image-preview:large","max-video-preview":"max-video-preview:-1"},"canonical":"https:\/\/www.kilimandzaro-safari.cz\/index.php\/vyberte-dovolenou\/ostrov-pemba\/","og_locale":"cs_CZ","og_type":"article","og_title":"Ostrov Pemba - DOVOLEN\u00c1 V TANZANII","og_description":"Pemba je druh\u00fd nejv\u011bt\u0161\u00ed ostrov v souostrov\u00ed Zanzibar.\u00a0Le\u017e\u00ed p\u0159ibli\u017en\u011b 50 kilometr\u016f na sever od ostrova Unguja (nejv\u011bt\u0161\u00ed ostrov souostrov\u00ed Zanzibar, kter\u00fd je tak\u00e9 \u010dasto, ale ne zcela spr\u00e1vn\u011b, naz\u00fdvan\u00fd ostrov Zanzibar) a p\u0159ibli\u017en\u011b stejn\u011b daleko od pob\u0159e\u017e\u00ed Tanz\u00e1nie. Let z leti\u0161t\u011b Zanzibar trv\u00e1 p\u0159ibli\u017en\u011b 30 minut, d\u00e1 se na n\u011bj dostat tak\u00e9 trajektem. Turistick\u00fd pr\u016fmysl...","og_url":"https:\/\/www.kilimandzaro-safari.cz\/index.php\/vyberte-dovolenou\/ostrov-pemba\/","og_site_name":"DOVOLEN\u00c1 V TANZANII","article_modified_time":"2025-10-23T17:35:26+00:00","og_image":[{"width":927,"height":656,"url":"https:\/\/www.kilimandzaro-safari.cz\/wp-content\/uploads\/2018\/11\/PEMBA-MAP.jpg","type":"image\/jpeg"}],"twitter_card":"summary_large_image","twitter_misc":{"Odhadovan\u00e1 doba \u010dten\u00ed":"2 minuty"},"schema":{"@context":"https:\/\/schema.org","@graph":[{"@type":"WebPage","@id":"https:\/\/www.kilimandzaro-safari.cz\/index.php\/vyberte-dovolenou\/ostrov-pemba\/","url":"https:\/\/www.kilimandzaro-safari.cz\/index.php\/vyberte-dovolenou\/ostrov-pemba\/","name":"Ostrov Pemba - DOVOLEN\u00c1 V TANZANII","isPartOf":{"@id":"https:\/\/www.kilimandzaro-safari.cz\/#website"},"primaryImageOfPage":{"@id":"https:\/\/www.kilimandzaro-safari.cz\/index.php\/vyberte-dovolenou\/ostrov-pemba\/#primaryimage"},"image":{"@id":"https:\/\/www.kilimandzaro-safari.cz\/index.php\/vyberte-dovolenou\/ostrov-pemba\/#primaryimage"},"thumbnailUrl":"https:\/\/www.kilimandzaro-safari.cz\/wp-content\/uploads\/2018\/11\/PEMBA-MAP.jpg","datePublished":"2018-11-07T21:15:16+00:00","dateModified":"2025-10-23T17:35:26+00:00","breadcrumb":{"@id":"https:\/\/www.kilimandzaro-safari.cz\/index.php\/vyberte-dovolenou\/ostrov-pemba\/#breadcrumb"},"inLanguage":"cs","potentialAction":[{"@type":"ReadAction","target":["https:\/\/www.kilimandzaro-safari.cz\/index.php\/vyberte-dovolenou\/ostrov-pemba\/"]}]},{"@type":"ImageObject","inLanguage":"cs","@id":"https:\/\/www.kilimandzaro-safari.cz\/index.php\/vyberte-dovolenou\/ostrov-pemba\/#primaryimage","url":"https:\/\/www.kilimandzaro-safari.cz\/wp-content\/uploads\/2018\/11\/PEMBA-MAP.jpg","contentUrl":"https:\/\/www.kilimandzaro-safari.cz\/wp-content\/uploads\/2018\/11\/PEMBA-MAP.jpg","width":927,"height":656,"caption":"Ostrov Pemba"},{"@type":"BreadcrumbList","@id":"https:\/\/www.kilimandzaro-safari.cz\/index.php\/vyberte-dovolenou\/ostrov-pemba\/#breadcrumb","itemListElement":[{"@type":"ListItem","position":1,"name":"Dom\u016f","item":"https:\/\/www.kilimandzaro-safari.cz\/"},{"@type":"ListItem","position":2,"name":"Vyberte dovolenou v Tanzanii","item":"https:\/\/www.kilimandzaro-safari.cz\/index.php\/vyberte-dovolenou\/"},{"@type":"ListItem","position":3,"name":"Ostrov Pemba"}]},{"@type":"WebSite","@id":"https:\/\/www.kilimandzaro-safari.cz\/#website","url":"https:\/\/www.kilimandzaro-safari.cz\/","name":"DOVOLEN\u00c1 V TANZANII","description":"Exotick\u00e1 dovolen\u00e1 v Tanzanii za atraktivn\u00ed ceny od m\u00edstn\u00ed CK. V\u00fdstup na Kilimand\u017e\u00e1ro a Mt. Meru, safari v Serengeti, Ngorongoro a dal\u0161\u00edch parc\u00edch, trek za \u0161impanzi, n\u00e1v\u0161t\u011bva Masaj\u016f i pobyt na kr\u00e1sn\u00fdch pl\u00e1\u017e\u00edch ostrova Zanzibar. Program na m\u00edru.","publisher":{"@id":"https:\/\/www.kilimandzaro-safari.cz\/#organization"},"potentialAction":[{"@type":"SearchAction","target":{"@type":"EntryPoint","urlTemplate":"https:\/\/www.kilimandzaro-safari.cz\/?s={search_term_string}"},"query-input":{"@type":"PropertyValueSpecification","valueRequired":true,"valueName":"search_term_string"}}],"inLanguage":"cs"},{"@type":"Organization","@id":"https:\/\/www.kilimandzaro-safari.cz\/#organization","name":"DOVOLEN\u00c1 V TANZANII","url":"https:\/\/www.kilimandzaro-safari.cz\/","logo":{"@type":"ImageObject","inLanguage":"cs","@id":"https:\/\/www.kilimandzaro-safari.cz\/#\/schema\/logo\/image\/","url":"https:\/\/www.kilimandzaro-safari.cz\/wp-content\/uploads\/2025\/02\/rsz_merulogo.jpg","contentUrl":"https:\/\/www.kilimandzaro-safari.cz\/wp-content\/uploads\/2025\/02\/rsz_merulogo.jpg","width":782,"height":381,"caption":"DOVOLEN\u00c1 V TANZANII"},"image":{"@id":"https:\/\/www.kilimandzaro-safari.cz\/#\/schema\/logo\/image\/"}}]}},"jetpack_sharing_enabled":true,"jetpack_shortlink":"https:\/\/wp.me\/PapSWj-3E","_links":{"self":[{"href":"https:\/\/www.kilimandzaro-safari.cz\/index.php\/wp-json\/wp\/v2\/pages\/226","targetHints":{"allow":["GET"]}}],"collection":[{"href":"https:\/\/www.kilimandzaro-safari.cz\/index.php\/wp-json\/wp\/v2\/pages"}],"about":[{"href":"https:\/\/www.kilimandzaro-safari.cz\/index.php\/wp-json\/wp\/v2\/types\/page"}],"author":[{"embeddable":true,"href":"https:\/\/www.kilimandzaro-safari.cz\/index.php\/wp-json\/wp\/v2\/users\/1"}],"replies":[{"embeddable":true,"href":"https:\/\/www.kilimandzaro-safari.cz\/index.php\/wp-json\/wp\/v2\/comments?post=226"}],"version-history":[{"count":20,"href":"https:\/\/www.kilimandzaro-safari.cz\/index.php\/wp-json\/wp\/v2\/pages\/226\/revisions"}],"predecessor-version":[{"id":8611,"href":"https:\/\/www.kilimandzaro-safari.cz\/index.php\/wp-json\/wp\/v2\/pages\/226\/revisions\/8611"}],"up":[{"embeddable":true,"href":"https:\/\/www.kilimandzaro-safari.cz\/index.php\/wp-json\/wp\/v2\/pages\/55"}],"wp:attachment":[{"href":"https:\/\/www.kilimandzaro-safari.cz\/index.php\/wp-json\/wp\/v2\/media?parent=226"}],"curies":[{"name":"wp","href":"https:\/\/api.w.org\/{rel}","templated":true}]}}