{"id":3611,"date":"2020-12-01T10:11:35","date_gmt":"2020-12-01T09:11:35","guid":{"rendered":"https:\/\/www.serengetijoytours.cz\/?page_id=3611"},"modified":"2020-12-01T10:11:37","modified_gmt":"2020-12-01T09:11:37","slug":"burunge-tented-lodge","status":"publish","type":"page","link":"https:\/\/www.kilimandzaro-safari.cz\/index.php\/ubytovani-v-tanzanii\/burunge-tented-lodge\/","title":{"rendered":"Burunge Tented Lodge"},"content":{"rendered":"\n<p>Burunge Tented Lodge je um\u00edst\u011bn\u00fd v kr\u00e1sn\u00e9m prost\u0159ed\u00ed na b\u0159ehu jezera Burunge, v\u00a0p\u0159\u00edrodn\u00ed rezervaci p\u0159\u00edmo soused\u00edc\u00ed s\u00a0n\u00e1rodn\u00edm parkem Tarangire. Zde m\u016f\u017eete str\u00e1vit unik\u00e1tn\u00ed noc pod africk\u00fdm nebem v\u00a0t\u011bsn\u00e9m sep\u011bt\u00ed s\u00a0p\u0159\u00edrodou.<\/p>\n\n\n\n<p>V kempu se nach\u00e1z\u00ed dvacet komfortn\u00edch a prostorn\u00fdch stanov\u00fdch chatek a deset pokoj\u016f v bungalovech s priv\u00e1tn\u00ed koupelnou a terasou. V\u0161echny jsou zasazen\u00e9ho do stinn\u00e9ho lesn\u00edho h\u00e1je. <\/p>\n\n\n\n<div class=\"wp-block-image\"><figure class=\"aligncenter size-large\"><img loading=\"lazy\" decoding=\"async\" width=\"1024\" height=\"683\" src=\"https:\/\/www.kilimandzaro-safari.cz\/wp-content\/uploads\/2020\/12\/burunge-tented-lodge-facilities-01.jpg\" alt=\"Burunge Tented Lodge je zasazen\u00fd do lesn\u00edho h\u00e1je\" class=\"wp-image-3613\" srcset=\"https:\/\/www.kilimandzaro-safari.cz\/wp-content\/uploads\/2020\/12\/burunge-tented-lodge-facilities-01.jpg 1024w, https:\/\/www.kilimandzaro-safari.cz\/wp-content\/uploads\/2020\/12\/burunge-tented-lodge-facilities-01-300x200.jpg 300w, https:\/\/www.kilimandzaro-safari.cz\/wp-content\/uploads\/2020\/12\/burunge-tented-lodge-facilities-01-768x512.jpg 768w, https:\/\/www.kilimandzaro-safari.cz\/wp-content\/uploads\/2020\/12\/burunge-tented-lodge-facilities-01-330x220.jpg 330w\" sizes=\"auto, (max-width: 1024px) 100vw, 1024px\" \/><figcaption><em>Burunge Tented Lodge je zasazen\u00fd do lesn\u00edho h\u00e1je<\/em><\/figcaption><\/figure><\/div>\n\n\n\n<p>Kemp m\u00e1 hlavn\u00ed budovu i stanov\u00e9 chatky postaven\u00e9 na d\u0159ev\u011bn\u00fdch plo\u0161in\u00e1ch a d\u00edky tomu nab\u00edz\u00ed mimo\u0159\u00e1dn\u00fd v\u00fdhled do n\u00e1rodn\u00edho parku Tarangire, na jezero Burunge a na horu Mt. Meru.<\/p>\n\n\n\n<div class=\"wp-block-image\"><figure class=\"aligncenter size-large\"><img loading=\"lazy\" decoding=\"async\" width=\"1024\" height=\"576\" src=\"https:\/\/www.kilimandzaro-safari.cz\/wp-content\/uploads\/2020\/12\/burunge-tented-lodge-accomodation-03.jpg\" alt=\"Chatky v Burunge Tented Lodge nab\u00edz\u00ed kr\u00e1sn\u00fd v\u00fdhled po okol\u00ed\" class=\"wp-image-3615\" srcset=\"https:\/\/www.kilimandzaro-safari.cz\/wp-content\/uploads\/2020\/12\/burunge-tented-lodge-accomodation-03.jpg 1024w, https:\/\/www.kilimandzaro-safari.cz\/wp-content\/uploads\/2020\/12\/burunge-tented-lodge-accomodation-03-300x169.jpg 300w, https:\/\/www.kilimandzaro-safari.cz\/wp-content\/uploads\/2020\/12\/burunge-tented-lodge-accomodation-03-768x432.jpg 768w\" sizes=\"auto, (max-width: 1024px) 100vw, 1024px\" \/><figcaption><em>Chatky nab\u00edz\u00ed kr\u00e1sn\u00fd v\u00fdhled po okol\u00ed<\/em><\/figcaption><\/figure><\/div>\n\n\n\n<div class=\"wp-block-image\"><figure class=\"aligncenter size-large\"><img loading=\"lazy\" decoding=\"async\" width=\"1024\" height=\"576\" src=\"https:\/\/www.kilimandzaro-safari.cz\/wp-content\/uploads\/2020\/12\/burunge-tented-lodge-facilities-06.jpg\" alt=\"Z\u00e1pad slunce nad Mt. Meru p\u0159i pohledu z Burunge Tented Lodge\" class=\"wp-image-3617\" srcset=\"https:\/\/www.kilimandzaro-safari.cz\/wp-content\/uploads\/2020\/12\/burunge-tented-lodge-facilities-06.jpg 1024w, https:\/\/www.kilimandzaro-safari.cz\/wp-content\/uploads\/2020\/12\/burunge-tented-lodge-facilities-06-300x169.jpg 300w, https:\/\/www.kilimandzaro-safari.cz\/wp-content\/uploads\/2020\/12\/burunge-tented-lodge-facilities-06-768x432.jpg 768w\" sizes=\"auto, (max-width: 1024px) 100vw, 1024px\" \/><figcaption><em>Z\u00e1pad slunce nad Mt. Meru p\u0159i pohledu z Burunge Tented Lodge<\/em><\/figcaption><\/figure><\/div>\n\n\n\n<div class=\"wp-block-image\"><figure class=\"aligncenter size-large\"><img loading=\"lazy\" decoding=\"async\" width=\"1024\" height=\"683\" src=\"https:\/\/www.kilimandzaro-safari.cz\/wp-content\/uploads\/2020\/12\/burunge-tented-lodge-accomodation-02.jpg\" alt=\"V\u00fdhled z pokoje na jezero\" class=\"wp-image-3620\" srcset=\"https:\/\/www.kilimandzaro-safari.cz\/wp-content\/uploads\/2020\/12\/burunge-tented-lodge-accomodation-02.jpg 1024w, https:\/\/www.kilimandzaro-safari.cz\/wp-content\/uploads\/2020\/12\/burunge-tented-lodge-accomodation-02-300x200.jpg 300w, https:\/\/www.kilimandzaro-safari.cz\/wp-content\/uploads\/2020\/12\/burunge-tented-lodge-accomodation-02-768x512.jpg 768w, https:\/\/www.kilimandzaro-safari.cz\/wp-content\/uploads\/2020\/12\/burunge-tented-lodge-accomodation-02-330x220.jpg 330w\" sizes=\"auto, (max-width: 1024px) 100vw, 1024px\" \/><figcaption><em>V\u00fdhled z pokoje na jezero<\/em><\/figcaption><\/figure><\/div>\n\n\n\n<p>Spole\u010dn\u00e9 prostory resortu zahrnuj\u00ed prostor k odpo\u010dinku s pohodln\u00fdmi pohovkami, venkovn\u00edm a vnit\u0159n\u00edm stolov\u00e1n\u00edm a plaveck\u00fdm baz\u00e9nem. <\/p>\n\n\n\n<div class=\"wp-block-image\"><figure class=\"aligncenter size-large\"><img loading=\"lazy\" decoding=\"async\" width=\"1024\" height=\"576\" src=\"https:\/\/www.kilimandzaro-safari.cz\/wp-content\/uploads\/2020\/12\/burunge-tented-lodge-facilities-07.jpg\" alt=\"M\u00edsto k odpo\u010dinku s baz\u00e9nem\" class=\"wp-image-3622\" srcset=\"https:\/\/www.kilimandzaro-safari.cz\/wp-content\/uploads\/2020\/12\/burunge-tented-lodge-facilities-07.jpg 1024w, https:\/\/www.kilimandzaro-safari.cz\/wp-content\/uploads\/2020\/12\/burunge-tented-lodge-facilities-07-300x169.jpg 300w, https:\/\/www.kilimandzaro-safari.cz\/wp-content\/uploads\/2020\/12\/burunge-tented-lodge-facilities-07-768x432.jpg 768w\" sizes=\"auto, (max-width: 1024px) 100vw, 1024px\" \/><figcaption><em>M\u00edsto k odpo\u010dinku s baz\u00e9nem<\/em><\/figcaption><\/figure><\/div>\n\n\n\n<div class=\"wp-block-image\"><figure class=\"aligncenter size-large\"><img loading=\"lazy\" decoding=\"async\" width=\"1024\" height=\"732\" src=\"https:\/\/www.kilimandzaro-safari.cz\/wp-content\/uploads\/2020\/12\/burunge-tented-lodge-facilities-08.jpg\" alt=\"Stylov\u00e9 m\u00edsto ke stolov\u00e1n\u00ed\" class=\"wp-image-3623\" srcset=\"https:\/\/www.kilimandzaro-safari.cz\/wp-content\/uploads\/2020\/12\/burunge-tented-lodge-facilities-08.jpg 1024w, https:\/\/www.kilimandzaro-safari.cz\/wp-content\/uploads\/2020\/12\/burunge-tented-lodge-facilities-08-300x214.jpg 300w, https:\/\/www.kilimandzaro-safari.cz\/wp-content\/uploads\/2020\/12\/burunge-tented-lodge-facilities-08-768x549.jpg 768w\" sizes=\"auto, (max-width: 1024px) 100vw, 1024px\" \/><figcaption><em>Stylov\u00e9 m\u00edsto ke stolov\u00e1n\u00ed<\/em><\/figcaption><\/figure><\/div>\n\n\n\n<div class=\"wp-block-image\"><figure class=\"aligncenter size-large\"><img loading=\"lazy\" decoding=\"async\" width=\"1024\" height=\"681\" src=\"https:\/\/www.kilimandzaro-safari.cz\/wp-content\/uploads\/2020\/12\/burunge-tented-lodge-facilities-03.jpg\" alt=\"Atmosf\u00e9ra po setm\u011bn\u00ed je neopakovateln\u00e1\" class=\"wp-image-3624\" srcset=\"https:\/\/www.kilimandzaro-safari.cz\/wp-content\/uploads\/2020\/12\/burunge-tented-lodge-facilities-03.jpg 1024w, https:\/\/www.kilimandzaro-safari.cz\/wp-content\/uploads\/2020\/12\/burunge-tented-lodge-facilities-03-300x200.jpg 300w, https:\/\/www.kilimandzaro-safari.cz\/wp-content\/uploads\/2020\/12\/burunge-tented-lodge-facilities-03-768x511.jpg 768w, https:\/\/www.kilimandzaro-safari.cz\/wp-content\/uploads\/2020\/12\/burunge-tented-lodge-facilities-03-330x220.jpg 330w\" sizes=\"auto, (max-width: 1024px) 100vw, 1024px\" \/><figcaption><em>Atmosf\u00e9ra po setm\u011bn\u00ed je neopakovateln\u00e1<\/em><\/figcaption><\/figure><\/div>\n\n\n\n<p>Ka\u017ed\u00fd pokoj m\u00e1 moskyti\u00e9ry, ventil\u00e1tory, miner\u00e1ln\u00ed vodu a sol\u00e1rn\u00ed elekt\u0159inu.<\/p>\n\n\n\n<figure class=\"wp-block-image size-large\"><img loading=\"lazy\" decoding=\"async\" width=\"1024\" height=\"681\" src=\"https:\/\/www.kilimandzaro-safari.cz\/wp-content\/uploads\/2020\/12\/burunge-tented-lodge-accomodation-04.jpg\" alt=\"V\u0161echny pokoje jsou prostorn\u00e9 a komfortn\u011b vybaven\u00e9\" class=\"wp-image-3618\" srcset=\"https:\/\/www.kilimandzaro-safari.cz\/wp-content\/uploads\/2020\/12\/burunge-tented-lodge-accomodation-04.jpg 1024w, https:\/\/www.kilimandzaro-safari.cz\/wp-content\/uploads\/2020\/12\/burunge-tented-lodge-accomodation-04-300x200.jpg 300w, https:\/\/www.kilimandzaro-safari.cz\/wp-content\/uploads\/2020\/12\/burunge-tented-lodge-accomodation-04-768x511.jpg 768w, https:\/\/www.kilimandzaro-safari.cz\/wp-content\/uploads\/2020\/12\/burunge-tented-lodge-accomodation-04-330x220.jpg 330w\" sizes=\"auto, (max-width: 1024px) 100vw, 1024px\" \/><figcaption><em>V\u0161echny pokoje jsou prostorn\u00e9 a komfortn\u011b vybaven\u00e9<\/em><\/figcaption><\/figure>\n\n\n\n<p>Ka\u017ed\u00fd ve\u010der se zap\u00e1l\u00ed t\u00e1borov\u00fd ohe\u0148 a host\u00e9 si mohou vychutnat z\u00e1pad slunce s n\u00e1poji a p\u0159edkrmy. Pokud po\u010das\u00ed dovol\u00ed, i ve\u010de\u0159e se bude se pod\u00e1vat venku pod hv\u011bzdami.<\/p>\n\n\n\n<div class=\"wp-block-image\"><figure class=\"aligncenter size-large\"><img loading=\"lazy\" decoding=\"async\" width=\"1024\" height=\"731\" src=\"https:\/\/www.kilimandzaro-safari.cz\/wp-content\/uploads\/2020\/12\/burunge-tented-lodge-facilities-04.jpg\" alt=\"Ve\u010de\u0159e venku na terase je velmi p\u0159\u00edjemn\u00fdm relaxa\u010dn\u00edm z\u00e1\u017eitkem\" class=\"wp-image-3619\" srcset=\"https:\/\/www.kilimandzaro-safari.cz\/wp-content\/uploads\/2020\/12\/burunge-tented-lodge-facilities-04.jpg 1024w, https:\/\/www.kilimandzaro-safari.cz\/wp-content\/uploads\/2020\/12\/burunge-tented-lodge-facilities-04-300x214.jpg 300w, https:\/\/www.kilimandzaro-safari.cz\/wp-content\/uploads\/2020\/12\/burunge-tented-lodge-facilities-04-768x548.jpg 768w\" sizes=\"auto, (max-width: 1024px) 100vw, 1024px\" \/><figcaption><em>Ve\u010de\u0159e venku na terase je velmi p\u0159\u00edjemn\u00fdm relaxa\u010dn\u00edm z\u00e1\u017eitkem<\/em><\/figcaption><\/figure><\/div>\n\n\n\n<h2 class=\"wp-block-heading\">V\u00edce informac\u00ed o Burunge Tented Lodge<\/h2>\n\n\n\n<ul class=\"wp-block-list\"><li> <a href=\"http:\/\/twctanzania.com\/accommodation\/lake-burunge-tented-lodge\/\" target=\"_blank\" rel=\"noreferrer noopener\">Ofici\u00e1ln\u00ed str\u00e1nky Burunge Tented Lodge<\/a><\/span> v angli\u010dtin\u011b<\/li><li> <a href=\"https:\/\/www.tripadvisor.cz\/Hotel_Review-g608450-d1206259-Reviews-Lake_Burunge_Tented_Camp-Tarangire_National_Park_Arusha_Region.html\" target=\"_blank\" rel=\"noreferrer noopener\">Reference na Trip Advisor<\/a><\/span> &#8211; z\u00e1kazn\u00edci mu dali vynikaj\u00edc\u00ed hodnocen\u00ed 4,5 z 5 mo\u017en\u00fdch. Oce\u0148uj\u00ed lokalitu, \u010distotu, slu\u017eby i pom\u011br mezi kvalitou a cenou.<\/li><\/ul>\n\n\n\n<h2 class=\"wp-block-heading\">Nab\u00eddka safari<\/h2>\n\n\n\n<p>Pokud se zaj\u00edm\u00e1te o dovolenou v Tanzanii se safari v\u00fdlety, m\u016f\u017eete se pod\u00edvat na kompletn\u00ed  <a href=\"https:\/\/www.kilimandzaro-safari.cz\/index.php\/vyberte-dovolenou\/safari-nejen-v-serengeti\/\">nab\u00eddku standardn\u00edch safari program\u016f<\/a><\/span> od Meru Slopes.<\/p>\n\n\n\n<p>Doporu\u010den\u00e9 programy zahrnuj\u00edc\u00ed ubytov\u00e1n\u00ed v Burunge Tented Lodge:<\/p>\n\n\n\n<ul class=\"wp-block-list\"><li><a href=\"https:\/\/www.kilimandzaro-safari.cz\/index.php\/vyberte-dovolenou\/safari-nejen-v-serengeti\/2-dny-np-tarangire-v-chatkach\/\"> 2 dny n\u00e1rodn\u00ed park Tarangire v chatk\u00e1ch<\/span><\/a><\/li><li><a href=\"https:\/\/www.kilimandzaro-safari.cz\/index.php\/vyberte-dovolenou\/safari-nejen-v-serengeti\/3-dny-parky-tarangire-a-ngorongoro-v-chatkach\/\"> 3 dny &#8211; parky Tarangire a Ngorongoro<\/span><\/a> (doporu\u010deno)<\/li><\/ul>\n\n\n\n<p>Pokud by v\u00e1m nevyhovovaly na\u0161e standardn\u00ed safari programy, r\u00e1di v\u00e1m p\u0159iprav\u00edme program na m\u00edru, p\u0159esn\u011b podle va\u0161ich po\u017eadavk\u016f.<\/p>\n\n\n<div class=\"su-button-center\"><a href=\"https:\/\/www.kilimandzaro-safari.cz\/index.php\/kontaktujte-nas\/\" class=\"su-button su-button-style-default\" style=\"color:#FFFFFF;background-color:#D20A0A;border-color:#a80808;border-radius:3px\" target=\"_self\" title=\"M\u00e1m z\u00e1jem o nab\u00eddku na safari.\"><span style=\"color:#FFFFFF;padding:0px 22px;font-size:17px;line-height:34px;border-color:#e05454;border-radius:3px;text-shadow:none\"> M\u00c1M Z\u00c1JEM O NAB\u00cdDKU NA SAFARI <\/span><\/a><\/div>\n","protected":false},"excerpt":{"rendered":"<p>Burunge Tented Lodge je um\u00edst\u011bn\u00fd v kr\u00e1sn\u00e9m prost\u0159ed\u00ed na b\u0159ehu jezera Burunge, v\u00a0p\u0159\u00edrodn\u00ed rezervaci p\u0159\u00edmo soused\u00edc\u00ed s\u00a0n\u00e1rodn\u00edm parkem Tarangire. Zde m\u016f\u017eete str\u00e1vit unik\u00e1tn\u00ed noc pod africk\u00fdm nebem v\u00a0t\u011bsn\u00e9m sep\u011bt\u00ed s\u00a0p\u0159\u00edrodou. V kempu se nach\u00e1z\u00ed dvacet komfortn\u00edch a prostorn\u00fdch stanov\u00fdch chatek a deset pokoj\u016f v bungalovech s priv\u00e1tn\u00ed koupelnou a terasou. V\u0161echny jsou zasazen\u00e9ho do stinn\u00e9ho&#8230;<\/p>\n","protected":false},"author":1,"featured_media":0,"parent":2300,"menu_order":100,"comment_status":"closed","ping_status":"closed","template":"","meta":{"_monsterinsights_skip_tracking":false,"_monsterinsights_sitenote_active":false,"_monsterinsights_sitenote_note":"","_monsterinsights_sitenote_category":0,"_kad_post_transparent":"","_kad_post_title":"","_kad_post_layout":"","_kad_post_sidebar_id":"","_kad_post_content_style":"","_kad_post_vertical_padding":"","_kad_post_feature":"","_kad_post_feature_position":"","_kad_post_header":false,"_kad_post_footer":false,"_kad_post_classname":"","jetpack_post_was_ever_published":false,"footnotes":""},"class_list":["post-3611","page","type-page","status-publish","hentry"],"yoast_head":"<!-- This site is optimized with the Yoast SEO plugin v27.5 - https:\/\/yoast.com\/product\/yoast-seo-wordpress\/ -->\n<title>Burunge Tented Lodge - DOVOLEN\u00c1 V TANZANII<\/title>\n<meta name=\"description\" content=\"Burunge Tented Lodge je um\u00edst\u011bn\u00fd v kr\u00e1sn\u00e9m prost\u0159ed\u00ed v rezervaci u jezera. Zde m\u016f\u017eete str\u00e1vit unik\u00e1tn\u00ed noc pod africk\u00fdm nebem v bl\u00edzk\u00e9m sep\u011bt\u00ed s p\u0159\u00edrodou.\" \/>\n<meta name=\"robots\" content=\"index, follow, max-snippet:-1, max-image-preview:large, max-video-preview:-1\" \/>\n<link rel=\"canonical\" href=\"https:\/\/www.kilimandzaro-safari.cz\/index.php\/ubytovani-v-tanzanii\/burunge-tented-lodge\/\" \/>\n<meta property=\"og:locale\" content=\"cs_CZ\" \/>\n<meta property=\"og:type\" content=\"article\" \/>\n<meta property=\"og:title\" content=\"Burunge Tented Lodge - DOVOLEN\u00c1 V TANZANII\" \/>\n<meta property=\"og:description\" content=\"Burunge Tented Lodge je um\u00edst\u011bn\u00fd v kr\u00e1sn\u00e9m prost\u0159ed\u00ed v rezervaci u jezera. Zde m\u016f\u017eete str\u00e1vit unik\u00e1tn\u00ed noc pod africk\u00fdm nebem v bl\u00edzk\u00e9m sep\u011bt\u00ed s p\u0159\u00edrodou.\" \/>\n<meta property=\"og:url\" content=\"https:\/\/www.kilimandzaro-safari.cz\/index.php\/ubytovani-v-tanzanii\/burunge-tented-lodge\/\" \/>\n<meta property=\"og:site_name\" content=\"DOVOLEN\u00c1 V TANZANII\" \/>\n<meta property=\"article:modified_time\" content=\"2020-12-01T09:11:37+00:00\" \/>\n<meta property=\"og:image\" content=\"https:\/\/www.kilimandzaro-safari.cz\/wp-content\/uploads\/2020\/12\/burunge-tented-lodge-facilities-01.jpg\" \/>\n\t<meta property=\"og:image:width\" content=\"1024\" \/>\n\t<meta property=\"og:image:height\" content=\"683\" \/>\n\t<meta property=\"og:image:type\" content=\"image\/jpeg\" \/>\n<meta name=\"twitter:card\" content=\"summary_large_image\" \/>\n<meta name=\"twitter:label1\" content=\"Odhadovan\u00e1 doba \u010dten\u00ed\" \/>\n\t<meta name=\"twitter:data1\" content=\"2 minuty\" \/>\n<script type=\"application\/ld+json\" class=\"yoast-schema-graph\">{\"@context\":\"https:\\\/\\\/schema.org\",\"@graph\":[{\"@type\":\"WebPage\",\"@id\":\"https:\\\/\\\/www.kilimandzaro-safari.cz\\\/index.php\\\/ubytovani-v-tanzanii\\\/burunge-tented-lodge\\\/\",\"url\":\"https:\\\/\\\/www.kilimandzaro-safari.cz\\\/index.php\\\/ubytovani-v-tanzanii\\\/burunge-tented-lodge\\\/\",\"name\":\"Burunge Tented Lodge - DOVOLEN\u00c1 V TANZANII\",\"isPartOf\":{\"@id\":\"https:\\\/\\\/www.kilimandzaro-safari.cz\\\/#website\"},\"primaryImageOfPage\":{\"@id\":\"https:\\\/\\\/www.kilimandzaro-safari.cz\\\/index.php\\\/ubytovani-v-tanzanii\\\/burunge-tented-lodge\\\/#primaryimage\"},\"image\":{\"@id\":\"https:\\\/\\\/www.kilimandzaro-safari.cz\\\/index.php\\\/ubytovani-v-tanzanii\\\/burunge-tented-lodge\\\/#primaryimage\"},\"thumbnailUrl\":\"https:\\\/\\\/www.kilimandzaro-safari.cz\\\/wp-content\\\/uploads\\\/2020\\\/12\\\/burunge-tented-lodge-facilities-01.jpg\",\"datePublished\":\"2020-12-01T09:11:35+00:00\",\"dateModified\":\"2020-12-01T09:11:37+00:00\",\"description\":\"Burunge Tented Lodge je um\u00edst\u011bn\u00fd v kr\u00e1sn\u00e9m prost\u0159ed\u00ed v rezervaci u jezera. Zde m\u016f\u017eete str\u00e1vit unik\u00e1tn\u00ed noc pod africk\u00fdm nebem v bl\u00edzk\u00e9m sep\u011bt\u00ed s p\u0159\u00edrodou.\",\"breadcrumb\":{\"@id\":\"https:\\\/\\\/www.kilimandzaro-safari.cz\\\/index.php\\\/ubytovani-v-tanzanii\\\/burunge-tented-lodge\\\/#breadcrumb\"},\"inLanguage\":\"cs\",\"potentialAction\":[{\"@type\":\"ReadAction\",\"target\":[\"https:\\\/\\\/www.kilimandzaro-safari.cz\\\/index.php\\\/ubytovani-v-tanzanii\\\/burunge-tented-lodge\\\/\"]}]},{\"@type\":\"ImageObject\",\"inLanguage\":\"cs\",\"@id\":\"https:\\\/\\\/www.kilimandzaro-safari.cz\\\/index.php\\\/ubytovani-v-tanzanii\\\/burunge-tented-lodge\\\/#primaryimage\",\"url\":\"https:\\\/\\\/www.kilimandzaro-safari.cz\\\/wp-content\\\/uploads\\\/2020\\\/12\\\/burunge-tented-lodge-facilities-01.jpg\",\"contentUrl\":\"https:\\\/\\\/www.kilimandzaro-safari.cz\\\/wp-content\\\/uploads\\\/2020\\\/12\\\/burunge-tented-lodge-facilities-01.jpg\",\"width\":1024,\"height\":683},{\"@type\":\"BreadcrumbList\",\"@id\":\"https:\\\/\\\/www.kilimandzaro-safari.cz\\\/index.php\\\/ubytovani-v-tanzanii\\\/burunge-tented-lodge\\\/#breadcrumb\",\"itemListElement\":[{\"@type\":\"ListItem\",\"position\":1,\"name\":\"Dom\u016f\",\"item\":\"https:\\\/\\\/www.kilimandzaro-safari.cz\\\/\"},{\"@type\":\"ListItem\",\"position\":2,\"name\":\"Ubytov\u00e1n\u00ed v Tanzanii\",\"item\":\"https:\\\/\\\/www.kilimandzaro-safari.cz\\\/index.php\\\/ubytovani-v-tanzanii\\\/\"},{\"@type\":\"ListItem\",\"position\":3,\"name\":\"Burunge Tented Lodge\"}]},{\"@type\":\"WebSite\",\"@id\":\"https:\\\/\\\/www.kilimandzaro-safari.cz\\\/#website\",\"url\":\"https:\\\/\\\/www.kilimandzaro-safari.cz\\\/\",\"name\":\"DOVOLEN\u00c1 V TANZANII\",\"description\":\"Exotick\u00e1 dovolen\u00e1 v Tanzanii za atraktivn\u00ed ceny od m\u00edstn\u00ed CK. V\u00fdstup na Kilimand\u017e\u00e1ro a Mt. Meru, safari v Serengeti, Ngorongoro a dal\u0161\u00edch parc\u00edch, trek za \u0161impanzi, n\u00e1v\u0161t\u011bva Masaj\u016f i pobyt na kr\u00e1sn\u00fdch pl\u00e1\u017e\u00edch ostrova Zanzibar. Program na m\u00edru.\",\"publisher\":{\"@id\":\"https:\\\/\\\/www.kilimandzaro-safari.cz\\\/#organization\"},\"potentialAction\":[{\"@type\":\"SearchAction\",\"target\":{\"@type\":\"EntryPoint\",\"urlTemplate\":\"https:\\\/\\\/www.kilimandzaro-safari.cz\\\/?s={search_term_string}\"},\"query-input\":{\"@type\":\"PropertyValueSpecification\",\"valueRequired\":true,\"valueName\":\"search_term_string\"}}],\"inLanguage\":\"cs\"},{\"@type\":\"Organization\",\"@id\":\"https:\\\/\\\/www.kilimandzaro-safari.cz\\\/#organization\",\"name\":\"DOVOLEN\u00c1 V TANZANII\",\"url\":\"https:\\\/\\\/www.kilimandzaro-safari.cz\\\/\",\"logo\":{\"@type\":\"ImageObject\",\"inLanguage\":\"cs\",\"@id\":\"https:\\\/\\\/www.kilimandzaro-safari.cz\\\/#\\\/schema\\\/logo\\\/image\\\/\",\"url\":\"https:\\\/\\\/www.kilimandzaro-safari.cz\\\/wp-content\\\/uploads\\\/2025\\\/02\\\/rsz_merulogo.jpg\",\"contentUrl\":\"https:\\\/\\\/www.kilimandzaro-safari.cz\\\/wp-content\\\/uploads\\\/2025\\\/02\\\/rsz_merulogo.jpg\",\"width\":782,\"height\":381,\"caption\":\"DOVOLEN\u00c1 V TANZANII\"},\"image\":{\"@id\":\"https:\\\/\\\/www.kilimandzaro-safari.cz\\\/#\\\/schema\\\/logo\\\/image\\\/\"}}]}<\/script>\n<!-- \/ Yoast SEO plugin. -->","yoast_head_json":{"title":"Burunge Tented Lodge - DOVOLEN\u00c1 V TANZANII","description":"Burunge Tented Lodge je um\u00edst\u011bn\u00fd v kr\u00e1sn\u00e9m prost\u0159ed\u00ed v rezervaci u jezera. Zde m\u016f\u017eete str\u00e1vit unik\u00e1tn\u00ed noc pod africk\u00fdm nebem v bl\u00edzk\u00e9m sep\u011bt\u00ed s p\u0159\u00edrodou.","robots":{"index":"index","follow":"follow","max-snippet":"max-snippet:-1","max-image-preview":"max-image-preview:large","max-video-preview":"max-video-preview:-1"},"canonical":"https:\/\/www.kilimandzaro-safari.cz\/index.php\/ubytovani-v-tanzanii\/burunge-tented-lodge\/","og_locale":"cs_CZ","og_type":"article","og_title":"Burunge Tented Lodge - DOVOLEN\u00c1 V TANZANII","og_description":"Burunge Tented Lodge je um\u00edst\u011bn\u00fd v kr\u00e1sn\u00e9m prost\u0159ed\u00ed v rezervaci u jezera. Zde m\u016f\u017eete str\u00e1vit unik\u00e1tn\u00ed noc pod africk\u00fdm nebem v bl\u00edzk\u00e9m sep\u011bt\u00ed s p\u0159\u00edrodou.","og_url":"https:\/\/www.kilimandzaro-safari.cz\/index.php\/ubytovani-v-tanzanii\/burunge-tented-lodge\/","og_site_name":"DOVOLEN\u00c1 V TANZANII","article_modified_time":"2020-12-01T09:11:37+00:00","og_image":[{"width":1024,"height":683,"url":"https:\/\/www.kilimandzaro-safari.cz\/wp-content\/uploads\/2020\/12\/burunge-tented-lodge-facilities-01.jpg","type":"image\/jpeg"}],"twitter_card":"summary_large_image","twitter_misc":{"Odhadovan\u00e1 doba \u010dten\u00ed":"2 minuty"},"schema":{"@context":"https:\/\/schema.org","@graph":[{"@type":"WebPage","@id":"https:\/\/www.kilimandzaro-safari.cz\/index.php\/ubytovani-v-tanzanii\/burunge-tented-lodge\/","url":"https:\/\/www.kilimandzaro-safari.cz\/index.php\/ubytovani-v-tanzanii\/burunge-tented-lodge\/","name":"Burunge Tented Lodge - DOVOLEN\u00c1 V TANZANII","isPartOf":{"@id":"https:\/\/www.kilimandzaro-safari.cz\/#website"},"primaryImageOfPage":{"@id":"https:\/\/www.kilimandzaro-safari.cz\/index.php\/ubytovani-v-tanzanii\/burunge-tented-lodge\/#primaryimage"},"image":{"@id":"https:\/\/www.kilimandzaro-safari.cz\/index.php\/ubytovani-v-tanzanii\/burunge-tented-lodge\/#primaryimage"},"thumbnailUrl":"https:\/\/www.kilimandzaro-safari.cz\/wp-content\/uploads\/2020\/12\/burunge-tented-lodge-facilities-01.jpg","datePublished":"2020-12-01T09:11:35+00:00","dateModified":"2020-12-01T09:11:37+00:00","description":"Burunge Tented Lodge je um\u00edst\u011bn\u00fd v kr\u00e1sn\u00e9m prost\u0159ed\u00ed v rezervaci u jezera. Zde m\u016f\u017eete str\u00e1vit unik\u00e1tn\u00ed noc pod africk\u00fdm nebem v bl\u00edzk\u00e9m sep\u011bt\u00ed s p\u0159\u00edrodou.","breadcrumb":{"@id":"https:\/\/www.kilimandzaro-safari.cz\/index.php\/ubytovani-v-tanzanii\/burunge-tented-lodge\/#breadcrumb"},"inLanguage":"cs","potentialAction":[{"@type":"ReadAction","target":["https:\/\/www.kilimandzaro-safari.cz\/index.php\/ubytovani-v-tanzanii\/burunge-tented-lodge\/"]}]},{"@type":"ImageObject","inLanguage":"cs","@id":"https:\/\/www.kilimandzaro-safari.cz\/index.php\/ubytovani-v-tanzanii\/burunge-tented-lodge\/#primaryimage","url":"https:\/\/www.kilimandzaro-safari.cz\/wp-content\/uploads\/2020\/12\/burunge-tented-lodge-facilities-01.jpg","contentUrl":"https:\/\/www.kilimandzaro-safari.cz\/wp-content\/uploads\/2020\/12\/burunge-tented-lodge-facilities-01.jpg","width":1024,"height":683},{"@type":"BreadcrumbList","@id":"https:\/\/www.kilimandzaro-safari.cz\/index.php\/ubytovani-v-tanzanii\/burunge-tented-lodge\/#breadcrumb","itemListElement":[{"@type":"ListItem","position":1,"name":"Dom\u016f","item":"https:\/\/www.kilimandzaro-safari.cz\/"},{"@type":"ListItem","position":2,"name":"Ubytov\u00e1n\u00ed v Tanzanii","item":"https:\/\/www.kilimandzaro-safari.cz\/index.php\/ubytovani-v-tanzanii\/"},{"@type":"ListItem","position":3,"name":"Burunge Tented Lodge"}]},{"@type":"WebSite","@id":"https:\/\/www.kilimandzaro-safari.cz\/#website","url":"https:\/\/www.kilimandzaro-safari.cz\/","name":"DOVOLEN\u00c1 V TANZANII","description":"Exotick\u00e1 dovolen\u00e1 v Tanzanii za atraktivn\u00ed ceny od m\u00edstn\u00ed CK. V\u00fdstup na Kilimand\u017e\u00e1ro a Mt. Meru, safari v Serengeti, Ngorongoro a dal\u0161\u00edch parc\u00edch, trek za \u0161impanzi, n\u00e1v\u0161t\u011bva Masaj\u016f i pobyt na kr\u00e1sn\u00fdch pl\u00e1\u017e\u00edch ostrova Zanzibar. Program na m\u00edru.","publisher":{"@id":"https:\/\/www.kilimandzaro-safari.cz\/#organization"},"potentialAction":[{"@type":"SearchAction","target":{"@type":"EntryPoint","urlTemplate":"https:\/\/www.kilimandzaro-safari.cz\/?s={search_term_string}"},"query-input":{"@type":"PropertyValueSpecification","valueRequired":true,"valueName":"search_term_string"}}],"inLanguage":"cs"},{"@type":"Organization","@id":"https:\/\/www.kilimandzaro-safari.cz\/#organization","name":"DOVOLEN\u00c1 V TANZANII","url":"https:\/\/www.kilimandzaro-safari.cz\/","logo":{"@type":"ImageObject","inLanguage":"cs","@id":"https:\/\/www.kilimandzaro-safari.cz\/#\/schema\/logo\/image\/","url":"https:\/\/www.kilimandzaro-safari.cz\/wp-content\/uploads\/2025\/02\/rsz_merulogo.jpg","contentUrl":"https:\/\/www.kilimandzaro-safari.cz\/wp-content\/uploads\/2025\/02\/rsz_merulogo.jpg","width":782,"height":381,"caption":"DOVOLEN\u00c1 V TANZANII"},"image":{"@id":"https:\/\/www.kilimandzaro-safari.cz\/#\/schema\/logo\/image\/"}}]}},"jetpack_sharing_enabled":true,"jetpack_shortlink":"https:\/\/wp.me\/PapSWj-Wf","_links":{"self":[{"href":"https:\/\/www.kilimandzaro-safari.cz\/index.php\/wp-json\/wp\/v2\/pages\/3611","targetHints":{"allow":["GET"]}}],"collection":[{"href":"https:\/\/www.kilimandzaro-safari.cz\/index.php\/wp-json\/wp\/v2\/pages"}],"about":[{"href":"https:\/\/www.kilimandzaro-safari.cz\/index.php\/wp-json\/wp\/v2\/types\/page"}],"author":[{"embeddable":true,"href":"https:\/\/www.kilimandzaro-safari.cz\/index.php\/wp-json\/wp\/v2\/users\/1"}],"replies":[{"embeddable":true,"href":"https:\/\/www.kilimandzaro-safari.cz\/index.php\/wp-json\/wp\/v2\/comments?post=3611"}],"version-history":[{"count":14,"href":"https:\/\/www.kilimandzaro-safari.cz\/index.php\/wp-json\/wp\/v2\/pages\/3611\/revisions"}],"predecessor-version":[{"id":3635,"href":"https:\/\/www.kilimandzaro-safari.cz\/index.php\/wp-json\/wp\/v2\/pages\/3611\/revisions\/3635"}],"up":[{"embeddable":true,"href":"https:\/\/www.kilimandzaro-safari.cz\/index.php\/wp-json\/wp\/v2\/pages\/2300"}],"wp:attachment":[{"href":"https:\/\/www.kilimandzaro-safari.cz\/index.php\/wp-json\/wp\/v2\/media?parent=3611"}],"curies":[{"name":"wp","href":"https:\/\/api.w.org\/{rel}","templated":true}]}}