{"id":82,"date":"2018-11-03T16:58:29","date_gmt":"2018-11-03T15:58:29","guid":{"rendered":"http:\/\/www.serengetijoytours.cz\/?page_id=82"},"modified":"2023-04-07T21:03:21","modified_gmt":"2023-04-07T20:03:21","slug":"kontaktujte-nas","status":"publish","type":"page","link":"https:\/\/www.kilimandzaro-safari.cz\/index.php\/kontaktujte-nas\/","title":{"rendered":"Kontaktujte n\u00e1s"},"content":{"rendered":"\n<p>Uv\u00edt\u00e1me jak\u00e9koliv va\u0161e dotazy a p\u0159ipom\u00ednky.\u00a0Porad\u00edme v\u00e1m s v\u00fdb\u011brem a organizac\u00ed dovolen\u00e9.\u00a0R\u00e1di v\u00e1m p\u0159iprav\u00edme nab\u00eddku na m\u00edru podle va\u0161ich konkr\u00e9tn\u00edch po\u017eadavk\u016f.<\/p>\n\n\n\n<div class=\"wp-block-contact-form-7-contact-form-selector\">\n<div class=\"wpcf7 no-js\" id=\"wpcf7-f81-o1\" lang=\"cs-CZ\" dir=\"ltr\" data-wpcf7-id=\"81\">\n<div class=\"screen-reader-response\"><p role=\"status\" aria-live=\"polite\" aria-atomic=\"true\"><\/p> <ul><\/ul><\/div>\n<form action=\"\/index.php\/wp-json\/wp\/v2\/pages\/82#wpcf7-f81-o1\" method=\"post\" class=\"wpcf7-form init\" aria-label=\"Kontaktn\u00ed formul\u00e1\u0159\" novalidate=\"novalidate\" data-status=\"init\">\n<fieldset class=\"hidden-fields-container\"><input type=\"hidden\" name=\"_wpcf7\" value=\"81\" \/><input type=\"hidden\" name=\"_wpcf7_version\" value=\"6.1.5\" \/><input type=\"hidden\" name=\"_wpcf7_locale\" value=\"cs_CZ\" \/><input type=\"hidden\" name=\"_wpcf7_unit_tag\" value=\"wpcf7-f81-o1\" \/><input type=\"hidden\" name=\"_wpcf7_container_post\" value=\"0\" \/><input type=\"hidden\" name=\"_wpcf7_posted_data_hash\" value=\"\" \/><input type=\"hidden\" name=\"_wpcf7_recaptcha_response\" value=\"\" \/>\n<\/fieldset>\n<p><label> Va\u0161e jm\u00e9no (vy\u017eadov\u00e1no)<br \/>\n<span class=\"wpcf7-form-control-wrap\" data-name=\"your-name\"><input size=\"40\" maxlength=\"400\" class=\"wpcf7-form-control wpcf7-text wpcf7-validates-as-required\" aria-required=\"true\" aria-invalid=\"false\" value=\"\" type=\"text\" name=\"your-name\" \/><\/span> <\/label>\n<\/p>\n<p><label> V\u00e1\u0161 e-mail (vy\u017eadov\u00e1no)<br \/>\n<span class=\"wpcf7-form-control-wrap\" data-name=\"your-email\"><input size=\"40\" maxlength=\"400\" class=\"wpcf7-form-control wpcf7-email wpcf7-validates-as-required wpcf7-text wpcf7-validates-as-email\" aria-required=\"true\" aria-invalid=\"false\" value=\"\" type=\"email\" name=\"your-email\" \/><\/span> <\/label>\n<\/p>\n<p><label> Telefon<br \/>\n<span class=\"wpcf7-form-control-wrap\" data-name=\"your-phone\"><input size=\"40\" maxlength=\"400\" class=\"wpcf7-form-control wpcf7-text\" aria-invalid=\"false\" value=\"\" type=\"text\" name=\"your-phone\" \/><\/span> <\/label>\n<\/p>\n<p><label> P\u0159edm\u011bt<br \/>\n<span class=\"wpcf7-form-control-wrap\" data-name=\"your-subject\"><input size=\"40\" maxlength=\"400\" class=\"wpcf7-form-control wpcf7-text\" aria-invalid=\"false\" value=\"\" type=\"text\" name=\"your-subject\" \/><\/span> <\/label>\n<\/p>\n<p><label> Va\u0161e zpr\u00e1va<br \/>\n<span class=\"wpcf7-form-control-wrap\" data-name=\"your-message\"><textarea cols=\"40\" rows=\"10\" maxlength=\"2000\" class=\"wpcf7-form-control wpcf7-textarea\" aria-invalid=\"false\" name=\"your-message\"><\/textarea><\/span> <\/label>\n<\/p>\n<span class=\"wpcf7-form-control-wrap recaptcha\" data-name=\"recaptcha\"><span data-sitekey=\"6Ld95u4qAAAAADTqknS3LF3JYj0aU-LjIT-wom30\" class=\"wpcf7-form-control wpcf7-recaptcha g-recaptcha\"><\/span>\r\n<noscript>\r\n\t<div class=\"grecaptcha-noscript\">\r\n\t\t<iframe loading=\"lazy\" src=\"https:\/\/www.google.com\/recaptcha\/api\/fallback?k=6Ld95u4qAAAAADTqknS3LF3JYj0aU-LjIT-wom30\" frameborder=\"0\" scrolling=\"no\" width=\"310\" height=\"430\">\r\n\t\t<\/iframe>\r\n\t\t<textarea name=\"g-recaptcha-response\" rows=\"3\" cols=\"40\" placeholder=\"reCaptcha Response Here\">\r\n\t\t<\/textarea>\r\n\t<\/div>\r\n<\/noscript>\r\n<\/span>\n<p><label><br \/>\n<input class=\"wpcf7-form-control wpcf7-submit has-spinner\" type=\"submit\" value=\"Odeslat\" \/><\/label>\n<\/p><div class=\"wpcf7-response-output\" aria-hidden=\"true\"><\/div>\n<\/form>\n<\/div>\n<\/div>\n\n\n\n<p style=\"font-size:15px\"><em>Na v\u011bt\u0161inu obdr\u017een\u00fdch zpr\u00e1v reagujeme tent\u00fd\u017e den. Ve v\u00fdjime\u010dn\u00fdch p\u0159\u00edpadech se ale m\u016f\u017ee st\u00e1t, \u017ee se k n\u00e1m va\u0161e zpr\u00e1va nedostane i p\u0159es to, \u017ee byla \u00fasp\u011b\u0161n\u011b odesl\u00e1na. Pokud od n\u00e1s neobdr\u017e\u00edte odpov\u011b\u010f do 3 dn\u016f, kontaktujte n\u00e1s pros\u00edm je\u0161t\u011b jednou emailem nebo telefonicky. <\/em><\/p>\n\n\n\n<p>Email: <a href=\"mailto:info@kilimandzaro-safari.cz\" target=\"_blank\" rel=\"noreferrer noopener\">info@kilimandzaro-safari.cz<\/a><br>Telefon \/ WhatsApp +420732812251<\/p>\n","protected":false},"excerpt":{"rendered":"<p>Uv\u00edt\u00e1me jak\u00e9koliv va\u0161e dotazy a p\u0159ipom\u00ednky.\u00a0Porad\u00edme v\u00e1m s v\u00fdb\u011brem a organizac\u00ed dovolen\u00e9.\u00a0R\u00e1di v\u00e1m p\u0159iprav\u00edme nab\u00eddku na m\u00edru podle va\u0161ich konkr\u00e9tn\u00edch po\u017eadavk\u016f. Na v\u011bt\u0161inu obdr\u017een\u00fdch zpr\u00e1v reagujeme tent\u00fd\u017e den. Ve v\u00fdjime\u010dn\u00fdch p\u0159\u00edpadech se ale m\u016f\u017ee st\u00e1t, \u017ee se k n\u00e1m va\u0161e zpr\u00e1va nedostane i p\u0159es to, \u017ee byla \u00fasp\u011b\u0161n\u011b odesl\u00e1na. Pokud od n\u00e1s neobdr\u017e\u00edte odpov\u011b\u010f do&#8230;<\/p>\n","protected":false},"author":1,"featured_media":0,"parent":0,"menu_order":8,"comment_status":"closed","ping_status":"closed","template":"","meta":{"_monsterinsights_skip_tracking":false,"_monsterinsights_sitenote_active":false,"_monsterinsights_sitenote_note":"","_monsterinsights_sitenote_category":0,"_kad_post_transparent":"","_kad_post_title":"","_kad_post_layout":"","_kad_post_sidebar_id":"","_kad_post_content_style":"","_kad_post_vertical_padding":"","_kad_post_feature":"","_kad_post_feature_position":"","_kad_post_header":false,"_kad_post_footer":false,"_kad_post_classname":"","jetpack_post_was_ever_published":false,"footnotes":""},"class_list":["post-82","page","type-page","status-publish","hentry"],"yoast_head":"<!-- This site is optimized with the Yoast SEO plugin v27.5 - https:\/\/yoast.com\/product\/yoast-seo-wordpress\/ -->\n<title>Kontaktujte n\u00e1s - DOVOLEN\u00c1 V TANZANII<\/title>\n<meta name=\"robots\" content=\"index, follow, max-snippet:-1, max-image-preview:large, max-video-preview:-1\" \/>\n<link rel=\"canonical\" href=\"https:\/\/www.kilimandzaro-safari.cz\/index.php\/kontaktujte-nas\/\" \/>\n<meta property=\"og:locale\" content=\"cs_CZ\" \/>\n<meta property=\"og:type\" content=\"article\" \/>\n<meta property=\"og:title\" content=\"Kontaktujte n\u00e1s - DOVOLEN\u00c1 V TANZANII\" \/>\n<meta property=\"og:description\" content=\"Uv\u00edt\u00e1me jak\u00e9koliv va\u0161e dotazy a p\u0159ipom\u00ednky.\u00a0Porad\u00edme v\u00e1m s v\u00fdb\u011brem a organizac\u00ed dovolen\u00e9.\u00a0R\u00e1di v\u00e1m p\u0159iprav\u00edme nab\u00eddku na m\u00edru podle va\u0161ich konkr\u00e9tn\u00edch po\u017eadavk\u016f. Na v\u011bt\u0161inu obdr\u017een\u00fdch zpr\u00e1v reagujeme tent\u00fd\u017e den. Ve v\u00fdjime\u010dn\u00fdch p\u0159\u00edpadech se ale m\u016f\u017ee st\u00e1t, \u017ee se k n\u00e1m va\u0161e zpr\u00e1va nedostane i p\u0159es to, \u017ee byla \u00fasp\u011b\u0161n\u011b odesl\u00e1na. Pokud od n\u00e1s neobdr\u017e\u00edte odpov\u011b\u010f do...\" \/>\n<meta property=\"og:url\" content=\"https:\/\/www.kilimandzaro-safari.cz\/index.php\/kontaktujte-nas\/\" \/>\n<meta property=\"og:site_name\" content=\"DOVOLEN\u00c1 V TANZANII\" \/>\n<meta property=\"article:modified_time\" content=\"2023-04-07T20:03:21+00:00\" \/>\n<meta name=\"twitter:card\" content=\"summary_large_image\" \/>\n<meta name=\"twitter:label1\" content=\"Odhadovan\u00e1 doba \u010dten\u00ed\" \/>\n\t<meta name=\"twitter:data1\" content=\"1 minuta\" \/>\n<script type=\"application\/ld+json\" class=\"yoast-schema-graph\">{\"@context\":\"https:\\\/\\\/schema.org\",\"@graph\":[{\"@type\":\"WebPage\",\"@id\":\"https:\\\/\\\/www.kilimandzaro-safari.cz\\\/index.php\\\/kontaktujte-nas\\\/\",\"url\":\"https:\\\/\\\/www.kilimandzaro-safari.cz\\\/index.php\\\/kontaktujte-nas\\\/\",\"name\":\"Kontaktujte n\u00e1s - DOVOLEN\u00c1 V TANZANII\",\"isPartOf\":{\"@id\":\"https:\\\/\\\/www.kilimandzaro-safari.cz\\\/#website\"},\"datePublished\":\"2018-11-03T15:58:29+00:00\",\"dateModified\":\"2023-04-07T20:03:21+00:00\",\"breadcrumb\":{\"@id\":\"https:\\\/\\\/www.kilimandzaro-safari.cz\\\/index.php\\\/kontaktujte-nas\\\/#breadcrumb\"},\"inLanguage\":\"cs\",\"potentialAction\":[{\"@type\":\"ReadAction\",\"target\":[\"https:\\\/\\\/www.kilimandzaro-safari.cz\\\/index.php\\\/kontaktujte-nas\\\/\"]}]},{\"@type\":\"BreadcrumbList\",\"@id\":\"https:\\\/\\\/www.kilimandzaro-safari.cz\\\/index.php\\\/kontaktujte-nas\\\/#breadcrumb\",\"itemListElement\":[{\"@type\":\"ListItem\",\"position\":1,\"name\":\"Dom\u016f\",\"item\":\"https:\\\/\\\/www.kilimandzaro-safari.cz\\\/\"},{\"@type\":\"ListItem\",\"position\":2,\"name\":\"Kontaktujte n\u00e1s\"}]},{\"@type\":\"WebSite\",\"@id\":\"https:\\\/\\\/www.kilimandzaro-safari.cz\\\/#website\",\"url\":\"https:\\\/\\\/www.kilimandzaro-safari.cz\\\/\",\"name\":\"DOVOLEN\u00c1 V TANZANII\",\"description\":\"Exotick\u00e1 dovolen\u00e1 v Tanzanii za atraktivn\u00ed ceny od m\u00edstn\u00ed CK. V\u00fdstup na Kilimand\u017e\u00e1ro a Mt. Meru, safari v Serengeti, Ngorongoro a dal\u0161\u00edch parc\u00edch, trek za \u0161impanzi, n\u00e1v\u0161t\u011bva Masaj\u016f i pobyt na kr\u00e1sn\u00fdch pl\u00e1\u017e\u00edch ostrova Zanzibar. Program na m\u00edru.\",\"publisher\":{\"@id\":\"https:\\\/\\\/www.kilimandzaro-safari.cz\\\/#organization\"},\"potentialAction\":[{\"@type\":\"SearchAction\",\"target\":{\"@type\":\"EntryPoint\",\"urlTemplate\":\"https:\\\/\\\/www.kilimandzaro-safari.cz\\\/?s={search_term_string}\"},\"query-input\":{\"@type\":\"PropertyValueSpecification\",\"valueRequired\":true,\"valueName\":\"search_term_string\"}}],\"inLanguage\":\"cs\"},{\"@type\":\"Organization\",\"@id\":\"https:\\\/\\\/www.kilimandzaro-safari.cz\\\/#organization\",\"name\":\"DOVOLEN\u00c1 V TANZANII\",\"url\":\"https:\\\/\\\/www.kilimandzaro-safari.cz\\\/\",\"logo\":{\"@type\":\"ImageObject\",\"inLanguage\":\"cs\",\"@id\":\"https:\\\/\\\/www.kilimandzaro-safari.cz\\\/#\\\/schema\\\/logo\\\/image\\\/\",\"url\":\"https:\\\/\\\/www.kilimandzaro-safari.cz\\\/wp-content\\\/uploads\\\/2025\\\/02\\\/rsz_merulogo.jpg\",\"contentUrl\":\"https:\\\/\\\/www.kilimandzaro-safari.cz\\\/wp-content\\\/uploads\\\/2025\\\/02\\\/rsz_merulogo.jpg\",\"width\":782,\"height\":381,\"caption\":\"DOVOLEN\u00c1 V TANZANII\"},\"image\":{\"@id\":\"https:\\\/\\\/www.kilimandzaro-safari.cz\\\/#\\\/schema\\\/logo\\\/image\\\/\"}}]}<\/script>\n<!-- \/ Yoast SEO plugin. -->","yoast_head_json":{"title":"Kontaktujte n\u00e1s - DOVOLEN\u00c1 V TANZANII","robots":{"index":"index","follow":"follow","max-snippet":"max-snippet:-1","max-image-preview":"max-image-preview:large","max-video-preview":"max-video-preview:-1"},"canonical":"https:\/\/www.kilimandzaro-safari.cz\/index.php\/kontaktujte-nas\/","og_locale":"cs_CZ","og_type":"article","og_title":"Kontaktujte n\u00e1s - DOVOLEN\u00c1 V TANZANII","og_description":"Uv\u00edt\u00e1me jak\u00e9koliv va\u0161e dotazy a p\u0159ipom\u00ednky.\u00a0Porad\u00edme v\u00e1m s v\u00fdb\u011brem a organizac\u00ed dovolen\u00e9.\u00a0R\u00e1di v\u00e1m p\u0159iprav\u00edme nab\u00eddku na m\u00edru podle va\u0161ich konkr\u00e9tn\u00edch po\u017eadavk\u016f. Na v\u011bt\u0161inu obdr\u017een\u00fdch zpr\u00e1v reagujeme tent\u00fd\u017e den. Ve v\u00fdjime\u010dn\u00fdch p\u0159\u00edpadech se ale m\u016f\u017ee st\u00e1t, \u017ee se k n\u00e1m va\u0161e zpr\u00e1va nedostane i p\u0159es to, \u017ee byla \u00fasp\u011b\u0161n\u011b odesl\u00e1na. Pokud od n\u00e1s neobdr\u017e\u00edte odpov\u011b\u010f do...","og_url":"https:\/\/www.kilimandzaro-safari.cz\/index.php\/kontaktujte-nas\/","og_site_name":"DOVOLEN\u00c1 V TANZANII","article_modified_time":"2023-04-07T20:03:21+00:00","twitter_card":"summary_large_image","twitter_misc":{"Odhadovan\u00e1 doba \u010dten\u00ed":"1 minuta"},"schema":{"@context":"https:\/\/schema.org","@graph":[{"@type":"WebPage","@id":"https:\/\/www.kilimandzaro-safari.cz\/index.php\/kontaktujte-nas\/","url":"https:\/\/www.kilimandzaro-safari.cz\/index.php\/kontaktujte-nas\/","name":"Kontaktujte n\u00e1s - DOVOLEN\u00c1 V TANZANII","isPartOf":{"@id":"https:\/\/www.kilimandzaro-safari.cz\/#website"},"datePublished":"2018-11-03T15:58:29+00:00","dateModified":"2023-04-07T20:03:21+00:00","breadcrumb":{"@id":"https:\/\/www.kilimandzaro-safari.cz\/index.php\/kontaktujte-nas\/#breadcrumb"},"inLanguage":"cs","potentialAction":[{"@type":"ReadAction","target":["https:\/\/www.kilimandzaro-safari.cz\/index.php\/kontaktujte-nas\/"]}]},{"@type":"BreadcrumbList","@id":"https:\/\/www.kilimandzaro-safari.cz\/index.php\/kontaktujte-nas\/#breadcrumb","itemListElement":[{"@type":"ListItem","position":1,"name":"Dom\u016f","item":"https:\/\/www.kilimandzaro-safari.cz\/"},{"@type":"ListItem","position":2,"name":"Kontaktujte n\u00e1s"}]},{"@type":"WebSite","@id":"https:\/\/www.kilimandzaro-safari.cz\/#website","url":"https:\/\/www.kilimandzaro-safari.cz\/","name":"DOVOLEN\u00c1 V TANZANII","description":"Exotick\u00e1 dovolen\u00e1 v Tanzanii za atraktivn\u00ed ceny od m\u00edstn\u00ed CK. V\u00fdstup na Kilimand\u017e\u00e1ro a Mt. Meru, safari v Serengeti, Ngorongoro a dal\u0161\u00edch parc\u00edch, trek za \u0161impanzi, n\u00e1v\u0161t\u011bva Masaj\u016f i pobyt na kr\u00e1sn\u00fdch pl\u00e1\u017e\u00edch ostrova Zanzibar. Program na m\u00edru.","publisher":{"@id":"https:\/\/www.kilimandzaro-safari.cz\/#organization"},"potentialAction":[{"@type":"SearchAction","target":{"@type":"EntryPoint","urlTemplate":"https:\/\/www.kilimandzaro-safari.cz\/?s={search_term_string}"},"query-input":{"@type":"PropertyValueSpecification","valueRequired":true,"valueName":"search_term_string"}}],"inLanguage":"cs"},{"@type":"Organization","@id":"https:\/\/www.kilimandzaro-safari.cz\/#organization","name":"DOVOLEN\u00c1 V TANZANII","url":"https:\/\/www.kilimandzaro-safari.cz\/","logo":{"@type":"ImageObject","inLanguage":"cs","@id":"https:\/\/www.kilimandzaro-safari.cz\/#\/schema\/logo\/image\/","url":"https:\/\/www.kilimandzaro-safari.cz\/wp-content\/uploads\/2025\/02\/rsz_merulogo.jpg","contentUrl":"https:\/\/www.kilimandzaro-safari.cz\/wp-content\/uploads\/2025\/02\/rsz_merulogo.jpg","width":782,"height":381,"caption":"DOVOLEN\u00c1 V TANZANII"},"image":{"@id":"https:\/\/www.kilimandzaro-safari.cz\/#\/schema\/logo\/image\/"}}]}},"jetpack_sharing_enabled":true,"jetpack_shortlink":"https:\/\/wp.me\/PapSWj-1k","_links":{"self":[{"href":"https:\/\/www.kilimandzaro-safari.cz\/index.php\/wp-json\/wp\/v2\/pages\/82","targetHints":{"allow":["GET"]}}],"collection":[{"href":"https:\/\/www.kilimandzaro-safari.cz\/index.php\/wp-json\/wp\/v2\/pages"}],"about":[{"href":"https:\/\/www.kilimandzaro-safari.cz\/index.php\/wp-json\/wp\/v2\/types\/page"}],"author":[{"embeddable":true,"href":"https:\/\/www.kilimandzaro-safari.cz\/index.php\/wp-json\/wp\/v2\/users\/1"}],"replies":[{"embeddable":true,"href":"https:\/\/www.kilimandzaro-safari.cz\/index.php\/wp-json\/wp\/v2\/comments?post=82"}],"version-history":[{"count":27,"href":"https:\/\/www.kilimandzaro-safari.cz\/index.php\/wp-json\/wp\/v2\/pages\/82\/revisions"}],"predecessor-version":[{"id":6089,"href":"https:\/\/www.kilimandzaro-safari.cz\/index.php\/wp-json\/wp\/v2\/pages\/82\/revisions\/6089"}],"wp:attachment":[{"href":"https:\/\/www.kilimandzaro-safari.cz\/index.php\/wp-json\/wp\/v2\/media?parent=82"}],"curies":[{"name":"wp","href":"https:\/\/api.w.org\/{rel}","templated":true}]}}