{"id":8380,"date":"2025-05-06T17:10:17","date_gmt":"2025-05-06T16:10:17","guid":{"rendered":"https:\/\/www.kilimandzaro-safari.cz\/?page_id=8380"},"modified":"2026-02-18T18:40:42","modified_gmt":"2026-02-18T17:40:42","slug":"arusha-tourist-inn","status":"publish","type":"page","link":"https:\/\/www.kilimandzaro-safari.cz\/index.php\/ubytovani-v-tanzanii\/arusha-tourist-inn\/","title":{"rendered":"Arusha Tourist Inn"},"content":{"rendered":"\n<p>Toto ubytovac\u00ed za\u0159\u00edzen\u00ed se m\u016f\u017ee pochlubit v\u00fdhodnou polohou v&nbsp;\u010d\u00e1sti Makao Mapya ve m\u011bst\u011b Arusha, nedaleko m\u00edstn\u00edch atrakc\u00ed jako je m\u00edstn\u00ed tr\u017ei\u0161t\u011b a Arusha Clock Tower a&nbsp;tak\u00e9 \u0159ady restaurac\u00ed a muze\u00ed.<\/p>\n\n\n\n<figure class=\"wp-block-image size-large\"><img loading=\"lazy\" decoding=\"async\" width=\"1024\" height=\"748\" src=\"https:\/\/www.kilimandzaro-safari.cz\/wp-content\/uploads\/2025\/05\/image-1024x748.png\" alt=\"\" class=\"wp-image-8381\" srcset=\"https:\/\/www.kilimandzaro-safari.cz\/wp-content\/uploads\/2025\/05\/image-1024x748.png 1024w, https:\/\/www.kilimandzaro-safari.cz\/wp-content\/uploads\/2025\/05\/image-300x219.png 300w, https:\/\/www.kilimandzaro-safari.cz\/wp-content\/uploads\/2025\/05\/image-768x561.png 768w, https:\/\/www.kilimandzaro-safari.cz\/wp-content\/uploads\/2025\/05\/image.png 1152w\" sizes=\"auto, (max-width: 1024px) 100vw, 1024px\" \/><\/figure>\n\n\n\n<p>Arusha Tourist Inn je turistick\u00fd hotel ni\u017e\u0161\u00ed cenov\u00e9 kategorie nedaleko centr\u00e1ln\u00ed \u010d\u00e1sti m\u011bsta Arusha. Je obl\u00edbenou z\u00e1kladnou pro safari v n\u00e1rodn\u00edch parc\u00edch <a href=\"https:\/\/www.kilimandzaro-safari.cz\/index.php\/o-tanzanii\/narodni-parky-v-tanzanii\/narodni-park-serengeti\/\">Serengeti<\/a>, <a href=\"https:\/\/www.kilimandzaro-safari.cz\/index.php\/o-tanzanii\/narodni-parky-v-tanzanii\/narodni-park-ngorongoro\/\">Ngorongoro<\/a> a dal\u0161\u00ed v\u00fdlety v severn\u00ed Tanzanii. <\/p>\n\n\n<div class=\"wp-block-image\">\n<figure class=\"aligncenter size-full\"><img loading=\"lazy\" decoding=\"async\" width=\"641\" height=\"383\" src=\"https:\/\/www.kilimandzaro-safari.cz\/wp-content\/uploads\/2025\/05\/image-1.png\" alt=\"\" class=\"wp-image-8383\" srcset=\"https:\/\/www.kilimandzaro-safari.cz\/wp-content\/uploads\/2025\/05\/image-1.png 641w, https:\/\/www.kilimandzaro-safari.cz\/wp-content\/uploads\/2025\/05\/image-1-300x179.png 300w\" sizes=\"auto, (max-width: 641px) 100vw, 641px\" \/><\/figure>\n<\/div>\n\n\n<p>Nab\u00edz\u00ed rozumn\u011b velk\u00e9 pokoje s postelemi s moskyti\u00e9rou a vlastn\u00ed koupelnou za p\u0159\u00edznivou cenu. Sou\u010d\u00e1st\u00ed vybaven\u00ed pokoj\u016f je i televize a psac\u00ed st\u016fl.<\/p>\n\n\n\n<div class=\"wp-block-jetpack-slideshow aligncenter\" data-autoplay=\"true\" data-delay=\"3\" data-effect=\"slide\" style=\"--aspect-ratio:calc(1024 \/ 681)\"><div class=\"wp-block-jetpack-slideshow_container swiper\"><ul class=\"wp-block-jetpack-slideshow_swiper-wrapper swiper-wrapper\"><li class=\"wp-block-jetpack-slideshow_slide swiper-slide\"><figure><img loading=\"lazy\" decoding=\"async\" width=\"1024\" height=\"681\" alt=\"Arusha Tourist Inn\" class=\"wp-block-jetpack-slideshow_image wp-image-1181\" data-id=\"1181\" data-aspect-ratio=\"1024 \/ 681\" src=\"https:\/\/www.kilimandzaro-safari.cz\/wp-content\/uploads\/2019\/05\/Pokoj-2-1024x681.jpg\" srcset=\"https:\/\/www.kilimandzaro-safari.cz\/wp-content\/uploads\/2019\/05\/Pokoj-2.jpg 1024w, https:\/\/www.kilimandzaro-safari.cz\/wp-content\/uploads\/2019\/05\/Pokoj-2-300x200.jpg 300w, https:\/\/www.kilimandzaro-safari.cz\/wp-content\/uploads\/2019\/05\/Pokoj-2-768x511.jpg 768w, https:\/\/www.kilimandzaro-safari.cz\/wp-content\/uploads\/2019\/05\/Pokoj-2-330x220.jpg 330w\" sizes=\"(max-width: 1024px) 100vw, 1024px\" \/><\/figure><\/li><li class=\"wp-block-jetpack-slideshow_slide swiper-slide\"><figure><img loading=\"lazy\" decoding=\"async\" width=\"1024\" height=\"768\" alt=\"\" class=\"wp-block-jetpack-slideshow_image wp-image-8387\" data-id=\"8387\" data-aspect-ratio=\"1024 \/ 768\" src=\"https:\/\/www.kilimandzaro-safari.cz\/wp-content\/uploads\/2025\/05\/arusha-tourist-inn-1024x768.jpg\" srcset=\"https:\/\/www.kilimandzaro-safari.cz\/wp-content\/uploads\/2025\/05\/arusha-tourist-inn-1024x768.jpg 1024w, https:\/\/www.kilimandzaro-safari.cz\/wp-content\/uploads\/2025\/05\/arusha-tourist-inn-300x225.jpg 300w, https:\/\/www.kilimandzaro-safari.cz\/wp-content\/uploads\/2025\/05\/arusha-tourist-inn-768x576.jpg 768w, https:\/\/www.kilimandzaro-safari.cz\/wp-content\/uploads\/2025\/05\/arusha-tourist-inn.jpg 1118w\" sizes=\"(max-width: 1024px) 100vw, 1024px\" \/><\/figure><\/li><li class=\"wp-block-jetpack-slideshow_slide swiper-slide\"><figure><img loading=\"lazy\" decoding=\"async\" width=\"550\" height=\"412\" alt=\"\" class=\"wp-block-jetpack-slideshow_image wp-image-8386\" data-id=\"8386\" data-aspect-ratio=\"550 \/ 412\" src=\"https:\/\/www.kilimandzaro-safari.cz\/wp-content\/uploads\/2025\/05\/filename-rooms2-jpg-thumbnail0.jpg\" srcset=\"https:\/\/www.kilimandzaro-safari.cz\/wp-content\/uploads\/2025\/05\/filename-rooms2-jpg-thumbnail0.jpg 550w, https:\/\/www.kilimandzaro-safari.cz\/wp-content\/uploads\/2025\/05\/filename-rooms2-jpg-thumbnail0-300x225.jpg 300w\" sizes=\"(max-width: 550px) 100vw, 550px\" \/><\/figure><\/li><li class=\"wp-block-jetpack-slideshow_slide swiper-slide\"><figure><img loading=\"lazy\" decoding=\"async\" width=\"1024\" height=\"768\" alt=\"\" class=\"wp-block-jetpack-slideshow_image wp-image-8388\" data-id=\"8388\" data-aspect-ratio=\"1024 \/ 768\" src=\"https:\/\/www.kilimandzaro-safari.cz\/wp-content\/uploads\/2025\/05\/arusha-tourist-inn-1-1024x768.jpg\" srcset=\"https:\/\/www.kilimandzaro-safari.cz\/wp-content\/uploads\/2025\/05\/arusha-tourist-inn-1-1024x768.jpg 1024w, https:\/\/www.kilimandzaro-safari.cz\/wp-content\/uploads\/2025\/05\/arusha-tourist-inn-1-300x225.jpg 300w, https:\/\/www.kilimandzaro-safari.cz\/wp-content\/uploads\/2025\/05\/arusha-tourist-inn-1-768x576.jpg 768w, https:\/\/www.kilimandzaro-safari.cz\/wp-content\/uploads\/2025\/05\/arusha-tourist-inn-1.jpg 1200w\" sizes=\"(max-width: 1024px) 100vw, 1024px\" \/><\/figure><\/li><li class=\"wp-block-jetpack-slideshow_slide swiper-slide\"><figure><img loading=\"lazy\" decoding=\"async\" width=\"727\" height=\"969\" alt=\"\" class=\"wp-block-jetpack-slideshow_image wp-image-8390\" data-id=\"8390\" data-aspect-ratio=\"727 \/ 969\" src=\"https:\/\/www.kilimandzaro-safari.cz\/wp-content\/uploads\/2025\/05\/20180729-120652-largejpg.jpg\" srcset=\"https:\/\/www.kilimandzaro-safari.cz\/wp-content\/uploads\/2025\/05\/20180729-120652-largejpg.jpg 727w, https:\/\/www.kilimandzaro-safari.cz\/wp-content\/uploads\/2025\/05\/20180729-120652-largejpg-225x300.jpg 225w\" sizes=\"(max-width: 727px) 100vw, 727px\" \/><\/figure><\/li><\/ul><a class=\"wp-block-jetpack-slideshow_button-prev swiper-button-prev swiper-button-white\" role=\"button\"><\/a><a class=\"wp-block-jetpack-slideshow_button-next swiper-button-next swiper-button-white\" role=\"button\"><\/a><a aria-label=\"Pause Slideshow\" class=\"wp-block-jetpack-slideshow_button-pause\" role=\"button\"><\/a><div class=\"wp-block-jetpack-slideshow_pagination swiper-pagination swiper-pagination-white\"><\/div><\/div><\/div>\n\n\n\n<p>Hotel m\u00e1 vlastn\u00ed restauraci, kde se pod\u00e1vaj\u00ed sn\u00eddan\u011b, ob\u011bdy i ve\u010de\u0159e. V nab\u00eddce jsou tradi\u010dn\u00ed africk\u00e1, mezin\u00e1rodn\u00ed i vegetari\u00e1nsk\u00e1 j\u00eddla. <\/p>\n\n\n<div class=\"wp-block-image\">\n<figure class=\"aligncenter size-full\"><img loading=\"lazy\" decoding=\"async\" width=\"800\" height=\"442\" src=\"https:\/\/www.kilimandzaro-safari.cz\/wp-content\/uploads\/2025\/05\/arusha-tourist-inn-2.jpg\" alt=\"\" class=\"wp-image-8384\" srcset=\"https:\/\/www.kilimandzaro-safari.cz\/wp-content\/uploads\/2025\/05\/arusha-tourist-inn-2.jpg 800w, https:\/\/www.kilimandzaro-safari.cz\/wp-content\/uploads\/2025\/05\/arusha-tourist-inn-2-300x166.jpg 300w, https:\/\/www.kilimandzaro-safari.cz\/wp-content\/uploads\/2025\/05\/arusha-tourist-inn-2-768x424.jpg 768w\" sizes=\"auto, (max-width: 800px) 100vw, 800px\" \/><\/figure>\n<\/div>\n\n\n<p>V pr\u016fb\u011bhu cel\u00e9ho dne je tak\u00e9 otev\u0159en\u00fd dob\u0159e z\u00e1soben\u00fd bar.<\/p>\n\n\n<div class=\"wp-block-image\">\n<figure class=\"aligncenter size-full\"><img loading=\"lazy\" decoding=\"async\" width=\"800\" height=\"442\" src=\"https:\/\/www.kilimandzaro-safari.cz\/wp-content\/uploads\/2025\/05\/arusha-tourist-inn-5.jpg\" alt=\"\" class=\"wp-image-8385\" srcset=\"https:\/\/www.kilimandzaro-safari.cz\/wp-content\/uploads\/2025\/05\/arusha-tourist-inn-5.jpg 800w, https:\/\/www.kilimandzaro-safari.cz\/wp-content\/uploads\/2025\/05\/arusha-tourist-inn-5-300x166.jpg 300w, https:\/\/www.kilimandzaro-safari.cz\/wp-content\/uploads\/2025\/05\/arusha-tourist-inn-5-768x424.jpg 768w\" sizes=\"auto, (max-width: 800px) 100vw, 800px\" \/><\/figure>\n<\/div>\n\n\n<p>V are\u00e1lu cel\u00e9ho hotelu je dispozici wifi zdarma.<\/p>\n\n\n\n<p>Pokud pot\u0159ebujete, m\u016f\u017eete si na recepci hotelu prom\u011bnit pen\u00edze. V\u017edy si ale ov\u011b\u0159te aktu\u00e1ln\u011b nab\u00edzen\u00fd kurz. Doporu\u010dujeme konzultovat kurz s va\u0161\u00edm pr\u016fvodcem.<\/p>\n\n\n\n<h2 class=\"wp-block-heading\" id=\"block-045f308a-62b2-475c-9fbf-7ef69937b0fb\">Nab\u00eddka safari<\/h2>\n\n\n\n<p id=\"block-179bd79a-44f1-40d8-964e-1c313a0c8864\">Pokud se zaj\u00edm\u00e1te o dovolenou v Tanzanii se safari v\u00fdlety, m\u016f\u017eete se pod\u00edvat na kompletn\u00ed <a href=\"https:\/\/www.kilimandzaro-safari.cz\/index.php\/vyberte-dovolenou\/safari-nejen-v-serengeti\/\"> nab\u00eddku standardn\u00edch safari program\u016f<\/a> od Meru Slopes.<\/p>\n\n\n\n<p id=\"block-0e016d40-695e-40e5-b706-6600730cba12\">Pokud by v\u00e1m nevyhovovaly na\u0161e standardn\u00ed safari programy, r\u00e1di v\u00e1m p\u0159iprav\u00edme program na m\u00edru, p\u0159esn\u011b podle va\u0161ich po\u017eadavk\u016f.<\/p>\n\n\n<div class=\"su-button-center\"><a href=\"https:\/\/www.kilimandzaro-safari.cz\/index.php\/kontaktujte-nas\/\" class=\"su-button su-button-style-default\" style=\"color:#FFFFFF;background-color:#D20A0A;border-color:#a80808;border-radius:3px\" target=\"_self\" title=\"M\u00e1m z\u00e1jem o nab\u00eddku na safari.\"><span style=\"color:#FFFFFF;padding:0px 22px;font-size:17px;line-height:34px;border-color:#e05454;border-radius:3px;text-shadow:none\"> M\u00c1M Z\u00c1JEM O NAB\u00cdDKU NA SAFARI <\/span><\/a><\/div>\n","protected":false},"excerpt":{"rendered":"<p>Toto ubytovac\u00ed za\u0159\u00edzen\u00ed se m\u016f\u017ee pochlubit v\u00fdhodnou polohou v&nbsp;\u010d\u00e1sti Makao Mapya ve m\u011bst\u011b Arusha, nedaleko m\u00edstn\u00edch atrakc\u00ed jako je m\u00edstn\u00ed tr\u017ei\u0161t\u011b a Arusha Clock Tower a&nbsp;tak\u00e9 \u0159ady restaurac\u00ed a muze\u00ed. Arusha Tourist Inn je turistick\u00fd hotel ni\u017e\u0161\u00ed cenov\u00e9 kategorie nedaleko centr\u00e1ln\u00ed \u010d\u00e1sti m\u011bsta Arusha. Je obl\u00edbenou z\u00e1kladnou pro safari v n\u00e1rodn\u00edch parc\u00edch Serengeti, Ngorongoro a&#8230;<\/p>\n","protected":false},"author":1,"featured_media":0,"parent":2300,"menu_order":4,"comment_status":"closed","ping_status":"closed","template":"","meta":{"_monsterinsights_skip_tracking":false,"_monsterinsights_sitenote_active":false,"_monsterinsights_sitenote_note":"","_monsterinsights_sitenote_category":0,"_kad_post_transparent":"","_kad_post_title":"","_kad_post_layout":"","_kad_post_sidebar_id":"","_kad_post_content_style":"","_kad_post_vertical_padding":"","_kad_post_feature":"","_kad_post_feature_position":"","_kad_post_header":false,"_kad_post_footer":false,"_kad_post_classname":"","jetpack_post_was_ever_published":false,"footnotes":""},"class_list":["post-8380","page","type-page","status-publish","hentry"],"yoast_head":"<!-- This site is optimized with the Yoast SEO plugin v27.5 - https:\/\/yoast.com\/product\/yoast-seo-wordpress\/ -->\n<title>Arusha Tourist Inn - DOVOLEN\u00c1 V TANZANII<\/title>\n<meta name=\"robots\" content=\"index, follow, max-snippet:-1, max-image-preview:large, max-video-preview:-1\" \/>\n<link rel=\"canonical\" href=\"https:\/\/www.kilimandzaro-safari.cz\/index.php\/ubytovani-v-tanzanii\/arusha-tourist-inn\/\" \/>\n<meta property=\"og:locale\" content=\"cs_CZ\" \/>\n<meta property=\"og:type\" content=\"article\" \/>\n<meta property=\"og:title\" content=\"Arusha Tourist Inn - DOVOLEN\u00c1 V TANZANII\" \/>\n<meta property=\"og:description\" content=\"Toto ubytovac\u00ed za\u0159\u00edzen\u00ed se m\u016f\u017ee pochlubit v\u00fdhodnou polohou v&nbsp;\u010d\u00e1sti Makao Mapya ve m\u011bst\u011b Arusha, nedaleko m\u00edstn\u00edch atrakc\u00ed jako je m\u00edstn\u00ed tr\u017ei\u0161t\u011b a Arusha Clock Tower a&nbsp;tak\u00e9 \u0159ady restaurac\u00ed a muze\u00ed. Arusha Tourist Inn je turistick\u00fd hotel ni\u017e\u0161\u00ed cenov\u00e9 kategorie nedaleko centr\u00e1ln\u00ed \u010d\u00e1sti m\u011bsta Arusha. Je obl\u00edbenou z\u00e1kladnou pro safari v n\u00e1rodn\u00edch parc\u00edch Serengeti, Ngorongoro a...\" \/>\n<meta property=\"og:url\" content=\"https:\/\/www.kilimandzaro-safari.cz\/index.php\/ubytovani-v-tanzanii\/arusha-tourist-inn\/\" \/>\n<meta property=\"og:site_name\" content=\"DOVOLEN\u00c1 V TANZANII\" \/>\n<meta property=\"article:modified_time\" content=\"2026-02-18T17:40:42+00:00\" \/>\n<meta property=\"og:image\" content=\"https:\/\/www.kilimandzaro-safari.cz\/wp-content\/uploads\/2025\/05\/image.png\" \/>\n\t<meta property=\"og:image:width\" content=\"1152\" \/>\n\t<meta property=\"og:image:height\" content=\"841\" \/>\n\t<meta property=\"og:image:type\" content=\"image\/png\" \/>\n<meta name=\"twitter:card\" content=\"summary_large_image\" \/>\n<meta name=\"twitter:label1\" content=\"Odhadovan\u00e1 doba \u010dten\u00ed\" \/>\n\t<meta name=\"twitter:data1\" content=\"3 minuty\" \/>\n<script type=\"application\/ld+json\" class=\"yoast-schema-graph\">{\"@context\":\"https:\\\/\\\/schema.org\",\"@graph\":[{\"@type\":\"WebPage\",\"@id\":\"https:\\\/\\\/www.kilimandzaro-safari.cz\\\/index.php\\\/ubytovani-v-tanzanii\\\/arusha-tourist-inn\\\/\",\"url\":\"https:\\\/\\\/www.kilimandzaro-safari.cz\\\/index.php\\\/ubytovani-v-tanzanii\\\/arusha-tourist-inn\\\/\",\"name\":\"Arusha Tourist Inn - DOVOLEN\u00c1 V TANZANII\",\"isPartOf\":{\"@id\":\"https:\\\/\\\/www.kilimandzaro-safari.cz\\\/#website\"},\"primaryImageOfPage\":{\"@id\":\"https:\\\/\\\/www.kilimandzaro-safari.cz\\\/index.php\\\/ubytovani-v-tanzanii\\\/arusha-tourist-inn\\\/#primaryimage\"},\"image\":{\"@id\":\"https:\\\/\\\/www.kilimandzaro-safari.cz\\\/index.php\\\/ubytovani-v-tanzanii\\\/arusha-tourist-inn\\\/#primaryimage\"},\"thumbnailUrl\":\"https:\\\/\\\/www.kilimandzaro-safari.cz\\\/wp-content\\\/uploads\\\/2025\\\/05\\\/image-1024x748.png\",\"datePublished\":\"2025-05-06T16:10:17+00:00\",\"dateModified\":\"2026-02-18T17:40:42+00:00\",\"breadcrumb\":{\"@id\":\"https:\\\/\\\/www.kilimandzaro-safari.cz\\\/index.php\\\/ubytovani-v-tanzanii\\\/arusha-tourist-inn\\\/#breadcrumb\"},\"inLanguage\":\"cs\",\"potentialAction\":[{\"@type\":\"ReadAction\",\"target\":[\"https:\\\/\\\/www.kilimandzaro-safari.cz\\\/index.php\\\/ubytovani-v-tanzanii\\\/arusha-tourist-inn\\\/\"]}]},{\"@type\":\"ImageObject\",\"inLanguage\":\"cs\",\"@id\":\"https:\\\/\\\/www.kilimandzaro-safari.cz\\\/index.php\\\/ubytovani-v-tanzanii\\\/arusha-tourist-inn\\\/#primaryimage\",\"url\":\"https:\\\/\\\/www.kilimandzaro-safari.cz\\\/wp-content\\\/uploads\\\/2025\\\/05\\\/image.png\",\"contentUrl\":\"https:\\\/\\\/www.kilimandzaro-safari.cz\\\/wp-content\\\/uploads\\\/2025\\\/05\\\/image.png\",\"width\":1152,\"height\":841},{\"@type\":\"BreadcrumbList\",\"@id\":\"https:\\\/\\\/www.kilimandzaro-safari.cz\\\/index.php\\\/ubytovani-v-tanzanii\\\/arusha-tourist-inn\\\/#breadcrumb\",\"itemListElement\":[{\"@type\":\"ListItem\",\"position\":1,\"name\":\"Dom\u016f\",\"item\":\"https:\\\/\\\/www.kilimandzaro-safari.cz\\\/\"},{\"@type\":\"ListItem\",\"position\":2,\"name\":\"Ubytov\u00e1n\u00ed v Tanzanii\",\"item\":\"https:\\\/\\\/www.kilimandzaro-safari.cz\\\/index.php\\\/ubytovani-v-tanzanii\\\/\"},{\"@type\":\"ListItem\",\"position\":3,\"name\":\"Arusha Tourist Inn\"}]},{\"@type\":\"WebSite\",\"@id\":\"https:\\\/\\\/www.kilimandzaro-safari.cz\\\/#website\",\"url\":\"https:\\\/\\\/www.kilimandzaro-safari.cz\\\/\",\"name\":\"DOVOLEN\u00c1 V TANZANII\",\"description\":\"Exotick\u00e1 dovolen\u00e1 v Tanzanii za atraktivn\u00ed ceny od m\u00edstn\u00ed CK. V\u00fdstup na Kilimand\u017e\u00e1ro a Mt. Meru, safari v Serengeti, Ngorongoro a dal\u0161\u00edch parc\u00edch, trek za \u0161impanzi, n\u00e1v\u0161t\u011bva Masaj\u016f i pobyt na kr\u00e1sn\u00fdch pl\u00e1\u017e\u00edch ostrova Zanzibar. Program na m\u00edru.\",\"publisher\":{\"@id\":\"https:\\\/\\\/www.kilimandzaro-safari.cz\\\/#organization\"},\"potentialAction\":[{\"@type\":\"SearchAction\",\"target\":{\"@type\":\"EntryPoint\",\"urlTemplate\":\"https:\\\/\\\/www.kilimandzaro-safari.cz\\\/?s={search_term_string}\"},\"query-input\":{\"@type\":\"PropertyValueSpecification\",\"valueRequired\":true,\"valueName\":\"search_term_string\"}}],\"inLanguage\":\"cs\"},{\"@type\":\"Organization\",\"@id\":\"https:\\\/\\\/www.kilimandzaro-safari.cz\\\/#organization\",\"name\":\"DOVOLEN\u00c1 V TANZANII\",\"url\":\"https:\\\/\\\/www.kilimandzaro-safari.cz\\\/\",\"logo\":{\"@type\":\"ImageObject\",\"inLanguage\":\"cs\",\"@id\":\"https:\\\/\\\/www.kilimandzaro-safari.cz\\\/#\\\/schema\\\/logo\\\/image\\\/\",\"url\":\"https:\\\/\\\/www.kilimandzaro-safari.cz\\\/wp-content\\\/uploads\\\/2025\\\/02\\\/rsz_merulogo.jpg\",\"contentUrl\":\"https:\\\/\\\/www.kilimandzaro-safari.cz\\\/wp-content\\\/uploads\\\/2025\\\/02\\\/rsz_merulogo.jpg\",\"width\":782,\"height\":381,\"caption\":\"DOVOLEN\u00c1 V TANZANII\"},\"image\":{\"@id\":\"https:\\\/\\\/www.kilimandzaro-safari.cz\\\/#\\\/schema\\\/logo\\\/image\\\/\"}}]}<\/script>\n<!-- \/ Yoast SEO plugin. -->","yoast_head_json":{"title":"Arusha Tourist Inn - DOVOLEN\u00c1 V TANZANII","robots":{"index":"index","follow":"follow","max-snippet":"max-snippet:-1","max-image-preview":"max-image-preview:large","max-video-preview":"max-video-preview:-1"},"canonical":"https:\/\/www.kilimandzaro-safari.cz\/index.php\/ubytovani-v-tanzanii\/arusha-tourist-inn\/","og_locale":"cs_CZ","og_type":"article","og_title":"Arusha Tourist Inn - DOVOLEN\u00c1 V TANZANII","og_description":"Toto ubytovac\u00ed za\u0159\u00edzen\u00ed se m\u016f\u017ee pochlubit v\u00fdhodnou polohou v&nbsp;\u010d\u00e1sti Makao Mapya ve m\u011bst\u011b Arusha, nedaleko m\u00edstn\u00edch atrakc\u00ed jako je m\u00edstn\u00ed tr\u017ei\u0161t\u011b a Arusha Clock Tower a&nbsp;tak\u00e9 \u0159ady restaurac\u00ed a muze\u00ed. Arusha Tourist Inn je turistick\u00fd hotel ni\u017e\u0161\u00ed cenov\u00e9 kategorie nedaleko centr\u00e1ln\u00ed \u010d\u00e1sti m\u011bsta Arusha. Je obl\u00edbenou z\u00e1kladnou pro safari v n\u00e1rodn\u00edch parc\u00edch Serengeti, Ngorongoro a...","og_url":"https:\/\/www.kilimandzaro-safari.cz\/index.php\/ubytovani-v-tanzanii\/arusha-tourist-inn\/","og_site_name":"DOVOLEN\u00c1 V TANZANII","article_modified_time":"2026-02-18T17:40:42+00:00","og_image":[{"width":1152,"height":841,"url":"https:\/\/www.kilimandzaro-safari.cz\/wp-content\/uploads\/2025\/05\/image.png","type":"image\/png"}],"twitter_card":"summary_large_image","twitter_misc":{"Odhadovan\u00e1 doba \u010dten\u00ed":"3 minuty"},"schema":{"@context":"https:\/\/schema.org","@graph":[{"@type":"WebPage","@id":"https:\/\/www.kilimandzaro-safari.cz\/index.php\/ubytovani-v-tanzanii\/arusha-tourist-inn\/","url":"https:\/\/www.kilimandzaro-safari.cz\/index.php\/ubytovani-v-tanzanii\/arusha-tourist-inn\/","name":"Arusha Tourist Inn - DOVOLEN\u00c1 V TANZANII","isPartOf":{"@id":"https:\/\/www.kilimandzaro-safari.cz\/#website"},"primaryImageOfPage":{"@id":"https:\/\/www.kilimandzaro-safari.cz\/index.php\/ubytovani-v-tanzanii\/arusha-tourist-inn\/#primaryimage"},"image":{"@id":"https:\/\/www.kilimandzaro-safari.cz\/index.php\/ubytovani-v-tanzanii\/arusha-tourist-inn\/#primaryimage"},"thumbnailUrl":"https:\/\/www.kilimandzaro-safari.cz\/wp-content\/uploads\/2025\/05\/image-1024x748.png","datePublished":"2025-05-06T16:10:17+00:00","dateModified":"2026-02-18T17:40:42+00:00","breadcrumb":{"@id":"https:\/\/www.kilimandzaro-safari.cz\/index.php\/ubytovani-v-tanzanii\/arusha-tourist-inn\/#breadcrumb"},"inLanguage":"cs","potentialAction":[{"@type":"ReadAction","target":["https:\/\/www.kilimandzaro-safari.cz\/index.php\/ubytovani-v-tanzanii\/arusha-tourist-inn\/"]}]},{"@type":"ImageObject","inLanguage":"cs","@id":"https:\/\/www.kilimandzaro-safari.cz\/index.php\/ubytovani-v-tanzanii\/arusha-tourist-inn\/#primaryimage","url":"https:\/\/www.kilimandzaro-safari.cz\/wp-content\/uploads\/2025\/05\/image.png","contentUrl":"https:\/\/www.kilimandzaro-safari.cz\/wp-content\/uploads\/2025\/05\/image.png","width":1152,"height":841},{"@type":"BreadcrumbList","@id":"https:\/\/www.kilimandzaro-safari.cz\/index.php\/ubytovani-v-tanzanii\/arusha-tourist-inn\/#breadcrumb","itemListElement":[{"@type":"ListItem","position":1,"name":"Dom\u016f","item":"https:\/\/www.kilimandzaro-safari.cz\/"},{"@type":"ListItem","position":2,"name":"Ubytov\u00e1n\u00ed v Tanzanii","item":"https:\/\/www.kilimandzaro-safari.cz\/index.php\/ubytovani-v-tanzanii\/"},{"@type":"ListItem","position":3,"name":"Arusha Tourist Inn"}]},{"@type":"WebSite","@id":"https:\/\/www.kilimandzaro-safari.cz\/#website","url":"https:\/\/www.kilimandzaro-safari.cz\/","name":"DOVOLEN\u00c1 V TANZANII","description":"Exotick\u00e1 dovolen\u00e1 v Tanzanii za atraktivn\u00ed ceny od m\u00edstn\u00ed CK. V\u00fdstup na Kilimand\u017e\u00e1ro a Mt. Meru, safari v Serengeti, Ngorongoro a dal\u0161\u00edch parc\u00edch, trek za \u0161impanzi, n\u00e1v\u0161t\u011bva Masaj\u016f i pobyt na kr\u00e1sn\u00fdch pl\u00e1\u017e\u00edch ostrova Zanzibar. Program na m\u00edru.","publisher":{"@id":"https:\/\/www.kilimandzaro-safari.cz\/#organization"},"potentialAction":[{"@type":"SearchAction","target":{"@type":"EntryPoint","urlTemplate":"https:\/\/www.kilimandzaro-safari.cz\/?s={search_term_string}"},"query-input":{"@type":"PropertyValueSpecification","valueRequired":true,"valueName":"search_term_string"}}],"inLanguage":"cs"},{"@type":"Organization","@id":"https:\/\/www.kilimandzaro-safari.cz\/#organization","name":"DOVOLEN\u00c1 V TANZANII","url":"https:\/\/www.kilimandzaro-safari.cz\/","logo":{"@type":"ImageObject","inLanguage":"cs","@id":"https:\/\/www.kilimandzaro-safari.cz\/#\/schema\/logo\/image\/","url":"https:\/\/www.kilimandzaro-safari.cz\/wp-content\/uploads\/2025\/02\/rsz_merulogo.jpg","contentUrl":"https:\/\/www.kilimandzaro-safari.cz\/wp-content\/uploads\/2025\/02\/rsz_merulogo.jpg","width":782,"height":381,"caption":"DOVOLEN\u00c1 V TANZANII"},"image":{"@id":"https:\/\/www.kilimandzaro-safari.cz\/#\/schema\/logo\/image\/"}}]}},"jetpack_sharing_enabled":true,"jetpack_shortlink":"https:\/\/wp.me\/PapSWj-2ba","_links":{"self":[{"href":"https:\/\/www.kilimandzaro-safari.cz\/index.php\/wp-json\/wp\/v2\/pages\/8380","targetHints":{"allow":["GET"]}}],"collection":[{"href":"https:\/\/www.kilimandzaro-safari.cz\/index.php\/wp-json\/wp\/v2\/pages"}],"about":[{"href":"https:\/\/www.kilimandzaro-safari.cz\/index.php\/wp-json\/wp\/v2\/types\/page"}],"author":[{"embeddable":true,"href":"https:\/\/www.kilimandzaro-safari.cz\/index.php\/wp-json\/wp\/v2\/users\/1"}],"replies":[{"embeddable":true,"href":"https:\/\/www.kilimandzaro-safari.cz\/index.php\/wp-json\/wp\/v2\/comments?post=8380"}],"version-history":[{"count":4,"href":"https:\/\/www.kilimandzaro-safari.cz\/index.php\/wp-json\/wp\/v2\/pages\/8380\/revisions"}],"predecessor-version":[{"id":9084,"href":"https:\/\/www.kilimandzaro-safari.cz\/index.php\/wp-json\/wp\/v2\/pages\/8380\/revisions\/9084"}],"up":[{"embeddable":true,"href":"https:\/\/www.kilimandzaro-safari.cz\/index.php\/wp-json\/wp\/v2\/pages\/2300"}],"wp:attachment":[{"href":"https:\/\/www.kilimandzaro-safari.cz\/index.php\/wp-json\/wp\/v2\/media?parent=8380"}],"curies":[{"name":"wp","href":"https:\/\/api.w.org\/{rel}","templated":true}]}}