{"id":902,"date":"2019-03-12T16:09:19","date_gmt":"2019-03-12T15:09:19","guid":{"rendered":"http:\/\/www.serengetijoytours.cz\/?page_id=902"},"modified":"2023-03-26T11:35:06","modified_gmt":"2023-03-26T10:35:06","slug":"eileens-trees-inn","status":"publish","type":"page","link":"https:\/\/www.kilimandzaro-safari.cz\/index.php\/ubytovani-v-tanzanii\/eileens-trees-inn\/","title":{"rendered":"Eileen&#8217;s Trees Inn"},"content":{"rendered":"\n<p>Eileen&#8217;s Trees Inn se nach\u00e1z\u00ed v m\u011bste\u010dku Karatu, p\u0159ibli\u017en\u011b 2 hodiny j\u00edzdy z Arushi, 3 hodiny j\u00edzdy z Kilimanjaro International Airport (JRO) and a p\u016fl hodiny j\u00edzdy z Manyara Airport (LKY). Je velmi v\u00fdhodnou z\u00e1kladnou pro safari v n\u00e1rodn\u00edch parc\u00edch <a href=\"https:\/\/www.kilimandzaro-safari.cz\/index.php\/o-tanzanii\/narodni-parky-v-tanzanii\/narodni-park-ngorongoro\/\"> Ngorongoro<\/span><\/a>, <a href=\"https:\/\/www.kilimandzaro-safari.cz\/index.php\/o-tanzanii\/narodni-parky-v-tanzanii\/narodni-park-tarangire\/\"> Tarangire<\/span><\/a> a <a href=\"https:\/\/www.kilimandzaro-safari.cz\/index.php\/o-tanzanii\/narodni-parky-v-tanzanii\/narodni-park-lake-manyara\/\"> Lake Manyara<\/span><\/a>.<\/p>\n\n\n\n<p>Eileen&#8217;s Trees Inn nab\u00edz\u00ed velmi p\u0159\u00edjemn\u00e9 ubytov\u00e1n\u00ed st\u0159edn\u00ed cenov\u00e9 kategorie v prostorn\u00fdch, pohodln\u00fdch, \u010dist\u00fdch a dob\u0159e vybaven\u00fdch chatk\u00e1ch um\u00edst\u011bn\u00fdch v tropick\u00e9 zahrad\u011b. <\/p>\n\n\n\n<p>Ve srovn\u00e1n\u00ed s ostatn\u00edmi lodgemi v Karatu nab\u00edz\u00ed vynikaj\u00edc\u00ed pom\u011br mezi cenou a kvalitou nab\u00edzen\u00fdch slu\u017eeb.<\/p>\n\n\n\n<figure class=\"wp-block-gallery has-nested-images columns-default is-cropped wp-block-gallery-1 is-layout-flex wp-block-gallery-is-layout-flex\">\n<figure class=\"wp-block-image size-large\"><img loading=\"lazy\" decoding=\"async\" width=\"643\" height=\"480\" data-id=\"912\" src=\"https:\/\/www.kilimandzaro-safari.cz\/wp-content\/uploads\/2019\/03\/Rooms3.jpg\" alt=\"Zahradn\u00ed chatky\" class=\"wp-image-912\" srcset=\"https:\/\/www.kilimandzaro-safari.cz\/wp-content\/uploads\/2019\/03\/Rooms3.jpg 643w, https:\/\/www.kilimandzaro-safari.cz\/wp-content\/uploads\/2019\/03\/Rooms3-300x224.jpg 300w\" sizes=\"auto, (max-width: 643px) 100vw, 643px\" \/><figcaption class=\"wp-element-caption\">Zahradn\u00ed chatky<\/figcaption><\/figure>\n\n\n\n<figure class=\"wp-block-image size-large\"><img loading=\"lazy\" decoding=\"async\" width=\"1024\" height=\"576\" data-id=\"906\" src=\"https:\/\/www.kilimandzaro-safari.cz\/wp-content\/uploads\/2019\/03\/Garden-1024x576.jpg\" alt=\"Pohled do zahrady\" class=\"wp-image-906\" srcset=\"https:\/\/www.kilimandzaro-safari.cz\/wp-content\/uploads\/2019\/03\/Garden-1024x576.jpg 1024w, https:\/\/www.kilimandzaro-safari.cz\/wp-content\/uploads\/2019\/03\/Garden-300x169.jpg 300w, https:\/\/www.kilimandzaro-safari.cz\/wp-content\/uploads\/2019\/03\/Garden-768x432.jpg 768w, https:\/\/www.kilimandzaro-safari.cz\/wp-content\/uploads\/2019\/03\/Garden.jpg 1280w\" sizes=\"auto, (max-width: 1024px) 100vw, 1024px\" \/><figcaption class=\"wp-element-caption\">Pohled do zahrady<\/figcaption><\/figure>\n<\/figure>\n\n\n\n<p>Are\u00e1l je oplocen\u00fd a hl\u00eddan\u00fd. V are\u00e1lu se nach\u00e1z\u00ed tak\u00e9 velk\u00fd venkovn\u00ed baz\u00e9n.<\/p>\n\n\n\n<figure class=\"wp-block-gallery has-nested-images columns-default is-cropped wp-block-gallery-2 is-layout-flex wp-block-gallery-is-layout-flex\">\n<figure class=\"wp-block-image size-large\"><img loading=\"lazy\" decoding=\"async\" width=\"550\" height=\"412\" data-id=\"916\" src=\"https:\/\/www.kilimandzaro-safari.cz\/wp-content\/uploads\/2019\/03\/Pool-1.jpg\" alt=\"Venkovn\u00ed baz\u00e9n\" class=\"wp-image-916\" srcset=\"https:\/\/www.kilimandzaro-safari.cz\/wp-content\/uploads\/2019\/03\/Pool-1.jpg 550w, https:\/\/www.kilimandzaro-safari.cz\/wp-content\/uploads\/2019\/03\/Pool-1-300x225.jpg 300w\" sizes=\"auto, (max-width: 550px) 100vw, 550px\" \/><figcaption class=\"wp-element-caption\">Venkovn\u00ed baz\u00e9n<\/figcaption><\/figure>\n\n\n\n<figure class=\"wp-block-image size-large\"><img loading=\"lazy\" decoding=\"async\" width=\"1024\" height=\"682\" data-id=\"917\" src=\"https:\/\/www.kilimandzaro-safari.cz\/wp-content\/uploads\/2019\/03\/Pool2-1-1024x682.jpg\" alt=\"Leh\u00e1tka kolem venkovn\u00edho baz\u00e9nu\" class=\"wp-image-917\" srcset=\"https:\/\/www.kilimandzaro-safari.cz\/wp-content\/uploads\/2019\/03\/Pool2-1-1024x682.jpg 1024w, https:\/\/www.kilimandzaro-safari.cz\/wp-content\/uploads\/2019\/03\/Pool2-1-300x200.jpg 300w, https:\/\/www.kilimandzaro-safari.cz\/wp-content\/uploads\/2019\/03\/Pool2-1-768x512.jpg 768w, https:\/\/www.kilimandzaro-safari.cz\/wp-content\/uploads\/2019\/03\/Pool2-1-330x220.jpg 330w, https:\/\/www.kilimandzaro-safari.cz\/wp-content\/uploads\/2019\/03\/Pool2-1.jpg 1300w\" sizes=\"auto, (max-width: 1024px) 100vw, 1024px\" \/><figcaption class=\"wp-element-caption\">Leh\u00e1tka kolem venkovn\u00edho baz\u00e9nu<\/figcaption><\/figure>\n<\/figure>\n\n\n\n<p>K dispozici jsou jednol\u016f\u017ekov\u00e9, dvoul\u016f\u017ekov\u00e9 (Queen nebo Twin postele) a t\u0159\u00edl\u016f\u017ekov\u00e9 pokoje. Ka\u017ed\u00fd pokoj je vybaven velkou a pohodlnou koupelnou se sprchou, pracovn\u00edm stolem. V\u0161echny postele maj\u00ed moskyti\u00e9ry. Ke ka\u017ed\u00e9mu pokoji je tak\u00e9 k dispozici posezen\u00ed na verand\u011b.<\/p>\n\n\n\n<figure class=\"wp-block-gallery has-nested-images columns-default is-cropped wp-block-gallery-3 is-layout-flex wp-block-gallery-is-layout-flex\">\n<figure class=\"wp-block-image size-large\"><img loading=\"lazy\" decoding=\"async\" width=\"1024\" height=\"576\" data-id=\"911\" src=\"https:\/\/www.kilimandzaro-safari.cz\/wp-content\/uploads\/2019\/03\/Rooms2-1024x576.jpg\" alt=\"Ubytov\u00e1n\u00ed v chatk\u00e1ch\" class=\"wp-image-911\" srcset=\"https:\/\/www.kilimandzaro-safari.cz\/wp-content\/uploads\/2019\/03\/Rooms2.jpg 1024w, https:\/\/www.kilimandzaro-safari.cz\/wp-content\/uploads\/2019\/03\/Rooms2-300x169.jpg 300w, https:\/\/www.kilimandzaro-safari.cz\/wp-content\/uploads\/2019\/03\/Rooms2-768x432.jpg 768w\" sizes=\"auto, (max-width: 1024px) 100vw, 1024px\" \/><figcaption class=\"wp-element-caption\">Ubytov\u00e1n\u00ed v chatk\u00e1ch<\/figcaption><\/figure>\n\n\n\n<figure class=\"wp-block-image size-large\"><img loading=\"lazy\" decoding=\"async\" width=\"1000\" height=\"665\" data-id=\"923\" src=\"https:\/\/www.kilimandzaro-safari.cz\/wp-content\/uploads\/2019\/03\/Rooms-1.jpg\" alt=\"Velk\u00e9 a pohodln\u00e9 pokoje\" class=\"wp-image-923\" srcset=\"https:\/\/www.kilimandzaro-safari.cz\/wp-content\/uploads\/2019\/03\/Rooms-1.jpg 1000w, https:\/\/www.kilimandzaro-safari.cz\/wp-content\/uploads\/2019\/03\/Rooms-1-300x200.jpg 300w, https:\/\/www.kilimandzaro-safari.cz\/wp-content\/uploads\/2019\/03\/Rooms-1-768x511.jpg 768w, https:\/\/www.kilimandzaro-safari.cz\/wp-content\/uploads\/2019\/03\/Rooms-1-330x220.jpg 330w\" sizes=\"auto, (max-width: 1000px) 100vw, 1000px\" \/><figcaption class=\"wp-element-caption\">Velk\u00e9 a pohodln\u00e9 pokoje<\/figcaption><\/figure>\n\n\n\n<figure class=\"wp-block-image size-large\"><img loading=\"lazy\" decoding=\"async\" width=\"400\" height=\"200\" data-id=\"914\" src=\"https:\/\/www.kilimandzaro-safari.cz\/wp-content\/uploads\/2019\/03\/Veranda.jpg\" alt=\"P\u0159\u00edjemn\u00e1 veranda\" class=\"wp-image-914\" srcset=\"https:\/\/www.kilimandzaro-safari.cz\/wp-content\/uploads\/2019\/03\/Veranda.jpg 400w, https:\/\/www.kilimandzaro-safari.cz\/wp-content\/uploads\/2019\/03\/Veranda-300x150.jpg 300w\" sizes=\"auto, (max-width: 400px) 100vw, 400px\" \/><figcaption class=\"wp-element-caption\">P\u0159\u00edjemn\u00e1 veranda<\/figcaption><\/figure>\n<\/figure>\n\n\n\n<p>Ka\u017ed\u00fd den dostanete p\u0159i \u00faklidu zdarma novou balenou pitnou vodu.<\/p>\n\n\n\n<p>Are\u00e1l je vybaven spole\u010denskou budovou s restaurac\u00ed, barem a venkovn\u00edm posezen\u00edm. V t\u011bchto spole\u010dn\u00fdch prostor\u00e1ch je k dispozici tak\u00e9 wifi p\u0159ipojen\u00ed.<\/p>\n\n\n\n<figure class=\"wp-block-gallery has-nested-images columns-default is-cropped wp-block-gallery-4 is-layout-flex wp-block-gallery-is-layout-flex\">\n<figure class=\"wp-block-image size-large\"><img loading=\"lazy\" decoding=\"async\" width=\"1024\" height=\"576\" data-id=\"913\" src=\"https:\/\/www.kilimandzaro-safari.cz\/wp-content\/uploads\/2019\/03\/Tree-House-1024x576.jpg\" alt=\"\" class=\"wp-image-913\" srcset=\"https:\/\/www.kilimandzaro-safari.cz\/wp-content\/uploads\/2019\/03\/Tree-House.jpg 1024w, https:\/\/www.kilimandzaro-safari.cz\/wp-content\/uploads\/2019\/03\/Tree-House-300x169.jpg 300w, https:\/\/www.kilimandzaro-safari.cz\/wp-content\/uploads\/2019\/03\/Tree-House-768x432.jpg 768w\" sizes=\"auto, (max-width: 1024px) 100vw, 1024px\" \/><figcaption class=\"wp-element-caption\">Spole\u010densk\u00e1 budova<\/figcaption><\/figure>\n\n\n\n<figure class=\"wp-block-image size-large\"><img loading=\"lazy\" decoding=\"async\" width=\"800\" height=\"600\" data-id=\"915\" src=\"https:\/\/www.kilimandzaro-safari.cz\/wp-content\/uploads\/2019\/03\/Restaurant-1.jpg\" alt=\"\" class=\"wp-image-915\" srcset=\"https:\/\/www.kilimandzaro-safari.cz\/wp-content\/uploads\/2019\/03\/Restaurant-1.jpg 800w, https:\/\/www.kilimandzaro-safari.cz\/wp-content\/uploads\/2019\/03\/Restaurant-1-300x225.jpg 300w, https:\/\/www.kilimandzaro-safari.cz\/wp-content\/uploads\/2019\/03\/Restaurant-1-768x576.jpg 768w, https:\/\/www.kilimandzaro-safari.cz\/wp-content\/uploads\/2019\/03\/Restaurant-1-640x480.jpg 640w\" sizes=\"auto, (max-width: 800px) 100vw, 800px\" \/><figcaption class=\"wp-element-caption\">Restaurace<\/figcaption><\/figure>\n<\/figure>\n\n\n\n<p>Eileen&#8217;s Trees Inn je vyhl\u00e1\u0161en\u00fd velmi kvalitn\u00edm j\u00eddlem. Ke sn\u00eddani i k ve\u010de\u0159i m\u00e1te k dispozici bohat\u00fd v\u00fdb\u011br j\u00eddel formou bufetu.<\/p>\n\n\n\n<h2 class=\"wp-block-heading\" id=\"block-045f308a-62b2-475c-9fbf-7ef69937b0fb\">Nab\u00eddka safari<\/h2>\n\n\n\n<p id=\"block-179bd79a-44f1-40d8-964e-1c313a0c8864\">Pokud se zaj\u00edm\u00e1te o dovolenou v Tanzanii se safari v\u00fdlety, m\u016f\u017eete se pod\u00edvat na kompletn\u00ed <a href=\"https:\/\/www.kilimandzaro-safari.cz\/index.php\/vyberte-dovolenou\/safari-nejen-v-serengeti\/\"> nab\u00eddku standardn\u00edch safari program\u016f<\/span><\/a> od Meru Slopes.<\/p>\n\n\n\n<p id=\"block-0e016d40-695e-40e5-b706-6600730cba12\">Pokud by v\u00e1m nevyhovovaly na\u0161e standardn\u00ed safari programy, r\u00e1di v\u00e1m p\u0159iprav\u00edme program na m\u00edru, p\u0159esn\u011b podle va\u0161ich po\u017eadavk\u016f.<\/p>\n\n\n<div class=\"su-button-center\"><a href=\"https:\/\/www.kilimandzaro-safari.cz\/index.php\/kontaktujte-nas\/\" class=\"su-button su-button-style-default\" style=\"color:#FFFFFF;background-color:#D20A0A;border-color:#a80808;border-radius:3px\" target=\"_self\" title=\"M\u00e1m z\u00e1jem o nab\u00eddku na safari.\"><span style=\"color:#FFFFFF;padding:0px 22px;font-size:17px;line-height:34px;border-color:#e05454;border-radius:3px;text-shadow:none\"> M\u00c1M Z\u00c1JEM O NAB\u00cdDKU NA SAFARI <\/span><\/a><\/div>\n","protected":false},"excerpt":{"rendered":"<p>Eileen&#8217;s Trees Inn se nach\u00e1z\u00ed v m\u011bste\u010dku Karatu, p\u0159ibli\u017en\u011b 2 hodiny j\u00edzdy z Arushi, 3 hodiny j\u00edzdy z Kilimanjaro International Airport (JRO) and a p\u016fl hodiny j\u00edzdy z Manyara Airport (LKY). Je velmi v\u00fdhodnou z\u00e1kladnou pro safari v n\u00e1rodn\u00edch parc\u00edch Ngorongoro, Tarangire a Lake Manyara. Eileen&#8217;s Trees Inn nab\u00edz\u00ed velmi p\u0159\u00edjemn\u00e9 ubytov\u00e1n\u00ed st\u0159edn\u00ed cenov\u00e9 kategorie&#8230;<\/p>\n","protected":false},"author":1,"featured_media":0,"parent":2300,"menu_order":6,"comment_status":"closed","ping_status":"closed","template":"","meta":{"_monsterinsights_skip_tracking":false,"_monsterinsights_sitenote_active":false,"_monsterinsights_sitenote_note":"","_monsterinsights_sitenote_category":0,"_kad_post_transparent":"","_kad_post_title":"","_kad_post_layout":"","_kad_post_sidebar_id":"","_kad_post_content_style":"","_kad_post_vertical_padding":"","_kad_post_feature":"","_kad_post_feature_position":"","_kad_post_header":false,"_kad_post_footer":false,"_kad_post_classname":"","jetpack_post_was_ever_published":false,"footnotes":""},"class_list":["post-902","page","type-page","status-publish","hentry"],"yoast_head":"<!-- This site is optimized with the Yoast SEO plugin v27.5 - https:\/\/yoast.com\/product\/yoast-seo-wordpress\/ -->\n<title>Eileen&#039;s Trees Inn - DOVOLEN\u00c1 V TANZANII<\/title>\n<meta name=\"robots\" content=\"index, follow, max-snippet:-1, max-image-preview:large, max-video-preview:-1\" \/>\n<link rel=\"canonical\" href=\"https:\/\/www.kilimandzaro-safari.cz\/index.php\/ubytovani-v-tanzanii\/eileens-trees-inn\/\" \/>\n<meta property=\"og:locale\" content=\"cs_CZ\" \/>\n<meta property=\"og:type\" content=\"article\" \/>\n<meta property=\"og:title\" content=\"Eileen&#039;s Trees Inn - DOVOLEN\u00c1 V TANZANII\" \/>\n<meta property=\"og:description\" content=\"Eileen&#8217;s Trees Inn se nach\u00e1z\u00ed v m\u011bste\u010dku Karatu, p\u0159ibli\u017en\u011b 2 hodiny j\u00edzdy z Arushi, 3 hodiny j\u00edzdy z Kilimanjaro International Airport (JRO) and a p\u016fl hodiny j\u00edzdy z Manyara Airport (LKY). Je velmi v\u00fdhodnou z\u00e1kladnou pro safari v n\u00e1rodn\u00edch parc\u00edch Ngorongoro, Tarangire a Lake Manyara. Eileen&#8217;s Trees Inn nab\u00edz\u00ed velmi p\u0159\u00edjemn\u00e9 ubytov\u00e1n\u00ed st\u0159edn\u00ed cenov\u00e9 kategorie...\" \/>\n<meta property=\"og:url\" content=\"https:\/\/www.kilimandzaro-safari.cz\/index.php\/ubytovani-v-tanzanii\/eileens-trees-inn\/\" \/>\n<meta property=\"og:site_name\" content=\"DOVOLEN\u00c1 V TANZANII\" \/>\n<meta property=\"article:modified_time\" content=\"2023-03-26T10:35:06+00:00\" \/>\n<meta property=\"og:image\" content=\"https:\/\/www.kilimandzaro-safari.cz\/wp-content\/uploads\/2019\/03\/Rooms3.jpg\" \/>\n\t<meta property=\"og:image:width\" content=\"643\" \/>\n\t<meta property=\"og:image:height\" content=\"480\" \/>\n\t<meta property=\"og:image:type\" content=\"image\/jpeg\" \/>\n<meta name=\"twitter:card\" content=\"summary_large_image\" \/>\n<meta name=\"twitter:label1\" content=\"Odhadovan\u00e1 doba \u010dten\u00ed\" \/>\n\t<meta name=\"twitter:data1\" content=\"4 minuty\" \/>\n<script type=\"application\/ld+json\" class=\"yoast-schema-graph\">{\"@context\":\"https:\\\/\\\/schema.org\",\"@graph\":[{\"@type\":\"WebPage\",\"@id\":\"https:\\\/\\\/www.kilimandzaro-safari.cz\\\/index.php\\\/ubytovani-v-tanzanii\\\/eileens-trees-inn\\\/\",\"url\":\"https:\\\/\\\/www.kilimandzaro-safari.cz\\\/index.php\\\/ubytovani-v-tanzanii\\\/eileens-trees-inn\\\/\",\"name\":\"Eileen's Trees Inn - DOVOLEN\u00c1 V TANZANII\",\"isPartOf\":{\"@id\":\"https:\\\/\\\/www.kilimandzaro-safari.cz\\\/#website\"},\"primaryImageOfPage\":{\"@id\":\"https:\\\/\\\/www.kilimandzaro-safari.cz\\\/index.php\\\/ubytovani-v-tanzanii\\\/eileens-trees-inn\\\/#primaryimage\"},\"image\":{\"@id\":\"https:\\\/\\\/www.kilimandzaro-safari.cz\\\/index.php\\\/ubytovani-v-tanzanii\\\/eileens-trees-inn\\\/#primaryimage\"},\"thumbnailUrl\":\"https:\\\/\\\/www.kilimandzaro-safari.cz\\\/wp-content\\\/uploads\\\/2019\\\/03\\\/Rooms3.jpg\",\"datePublished\":\"2019-03-12T15:09:19+00:00\",\"dateModified\":\"2023-03-26T10:35:06+00:00\",\"breadcrumb\":{\"@id\":\"https:\\\/\\\/www.kilimandzaro-safari.cz\\\/index.php\\\/ubytovani-v-tanzanii\\\/eileens-trees-inn\\\/#breadcrumb\"},\"inLanguage\":\"cs\",\"potentialAction\":[{\"@type\":\"ReadAction\",\"target\":[\"https:\\\/\\\/www.kilimandzaro-safari.cz\\\/index.php\\\/ubytovani-v-tanzanii\\\/eileens-trees-inn\\\/\"]}]},{\"@type\":\"ImageObject\",\"inLanguage\":\"cs\",\"@id\":\"https:\\\/\\\/www.kilimandzaro-safari.cz\\\/index.php\\\/ubytovani-v-tanzanii\\\/eileens-trees-inn\\\/#primaryimage\",\"url\":\"https:\\\/\\\/www.kilimandzaro-safari.cz\\\/wp-content\\\/uploads\\\/2019\\\/03\\\/Rooms3.jpg\",\"contentUrl\":\"https:\\\/\\\/www.kilimandzaro-safari.cz\\\/wp-content\\\/uploads\\\/2019\\\/03\\\/Rooms3.jpg\",\"width\":643,\"height\":480,\"caption\":\"Zahradn\u00ed chatky\"},{\"@type\":\"BreadcrumbList\",\"@id\":\"https:\\\/\\\/www.kilimandzaro-safari.cz\\\/index.php\\\/ubytovani-v-tanzanii\\\/eileens-trees-inn\\\/#breadcrumb\",\"itemListElement\":[{\"@type\":\"ListItem\",\"position\":1,\"name\":\"Dom\u016f\",\"item\":\"https:\\\/\\\/www.kilimandzaro-safari.cz\\\/\"},{\"@type\":\"ListItem\",\"position\":2,\"name\":\"Ubytov\u00e1n\u00ed v Tanzanii\",\"item\":\"https:\\\/\\\/www.kilimandzaro-safari.cz\\\/index.php\\\/ubytovani-v-tanzanii\\\/\"},{\"@type\":\"ListItem\",\"position\":3,\"name\":\"Eileen&#8217;s Trees Inn\"}]},{\"@type\":\"WebSite\",\"@id\":\"https:\\\/\\\/www.kilimandzaro-safari.cz\\\/#website\",\"url\":\"https:\\\/\\\/www.kilimandzaro-safari.cz\\\/\",\"name\":\"DOVOLEN\u00c1 V TANZANII\",\"description\":\"Exotick\u00e1 dovolen\u00e1 v Tanzanii za atraktivn\u00ed ceny od m\u00edstn\u00ed CK. V\u00fdstup na Kilimand\u017e\u00e1ro a Mt. Meru, safari v Serengeti, Ngorongoro a dal\u0161\u00edch parc\u00edch, trek za \u0161impanzi, n\u00e1v\u0161t\u011bva Masaj\u016f i pobyt na kr\u00e1sn\u00fdch pl\u00e1\u017e\u00edch ostrova Zanzibar. Program na m\u00edru.\",\"publisher\":{\"@id\":\"https:\\\/\\\/www.kilimandzaro-safari.cz\\\/#organization\"},\"potentialAction\":[{\"@type\":\"SearchAction\",\"target\":{\"@type\":\"EntryPoint\",\"urlTemplate\":\"https:\\\/\\\/www.kilimandzaro-safari.cz\\\/?s={search_term_string}\"},\"query-input\":{\"@type\":\"PropertyValueSpecification\",\"valueRequired\":true,\"valueName\":\"search_term_string\"}}],\"inLanguage\":\"cs\"},{\"@type\":\"Organization\",\"@id\":\"https:\\\/\\\/www.kilimandzaro-safari.cz\\\/#organization\",\"name\":\"DOVOLEN\u00c1 V TANZANII\",\"url\":\"https:\\\/\\\/www.kilimandzaro-safari.cz\\\/\",\"logo\":{\"@type\":\"ImageObject\",\"inLanguage\":\"cs\",\"@id\":\"https:\\\/\\\/www.kilimandzaro-safari.cz\\\/#\\\/schema\\\/logo\\\/image\\\/\",\"url\":\"https:\\\/\\\/www.kilimandzaro-safari.cz\\\/wp-content\\\/uploads\\\/2025\\\/02\\\/rsz_merulogo.jpg\",\"contentUrl\":\"https:\\\/\\\/www.kilimandzaro-safari.cz\\\/wp-content\\\/uploads\\\/2025\\\/02\\\/rsz_merulogo.jpg\",\"width\":782,\"height\":381,\"caption\":\"DOVOLEN\u00c1 V TANZANII\"},\"image\":{\"@id\":\"https:\\\/\\\/www.kilimandzaro-safari.cz\\\/#\\\/schema\\\/logo\\\/image\\\/\"}}]}<\/script>\n<!-- \/ Yoast SEO plugin. -->","yoast_head_json":{"title":"Eileen's Trees Inn - DOVOLEN\u00c1 V TANZANII","robots":{"index":"index","follow":"follow","max-snippet":"max-snippet:-1","max-image-preview":"max-image-preview:large","max-video-preview":"max-video-preview:-1"},"canonical":"https:\/\/www.kilimandzaro-safari.cz\/index.php\/ubytovani-v-tanzanii\/eileens-trees-inn\/","og_locale":"cs_CZ","og_type":"article","og_title":"Eileen's Trees Inn - DOVOLEN\u00c1 V TANZANII","og_description":"Eileen&#8217;s Trees Inn se nach\u00e1z\u00ed v m\u011bste\u010dku Karatu, p\u0159ibli\u017en\u011b 2 hodiny j\u00edzdy z Arushi, 3 hodiny j\u00edzdy z Kilimanjaro International Airport (JRO) and a p\u016fl hodiny j\u00edzdy z Manyara Airport (LKY). Je velmi v\u00fdhodnou z\u00e1kladnou pro safari v n\u00e1rodn\u00edch parc\u00edch Ngorongoro, Tarangire a Lake Manyara. Eileen&#8217;s Trees Inn nab\u00edz\u00ed velmi p\u0159\u00edjemn\u00e9 ubytov\u00e1n\u00ed st\u0159edn\u00ed cenov\u00e9 kategorie...","og_url":"https:\/\/www.kilimandzaro-safari.cz\/index.php\/ubytovani-v-tanzanii\/eileens-trees-inn\/","og_site_name":"DOVOLEN\u00c1 V TANZANII","article_modified_time":"2023-03-26T10:35:06+00:00","og_image":[{"width":643,"height":480,"url":"https:\/\/www.kilimandzaro-safari.cz\/wp-content\/uploads\/2019\/03\/Rooms3.jpg","type":"image\/jpeg"}],"twitter_card":"summary_large_image","twitter_misc":{"Odhadovan\u00e1 doba \u010dten\u00ed":"4 minuty"},"schema":{"@context":"https:\/\/schema.org","@graph":[{"@type":"WebPage","@id":"https:\/\/www.kilimandzaro-safari.cz\/index.php\/ubytovani-v-tanzanii\/eileens-trees-inn\/","url":"https:\/\/www.kilimandzaro-safari.cz\/index.php\/ubytovani-v-tanzanii\/eileens-trees-inn\/","name":"Eileen's Trees Inn - DOVOLEN\u00c1 V TANZANII","isPartOf":{"@id":"https:\/\/www.kilimandzaro-safari.cz\/#website"},"primaryImageOfPage":{"@id":"https:\/\/www.kilimandzaro-safari.cz\/index.php\/ubytovani-v-tanzanii\/eileens-trees-inn\/#primaryimage"},"image":{"@id":"https:\/\/www.kilimandzaro-safari.cz\/index.php\/ubytovani-v-tanzanii\/eileens-trees-inn\/#primaryimage"},"thumbnailUrl":"https:\/\/www.kilimandzaro-safari.cz\/wp-content\/uploads\/2019\/03\/Rooms3.jpg","datePublished":"2019-03-12T15:09:19+00:00","dateModified":"2023-03-26T10:35:06+00:00","breadcrumb":{"@id":"https:\/\/www.kilimandzaro-safari.cz\/index.php\/ubytovani-v-tanzanii\/eileens-trees-inn\/#breadcrumb"},"inLanguage":"cs","potentialAction":[{"@type":"ReadAction","target":["https:\/\/www.kilimandzaro-safari.cz\/index.php\/ubytovani-v-tanzanii\/eileens-trees-inn\/"]}]},{"@type":"ImageObject","inLanguage":"cs","@id":"https:\/\/www.kilimandzaro-safari.cz\/index.php\/ubytovani-v-tanzanii\/eileens-trees-inn\/#primaryimage","url":"https:\/\/www.kilimandzaro-safari.cz\/wp-content\/uploads\/2019\/03\/Rooms3.jpg","contentUrl":"https:\/\/www.kilimandzaro-safari.cz\/wp-content\/uploads\/2019\/03\/Rooms3.jpg","width":643,"height":480,"caption":"Zahradn\u00ed chatky"},{"@type":"BreadcrumbList","@id":"https:\/\/www.kilimandzaro-safari.cz\/index.php\/ubytovani-v-tanzanii\/eileens-trees-inn\/#breadcrumb","itemListElement":[{"@type":"ListItem","position":1,"name":"Dom\u016f","item":"https:\/\/www.kilimandzaro-safari.cz\/"},{"@type":"ListItem","position":2,"name":"Ubytov\u00e1n\u00ed v Tanzanii","item":"https:\/\/www.kilimandzaro-safari.cz\/index.php\/ubytovani-v-tanzanii\/"},{"@type":"ListItem","position":3,"name":"Eileen&#8217;s Trees Inn"}]},{"@type":"WebSite","@id":"https:\/\/www.kilimandzaro-safari.cz\/#website","url":"https:\/\/www.kilimandzaro-safari.cz\/","name":"DOVOLEN\u00c1 V TANZANII","description":"Exotick\u00e1 dovolen\u00e1 v Tanzanii za atraktivn\u00ed ceny od m\u00edstn\u00ed CK. V\u00fdstup na Kilimand\u017e\u00e1ro a Mt. Meru, safari v Serengeti, Ngorongoro a dal\u0161\u00edch parc\u00edch, trek za \u0161impanzi, n\u00e1v\u0161t\u011bva Masaj\u016f i pobyt na kr\u00e1sn\u00fdch pl\u00e1\u017e\u00edch ostrova Zanzibar. Program na m\u00edru.","publisher":{"@id":"https:\/\/www.kilimandzaro-safari.cz\/#organization"},"potentialAction":[{"@type":"SearchAction","target":{"@type":"EntryPoint","urlTemplate":"https:\/\/www.kilimandzaro-safari.cz\/?s={search_term_string}"},"query-input":{"@type":"PropertyValueSpecification","valueRequired":true,"valueName":"search_term_string"}}],"inLanguage":"cs"},{"@type":"Organization","@id":"https:\/\/www.kilimandzaro-safari.cz\/#organization","name":"DOVOLEN\u00c1 V TANZANII","url":"https:\/\/www.kilimandzaro-safari.cz\/","logo":{"@type":"ImageObject","inLanguage":"cs","@id":"https:\/\/www.kilimandzaro-safari.cz\/#\/schema\/logo\/image\/","url":"https:\/\/www.kilimandzaro-safari.cz\/wp-content\/uploads\/2025\/02\/rsz_merulogo.jpg","contentUrl":"https:\/\/www.kilimandzaro-safari.cz\/wp-content\/uploads\/2025\/02\/rsz_merulogo.jpg","width":782,"height":381,"caption":"DOVOLEN\u00c1 V TANZANII"},"image":{"@id":"https:\/\/www.kilimandzaro-safari.cz\/#\/schema\/logo\/image\/"}}]}},"jetpack_sharing_enabled":true,"jetpack_shortlink":"https:\/\/wp.me\/PapSWj-ey","_links":{"self":[{"href":"https:\/\/www.kilimandzaro-safari.cz\/index.php\/wp-json\/wp\/v2\/pages\/902","targetHints":{"allow":["GET"]}}],"collection":[{"href":"https:\/\/www.kilimandzaro-safari.cz\/index.php\/wp-json\/wp\/v2\/pages"}],"about":[{"href":"https:\/\/www.kilimandzaro-safari.cz\/index.php\/wp-json\/wp\/v2\/types\/page"}],"author":[{"embeddable":true,"href":"https:\/\/www.kilimandzaro-safari.cz\/index.php\/wp-json\/wp\/v2\/users\/1"}],"replies":[{"embeddable":true,"href":"https:\/\/www.kilimandzaro-safari.cz\/index.php\/wp-json\/wp\/v2\/comments?post=902"}],"version-history":[{"count":18,"href":"https:\/\/www.kilimandzaro-safari.cz\/index.php\/wp-json\/wp\/v2\/pages\/902\/revisions"}],"predecessor-version":[{"id":9038,"href":"https:\/\/www.kilimandzaro-safari.cz\/index.php\/wp-json\/wp\/v2\/pages\/902\/revisions\/9038"}],"up":[{"embeddable":true,"href":"https:\/\/www.kilimandzaro-safari.cz\/index.php\/wp-json\/wp\/v2\/pages\/2300"}],"wp:attachment":[{"href":"https:\/\/www.kilimandzaro-safari.cz\/index.php\/wp-json\/wp\/v2\/media?parent=902"}],"curies":[{"name":"wp","href":"https:\/\/api.w.org\/{rel}","templated":true}]}}